{"id":664,"date":"2023-08-14T03:03:42","date_gmt":"2023-08-14T03:03:42","guid":{"rendered":"https:\/\/batani.vn\/?post_type=product&#038;p=664"},"modified":"2023-08-14T03:04:18","modified_gmt":"2023-08-14T03:04:18","slug":"bep-ga-batani-ba-88u","status":"publish","type":"product","link":"https:\/\/batani.vn\/?product=bep-ga-batani-ba-88u","title":{"rendered":"B\u1ebfp ga Batani BA-88U"},"content":{"rendered":"<p><strong>Th\u00f4ng s\u1ed1 k\u1ef9 thu\u1eadt c\u1ee7a b\u1ebfp ga Batani BA-88U<\/strong><br \/>\n\u0110\u00e1nh l\u1eeda IC t\u1ef1 \u0111\u1ed9ng d\u00f9ng pin<br \/>\nC\u1ea3m \u1ee9ng ng\u1eaft ga t\u1ef1 \u0111\u1ed9ng<br \/>\nC\u1ee5m van b\u1eb1ng h\u1ee3p kim<br \/>\nB\u00e1t v\u00e0 p\u00e9p b\u1eb1ng \u0111\u1ed3ng ph\u1ee7 g\u1ed1m ch\u1ecbu l\u1ef1c<br \/>\nM\u1eaft k\u00ednh ch\u1ecbu l\u1ef1c ch\u1ecbu nhi\u1ec7t d\u00e0y 8mm<br \/>\nKi\u1ec1ng gang \u0111\u1ed9c l\u1eadp, khay inox<br \/>\nK\u00edch th\u01b0\u1edbc : 750 x 440 mm<br \/>\nK\u00edch th\u01b0\u1edbc kho\u00e9t \u0111\u00e1 : 680 x 380 mm<\/p>\n","protected":false},"excerpt":{"rendered":"<p>Th\u00f4ng s\u1ed1 k\u1ef9 thu\u1eadt c\u1ee7a b\u1ebfp ga Batani BA-88U \u0110\u00e1nh l\u1eeda IC t\u1ef1 \u0111\u1ed9ng d\u00f9ng pin C\u1ea3m \u1ee9ng ng\u1eaft ga t\u1ef1 \u0111\u1ed9ng C\u1ee5m van b\u1eb1ng h\u1ee3p kim B\u00e1t v\u00e0 p\u00e9p b\u1eb1ng \u0111\u1ed3ng ph\u1ee7 g\u1ed1m ch\u1ecbu l\u1ef1c M\u1eaft k\u00ednh ch\u1ecbu l\u1ef1c ch\u1ecbu nhi\u1ec7t d\u00e0y 8mm Ki\u1ec1ng gang \u0111\u1ed9c l\u1eadp, khay inox K\u00edch th\u01b0\u1edbc : 750 x [&#8230;]\n","protected":false},"featured_media":665,"comment_status":"open","ping_status":"closed","template":"","meta":[],"product_cat":[25],"product_tag":[],"class_list":{"0":"post-664","1":"product","2":"type-product","3":"status-publish","4":"has-post-thumbnail","6":"product_cat-bep-gas-am","8":"first","9":"instock","10":"shipping-taxable","11":"purchasable","12":"product-type-simple"},"yoast_head":"<!-- This site is optimized with the Yoast SEO plugin v18.8 - https:\/\/yoast.com\/wordpress\/plugins\/seo\/ -->\n<title>B\u1ebfp ga Batani BA-88U - Batani<\/title>\n<meta name=\"robots\" content=\"index, follow, max-snippet:-1, max-image-preview:large, max-video-preview:-1\" \/>\n<link rel=\"canonical\" href=\"https:\/\/batani.vn\/?product=bep-ga-batani-ba-88u\" \/>\n<meta property=\"og:locale\" content=\"vi_VN\" \/>\n<meta property=\"og:type\" content=\"article\" \/>\n<meta property=\"og:title\" content=\"B\u1ebfp ga Batani BA-88U - Batani\" \/>\n<meta property=\"og:description\" content=\"Th\u00f4ng s\u1ed1 k\u1ef9 thu\u1eadt c\u1ee7a b\u1ebfp ga Batani BA-88U \u0110\u00e1nh l\u1eeda IC t\u1ef1 \u0111\u1ed9ng d\u00f9ng pin C\u1ea3m \u1ee9ng ng\u1eaft ga t\u1ef1 \u0111\u1ed9ng C\u1ee5m van b\u1eb1ng h\u1ee3p kim B\u00e1t v\u00e0 p\u00e9p b\u1eb1ng \u0111\u1ed3ng ph\u1ee7 g\u1ed1m ch\u1ecbu l\u1ef1c M\u1eaft k\u00ednh ch\u1ecbu l\u1ef1c ch\u1ecbu nhi\u1ec7t d\u00e0y 8mm Ki\u1ec1ng gang \u0111\u1ed9c l\u1eadp, khay inox K\u00edch th\u01b0\u1edbc : 750 x [...]\" \/>\n<meta property=\"og:url\" content=\"https:\/\/batani.vn\/?product=bep-ga-batani-ba-88u\" \/>\n<meta property=\"og:site_name\" content=\"Batani\" \/>\n<meta property=\"article:modified_time\" content=\"2023-08-14T03:04:18+00:00\" \/>\n<meta property=\"og:image\" content=\"https:\/\/batani.vn\/wp-content\/uploads\/2023\/08\/bep-ga-batani-ba-88u.jpg\" \/>\n\t<meta property=\"og:image:width\" content=\"600\" \/>\n\t<meta property=\"og:image:height\" content=\"600\" \/>\n\t<meta property=\"og:image:type\" content=\"image\/jpeg\" \/>\n<meta name=\"twitter:card\" content=\"summary_large_image\" \/>\n<script type=\"application\/ld+json\" class=\"yoast-schema-graph\">{\"@context\":\"https:\/\/schema.org\",\"@graph\":[{\"@type\":\"WebSite\",\"@id\":\"https:\/\/batani.vn\/#website\",\"url\":\"https:\/\/batani.vn\/\",\"name\":\"Batani\",\"description\":\"Thi\u1ebft b\u1ecb nh\u00e0 b\u1ebfp cao c\u1ea5p Batani\",\"potentialAction\":[{\"@type\":\"SearchAction\",\"target\":{\"@type\":\"EntryPoint\",\"urlTemplate\":\"https:\/\/batani.vn\/?s={search_term_string}\"},\"query-input\":\"required name=search_term_string\"}],\"inLanguage\":\"vi\"},{\"@type\":\"ImageObject\",\"inLanguage\":\"vi\",\"@id\":\"https:\/\/batani.vn\/?product=bep-ga-batani-ba-88u#primaryimage\",\"url\":\"https:\/\/batani.vn\/wp-content\/uploads\/2023\/08\/bep-ga-batani-ba-88u.jpg\",\"contentUrl\":\"https:\/\/batani.vn\/wp-content\/uploads\/2023\/08\/bep-ga-batani-ba-88u.jpg\",\"width\":600,\"height\":600},{\"@type\":\"WebPage\",\"@id\":\"https:\/\/batani.vn\/?product=bep-ga-batani-ba-88u#webpage\",\"url\":\"https:\/\/batani.vn\/?product=bep-ga-batani-ba-88u\",\"name\":\"B\u1ebfp ga Batani BA-88U - Batani\",\"isPartOf\":{\"@id\":\"https:\/\/batani.vn\/#website\"},\"primaryImageOfPage\":{\"@id\":\"https:\/\/batani.vn\/?product=bep-ga-batani-ba-88u#primaryimage\"},\"datePublished\":\"2023-08-14T03:03:42+00:00\",\"dateModified\":\"2023-08-14T03:04:18+00:00\",\"breadcrumb\":{\"@id\":\"https:\/\/batani.vn\/?product=bep-ga-batani-ba-88u#breadcrumb\"},\"inLanguage\":\"vi\",\"potentialAction\":[{\"@type\":\"ReadAction\",\"target\":[\"https:\/\/batani.vn\/?product=bep-ga-batani-ba-88u\"]}]},{\"@type\":\"BreadcrumbList\",\"@id\":\"https:\/\/batani.vn\/?product=bep-ga-batani-ba-88u#breadcrumb\",\"itemListElement\":[{\"@type\":\"ListItem\",\"position\":1,\"name\":\"Trang ch\u1ee7\",\"item\":\"https:\/\/batani.vn\/\"},{\"@type\":\"ListItem\",\"position\":2,\"name\":\"C\u1eeda h\u00e0ng\",\"item\":\"https:\/\/batani.vn\/?page_id=6\"},{\"@type\":\"ListItem\",\"position\":3,\"name\":\"B\u1ebfp ga Batani BA-88U\"}]}]}<\/script>\n<!-- \/ Yoast SEO plugin. -->","yoast_head_json":{"title":"B\u1ebfp ga Batani BA-88U - Batani","robots":{"index":"index","follow":"follow","max-snippet":"max-snippet:-1","max-image-preview":"max-image-preview:large","max-video-preview":"max-video-preview:-1"},"canonical":"https:\/\/batani.vn\/?product=bep-ga-batani-ba-88u","og_locale":"vi_VN","og_type":"article","og_title":"B\u1ebfp ga Batani BA-88U - Batani","og_description":"Th\u00f4ng s\u1ed1 k\u1ef9 thu\u1eadt c\u1ee7a b\u1ebfp ga Batani BA-88U \u0110\u00e1nh l\u1eeda IC t\u1ef1 \u0111\u1ed9ng d\u00f9ng pin C\u1ea3m \u1ee9ng ng\u1eaft ga t\u1ef1 \u0111\u1ed9ng C\u1ee5m van b\u1eb1ng h\u1ee3p kim B\u00e1t v\u00e0 p\u00e9p b\u1eb1ng \u0111\u1ed3ng ph\u1ee7 g\u1ed1m ch\u1ecbu l\u1ef1c M\u1eaft k\u00ednh ch\u1ecbu l\u1ef1c ch\u1ecbu nhi\u1ec7t d\u00e0y 8mm Ki\u1ec1ng gang \u0111\u1ed9c l\u1eadp, khay inox K\u00edch th\u01b0\u1edbc : 750 x [...]","og_url":"https:\/\/batani.vn\/?product=bep-ga-batani-ba-88u","og_site_name":"Batani","article_modified_time":"2023-08-14T03:04:18+00:00","og_image":[{"width":600,"height":600,"url":"https:\/\/batani.vn\/wp-content\/uploads\/2023\/08\/bep-ga-batani-ba-88u.jpg","type":"image\/jpeg"}],"twitter_card":"summary_large_image","schema":{"@context":"https:\/\/schema.org","@graph":[{"@type":"WebSite","@id":"https:\/\/batani.vn\/#website","url":"https:\/\/batani.vn\/","name":"Batani","description":"Thi\u1ebft b\u1ecb nh\u00e0 b\u1ebfp cao c\u1ea5p Batani","potentialAction":[{"@type":"SearchAction","target":{"@type":"EntryPoint","urlTemplate":"https:\/\/batani.vn\/?s={search_term_string}"},"query-input":"required name=search_term_string"}],"inLanguage":"vi"},{"@type":"ImageObject","inLanguage":"vi","@id":"https:\/\/batani.vn\/?product=bep-ga-batani-ba-88u#primaryimage","url":"https:\/\/batani.vn\/wp-content\/uploads\/2023\/08\/bep-ga-batani-ba-88u.jpg","contentUrl":"https:\/\/batani.vn\/wp-content\/uploads\/2023\/08\/bep-ga-batani-ba-88u.jpg","width":600,"height":600},{"@type":"WebPage","@id":"https:\/\/batani.vn\/?product=bep-ga-batani-ba-88u#webpage","url":"https:\/\/batani.vn\/?product=bep-ga-batani-ba-88u","name":"B\u1ebfp ga Batani BA-88U - Batani","isPartOf":{"@id":"https:\/\/batani.vn\/#website"},"primaryImageOfPage":{"@id":"https:\/\/batani.vn\/?product=bep-ga-batani-ba-88u#primaryimage"},"datePublished":"2023-08-14T03:03:42+00:00","dateModified":"2023-08-14T03:04:18+00:00","breadcrumb":{"@id":"https:\/\/batani.vn\/?product=bep-ga-batani-ba-88u#breadcrumb"},"inLanguage":"vi","potentialAction":[{"@type":"ReadAction","target":["https:\/\/batani.vn\/?product=bep-ga-batani-ba-88u"]}]},{"@type":"BreadcrumbList","@id":"https:\/\/batani.vn\/?product=bep-ga-batani-ba-88u#breadcrumb","itemListElement":[{"@type":"ListItem","position":1,"name":"Trang ch\u1ee7","item":"https:\/\/batani.vn\/"},{"@type":"ListItem","position":2,"name":"C\u1eeda h\u00e0ng","item":"https:\/\/batani.vn\/?page_id=6"},{"@type":"ListItem","position":3,"name":"B\u1ebfp ga Batani BA-88U"}]}]}},"_links":{"self":[{"href":"https:\/\/batani.vn\/index.php?rest_route=\/wp\/v2\/product\/664","targetHints":{"allow":["GET"]}}],"collection":[{"href":"https:\/\/batani.vn\/index.php?rest_route=\/wp\/v2\/product"}],"about":[{"href":"https:\/\/batani.vn\/index.php?rest_route=\/wp\/v2\/types\/product"}],"replies":[{"embeddable":true,"href":"https:\/\/batani.vn\/index.php?rest_route=%2Fwp%2Fv2%2Fcomments&post=664"}],"wp:featuredmedia":[{"embeddable":true,"href":"https:\/\/batani.vn\/index.php?rest_route=\/wp\/v2\/media\/665"}],"wp:attachment":[{"href":"https:\/\/batani.vn\/index.php?rest_route=%2Fwp%2Fv2%2Fmedia&parent=664"}],"wp:term":[{"taxonomy":"product_cat","embeddable":true,"href":"https:\/\/batani.vn\/index.php?rest_route=%2Fwp%2Fv2%2Fproduct_cat&post=664"},{"taxonomy":"product_tag","embeddable":true,"href":"https:\/\/batani.vn\/index.php?rest_route=%2Fwp%2Fv2%2Fproduct_tag&post=664"}],"curies":[{"name":"wp","href":"https:\/\/api.w.org\/{rel}","templated":true}]}}