{"id":654,"date":"2023-08-14T02:37:06","date_gmt":"2023-08-14T02:37:06","guid":{"rendered":"https:\/\/batani.vn\/?post_type=product&#038;p=654"},"modified":"2023-08-14T02:37:06","modified_gmt":"2023-08-14T02:37:06","slug":"bep-ga-batani-ba-88t","status":"publish","type":"product","link":"https:\/\/batani.vn\/?product=bep-ga-batani-ba-88t","title":{"rendered":"B\u1ebfp ga Batani BA-88T"},"content":{"rendered":"<p><strong>Th\u00f4ng s\u1ed1 k\u1ef9 thu\u1eadt c\u1ee7a b\u1ebfp ga Batani BA-88T<\/strong><br \/>\nB\u1ebfp ga \u00e2m 02 l\u00f2 n\u1ea5u ( 03 + 03 v\u00f2ng l\u1eeda )<br \/>\n\u0110\u00e1nh l\u1eeda IC\u00a0t\u1ef1 \u0111\u1ed9ng d\u00f9ng pin<br \/>\nC\u1ea3m \u1ee9ng ng\u1eaft gas t\u1ef1 \u0111\u1ed9ng, c\u1ee5m van b\u1eb1ng h\u1ee3p kim<br \/>\nB\u00e1t v\u00e0 pep b\u1eb1ng \u0111\u1ed3ng ph\u1ee7 g\u1ed1m ch\u1ecbu l\u1ef1c<br \/>\nM\u1eb7t k\u00ednh ch\u1ecbu l\u1ef1c, ch\u1ecbu nhi\u1ec7t d\u00e0y 8mm<br \/>\nM\u00e0u s\u1eafc k\u00ednh \u0111en tuy\u1ec1n<br \/>\nK\u00edch th\u01b0\u1edbc m\u1eb7t k\u00ednh : 750x450mm<br \/>\nK\u00edch th\u01b0\u1edbc kho\u00e9t \u0111\u00e1 : 680x380mm<br \/>\nKi\u1ec1ng gang \u0111\u1ed9c l\u1eadp, khay inox 304, ch\u1ecbu nhi\u1ec7t<br \/>\nN\u00fam b\u1eb1ng th\u00e9p<\/p>\n","protected":false},"excerpt":{"rendered":"<p>Th\u00f4ng s\u1ed1 k\u1ef9 thu\u1eadt c\u1ee7a b\u1ebfp ga Batani BA-88T B\u1ebfp ga \u00e2m 02 l\u00f2 n\u1ea5u ( 03 + 03 v\u00f2ng l\u1eeda ) \u0110\u00e1nh l\u1eeda IC\u00a0t\u1ef1 \u0111\u1ed9ng d\u00f9ng pin C\u1ea3m \u1ee9ng ng\u1eaft gas t\u1ef1 \u0111\u1ed9ng, c\u1ee5m van b\u1eb1ng h\u1ee3p kim B\u00e1t v\u00e0 pep b\u1eb1ng \u0111\u1ed3ng ph\u1ee7 g\u1ed1m ch\u1ecbu l\u1ef1c M\u1eb7t k\u00ednh ch\u1ecbu l\u1ef1c, ch\u1ecbu nhi\u1ec7t d\u00e0y [&#8230;]\n","protected":false},"featured_media":655,"comment_status":"open","ping_status":"closed","template":"","meta":[],"product_cat":[25],"product_tag":[],"class_list":{"0":"post-654","1":"product","2":"type-product","3":"status-publish","4":"has-post-thumbnail","6":"product_cat-bep-gas-am","8":"first","9":"instock","10":"shipping-taxable","11":"purchasable","12":"product-type-simple"},"yoast_head":"<!-- This site is optimized with the Yoast SEO plugin v18.8 - https:\/\/yoast.com\/wordpress\/plugins\/seo\/ -->\n<title>B\u1ebfp ga Batani BA-88T - Batani<\/title>\n<meta name=\"robots\" content=\"index, follow, max-snippet:-1, max-image-preview:large, max-video-preview:-1\" \/>\n<link rel=\"canonical\" href=\"https:\/\/batani.vn\/?product=bep-ga-batani-ba-88t\" \/>\n<meta property=\"og:locale\" content=\"vi_VN\" \/>\n<meta property=\"og:type\" content=\"article\" \/>\n<meta property=\"og:title\" content=\"B\u1ebfp ga Batani BA-88T - Batani\" \/>\n<meta property=\"og:description\" content=\"Th\u00f4ng s\u1ed1 k\u1ef9 thu\u1eadt c\u1ee7a b\u1ebfp ga Batani BA-88T B\u1ebfp ga \u00e2m 02 l\u00f2 n\u1ea5u ( 03 + 03 v\u00f2ng l\u1eeda ) \u0110\u00e1nh l\u1eeda IC\u00a0t\u1ef1 \u0111\u1ed9ng d\u00f9ng pin C\u1ea3m \u1ee9ng ng\u1eaft gas t\u1ef1 \u0111\u1ed9ng, c\u1ee5m van b\u1eb1ng h\u1ee3p kim B\u00e1t v\u00e0 pep b\u1eb1ng \u0111\u1ed3ng ph\u1ee7 g\u1ed1m ch\u1ecbu l\u1ef1c M\u1eb7t k\u00ednh ch\u1ecbu l\u1ef1c, ch\u1ecbu nhi\u1ec7t d\u00e0y [...]\" \/>\n<meta property=\"og:url\" content=\"https:\/\/batani.vn\/?product=bep-ga-batani-ba-88t\" \/>\n<meta property=\"og:site_name\" content=\"Batani\" \/>\n<meta property=\"og:image\" content=\"https:\/\/batani.vn\/wp-content\/uploads\/2023\/08\/bep-ga-am-batani-ba-88t.jpg\" \/>\n\t<meta property=\"og:image:width\" content=\"600\" \/>\n\t<meta property=\"og:image:height\" content=\"600\" \/>\n\t<meta property=\"og:image:type\" content=\"image\/jpeg\" \/>\n<meta name=\"twitter:card\" content=\"summary_large_image\" \/>\n<meta name=\"twitter:label1\" content=\"\u01af\u1edbc t\u00ednh th\u1eddi gian \u0111\u1ecdc\" \/>\n\t<meta name=\"twitter:data1\" content=\"1 ph\u00fat\" \/>\n<script type=\"application\/ld+json\" class=\"yoast-schema-graph\">{\"@context\":\"https:\/\/schema.org\",\"@graph\":[{\"@type\":\"WebSite\",\"@id\":\"https:\/\/batani.vn\/#website\",\"url\":\"https:\/\/batani.vn\/\",\"name\":\"Batani\",\"description\":\"Thi\u1ebft b\u1ecb nh\u00e0 b\u1ebfp cao c\u1ea5p Batani\",\"potentialAction\":[{\"@type\":\"SearchAction\",\"target\":{\"@type\":\"EntryPoint\",\"urlTemplate\":\"https:\/\/batani.vn\/?s={search_term_string}\"},\"query-input\":\"required name=search_term_string\"}],\"inLanguage\":\"vi\"},{\"@type\":\"ImageObject\",\"inLanguage\":\"vi\",\"@id\":\"https:\/\/batani.vn\/?product=bep-ga-batani-ba-88t#primaryimage\",\"url\":\"https:\/\/batani.vn\/wp-content\/uploads\/2023\/08\/bep-ga-am-batani-ba-88t.jpg\",\"contentUrl\":\"https:\/\/batani.vn\/wp-content\/uploads\/2023\/08\/bep-ga-am-batani-ba-88t.jpg\",\"width\":600,\"height\":600},{\"@type\":\"WebPage\",\"@id\":\"https:\/\/batani.vn\/?product=bep-ga-batani-ba-88t#webpage\",\"url\":\"https:\/\/batani.vn\/?product=bep-ga-batani-ba-88t\",\"name\":\"B\u1ebfp ga Batani BA-88T - Batani\",\"isPartOf\":{\"@id\":\"https:\/\/batani.vn\/#website\"},\"primaryImageOfPage\":{\"@id\":\"https:\/\/batani.vn\/?product=bep-ga-batani-ba-88t#primaryimage\"},\"datePublished\":\"2023-08-14T02:37:06+00:00\",\"dateModified\":\"2023-08-14T02:37:06+00:00\",\"breadcrumb\":{\"@id\":\"https:\/\/batani.vn\/?product=bep-ga-batani-ba-88t#breadcrumb\"},\"inLanguage\":\"vi\",\"potentialAction\":[{\"@type\":\"ReadAction\",\"target\":[\"https:\/\/batani.vn\/?product=bep-ga-batani-ba-88t\"]}]},{\"@type\":\"BreadcrumbList\",\"@id\":\"https:\/\/batani.vn\/?product=bep-ga-batani-ba-88t#breadcrumb\",\"itemListElement\":[{\"@type\":\"ListItem\",\"position\":1,\"name\":\"Trang ch\u1ee7\",\"item\":\"https:\/\/batani.vn\/\"},{\"@type\":\"ListItem\",\"position\":2,\"name\":\"C\u1eeda h\u00e0ng\",\"item\":\"https:\/\/batani.vn\/?page_id=6\"},{\"@type\":\"ListItem\",\"position\":3,\"name\":\"B\u1ebfp ga Batani BA-88T\"}]}]}<\/script>\n<!-- \/ Yoast SEO plugin. -->","yoast_head_json":{"title":"B\u1ebfp ga Batani BA-88T - Batani","robots":{"index":"index","follow":"follow","max-snippet":"max-snippet:-1","max-image-preview":"max-image-preview:large","max-video-preview":"max-video-preview:-1"},"canonical":"https:\/\/batani.vn\/?product=bep-ga-batani-ba-88t","og_locale":"vi_VN","og_type":"article","og_title":"B\u1ebfp ga Batani BA-88T - Batani","og_description":"Th\u00f4ng s\u1ed1 k\u1ef9 thu\u1eadt c\u1ee7a b\u1ebfp ga Batani BA-88T B\u1ebfp ga \u00e2m 02 l\u00f2 n\u1ea5u ( 03 + 03 v\u00f2ng l\u1eeda ) \u0110\u00e1nh l\u1eeda IC\u00a0t\u1ef1 \u0111\u1ed9ng d\u00f9ng pin C\u1ea3m \u1ee9ng ng\u1eaft gas t\u1ef1 \u0111\u1ed9ng, c\u1ee5m van b\u1eb1ng h\u1ee3p kim B\u00e1t v\u00e0 pep b\u1eb1ng \u0111\u1ed3ng ph\u1ee7 g\u1ed1m ch\u1ecbu l\u1ef1c M\u1eb7t k\u00ednh ch\u1ecbu l\u1ef1c, ch\u1ecbu nhi\u1ec7t d\u00e0y [...]","og_url":"https:\/\/batani.vn\/?product=bep-ga-batani-ba-88t","og_site_name":"Batani","og_image":[{"width":600,"height":600,"url":"https:\/\/batani.vn\/wp-content\/uploads\/2023\/08\/bep-ga-am-batani-ba-88t.jpg","type":"image\/jpeg"}],"twitter_card":"summary_large_image","twitter_misc":{"\u01af\u1edbc t\u00ednh th\u1eddi gian \u0111\u1ecdc":"1 ph\u00fat"},"schema":{"@context":"https:\/\/schema.org","@graph":[{"@type":"WebSite","@id":"https:\/\/batani.vn\/#website","url":"https:\/\/batani.vn\/","name":"Batani","description":"Thi\u1ebft b\u1ecb nh\u00e0 b\u1ebfp cao c\u1ea5p Batani","potentialAction":[{"@type":"SearchAction","target":{"@type":"EntryPoint","urlTemplate":"https:\/\/batani.vn\/?s={search_term_string}"},"query-input":"required name=search_term_string"}],"inLanguage":"vi"},{"@type":"ImageObject","inLanguage":"vi","@id":"https:\/\/batani.vn\/?product=bep-ga-batani-ba-88t#primaryimage","url":"https:\/\/batani.vn\/wp-content\/uploads\/2023\/08\/bep-ga-am-batani-ba-88t.jpg","contentUrl":"https:\/\/batani.vn\/wp-content\/uploads\/2023\/08\/bep-ga-am-batani-ba-88t.jpg","width":600,"height":600},{"@type":"WebPage","@id":"https:\/\/batani.vn\/?product=bep-ga-batani-ba-88t#webpage","url":"https:\/\/batani.vn\/?product=bep-ga-batani-ba-88t","name":"B\u1ebfp ga Batani BA-88T - Batani","isPartOf":{"@id":"https:\/\/batani.vn\/#website"},"primaryImageOfPage":{"@id":"https:\/\/batani.vn\/?product=bep-ga-batani-ba-88t#primaryimage"},"datePublished":"2023-08-14T02:37:06+00:00","dateModified":"2023-08-14T02:37:06+00:00","breadcrumb":{"@id":"https:\/\/batani.vn\/?product=bep-ga-batani-ba-88t#breadcrumb"},"inLanguage":"vi","potentialAction":[{"@type":"ReadAction","target":["https:\/\/batani.vn\/?product=bep-ga-batani-ba-88t"]}]},{"@type":"BreadcrumbList","@id":"https:\/\/batani.vn\/?product=bep-ga-batani-ba-88t#breadcrumb","itemListElement":[{"@type":"ListItem","position":1,"name":"Trang ch\u1ee7","item":"https:\/\/batani.vn\/"},{"@type":"ListItem","position":2,"name":"C\u1eeda h\u00e0ng","item":"https:\/\/batani.vn\/?page_id=6"},{"@type":"ListItem","position":3,"name":"B\u1ebfp ga Batani BA-88T"}]}]}},"_links":{"self":[{"href":"https:\/\/batani.vn\/index.php?rest_route=\/wp\/v2\/product\/654","targetHints":{"allow":["GET"]}}],"collection":[{"href":"https:\/\/batani.vn\/index.php?rest_route=\/wp\/v2\/product"}],"about":[{"href":"https:\/\/batani.vn\/index.php?rest_route=\/wp\/v2\/types\/product"}],"replies":[{"embeddable":true,"href":"https:\/\/batani.vn\/index.php?rest_route=%2Fwp%2Fv2%2Fcomments&post=654"}],"wp:featuredmedia":[{"embeddable":true,"href":"https:\/\/batani.vn\/index.php?rest_route=\/wp\/v2\/media\/655"}],"wp:attachment":[{"href":"https:\/\/batani.vn\/index.php?rest_route=%2Fwp%2Fv2%2Fmedia&parent=654"}],"wp:term":[{"taxonomy":"product_cat","embeddable":true,"href":"https:\/\/batani.vn\/index.php?rest_route=%2Fwp%2Fv2%2Fproduct_cat&post=654"},{"taxonomy":"product_tag","embeddable":true,"href":"https:\/\/batani.vn\/index.php?rest_route=%2Fwp%2Fv2%2Fproduct_tag&post=654"}],"curies":[{"name":"wp","href":"https:\/\/api.w.org\/{rel}","templated":true}]}}