{"id":636,"date":"2023-08-10T11:03:44","date_gmt":"2023-08-10T11:03:44","guid":{"rendered":"https:\/\/batani.vn\/?post_type=product&#038;p=636"},"modified":"2023-08-10T11:36:55","modified_gmt":"2023-08-10T11:36:55","slug":"bep-tu-batani-eg-02p3","status":"publish","type":"product","link":"https:\/\/batani.vn\/?product=bep-tu-batani-eg-02p3","title":{"rendered":"B\u1ebfp t\u1eeb Batani EG-02P3"},"content":{"rendered":"<h2>\u0110\u00e1nh gi\u00e1 b\u1ebfp t\u1eeb Batani EG-02P3<\/h2>\n<p>B\u1ebfp t\u1eeb Batani EG-02P3 s\u1eed d\u1ee5ng m\u1eb7t k\u00ednh Schott Ceran nh\u1eadp kh\u1ea9u nguy\u00ean chi\u1ebfc t\u1eeb \u0110\u1ee9c c\u00f3 kh\u1ea3 n\u0103ng ch\u1ecbu l\u1ef1c va \u0111\u1eadp v\u00e0 s\u1ed1c nhi\u1ec7t t\u1edbi 1000 \u0111\u1ed9 C, ch\u1ed1ng x\u01b0\u1edbc t\u1ed1t n\u00ean tu\u1ed5i th\u1ecd cao. M\u1eb7t b\u1ebfp t\u1ea3n nhi\u1ec7t nhanh v\u00e0 \u0111\u01b0\u1ee3c c\u00e1ch \u0111i\u1ec7n an to\u00e0n v\u1edbi c\u00e1c linh ki\u1ec7n \u0111i\u1ec7n t\u1eed b\u00ean trong th\u00e2n. B\u1ea1n c\u00f3 th\u1ec3 y\u00ean t\u00e2m s\u1eed d\u1ee5ng m\u00e0 kh\u00f4ng lo b\u1ecb b\u1ecfng hay \u0111i\u1ec7n gi\u1eadt.<\/p>\n<p>\u0110\u00e2y l\u00e0 m\u1eb7t k\u00ednh chuy\u00ean d\u1ee5ng d\u00e0nh cho b\u1ebfp \u0111i\u1ec7n t\u1eeb, l\u00e0 m\u1ed9t lo\u1ea1i k\u00ednh c\u00f3 ch\u1ea5t l\u01b0\u1ee3ng cao, r\u1ea5t c\u1ee9ng, b\u1ec1n v\u00e0 c\u00f3 nhi\u1ec1u \u0111\u1eb7c \u0111i\u1ec3m n\u1ed5i tr\u1ed9i nh\u01b0: kh\u1ea3 n\u0103ng ch\u1ecbu nhi\u1ec7t, kh\u1ea3 n\u0103ng ch\u1ed1ng tr\u1ea7y x\u01b0\u1edbc v\u00e0 ch\u1ed1ng va \u0111\u1eadp \u2026. M\u1eb7t k\u00ednh g\u1ed3m c\u00e1c th\u1ea5u k\u00ednh h\u1ed9i t\u1ee5, truy\u1ec1n nhi\u1ec7t t\u1eeb b\u1ebfp l\u00ean \u0111\u00e1y n\u1ed3i theo ph\u01b0\u01a1ng th\u1eb3ng \u0111\u1ee9ng, kh\u00f4ng th\u1ea5t tho\u00e1t nhi\u1ec7t ra m\u00f4i tr\u01b0\u1eddng. M\u1eb7t k\u00ednh m\u00e0u x\u00e1m li\u1ec1n nguy\u00ean kh\u1ed1i, an to\u00e0n, th\u1ea9m m\u1ef9 v\u00e0 ti\u1ec7n trong vi\u1ec7c v\u1ec7 sinh, lau ch\u00f9i.<\/p>\n<p><img loading=\"lazy\" decoding=\"async\" class=\"alignnone size-full wp-image-638\" src=\"https:\/\/batani.vn\/wp-content\/uploads\/2023\/08\/bep-tu-batani-eg-02p3-1.jpg\" alt=\"\" width=\"1058\" height=\"613\" srcset=\"https:\/\/batani.vn\/wp-content\/uploads\/2023\/08\/bep-tu-batani-eg-02p3-1.jpg 1058w, https:\/\/batani.vn\/wp-content\/uploads\/2023\/08\/bep-tu-batani-eg-02p3-1-768x445.jpg 768w, https:\/\/batani.vn\/wp-content\/uploads\/2023\/08\/bep-tu-batani-eg-02p3-1-300x174.jpg 300w, https:\/\/batani.vn\/wp-content\/uploads\/2023\/08\/bep-tu-batani-eg-02p3-1-600x348.jpg 600w\" sizes=\"auto, (max-width: 1058px) 100vw, 1058px\" \/><\/p>\n<p>B\u1ebfp t\u1eeb Batani EG-02P3 g\u1ed3m 2 v\u00f9ng n\u1ea5u v\u1edbi t\u1ed5ng c\u00f4ng su\u1ea5t 5400W, m\u1ed7i v\u00f9ng n\u1ea5u \u0111\u1ea1t m\u1ee9c c\u00f4ng 2500W \u0111a khi s\u1eed d\u1ee5ng ch\u1ee9c n\u0103ng Booster l\u00e0 2700W. Ch\u1ee9c n\u0103ng Booster n\u1ea5u si\u00eau nhanh, tuy nhi\u00ean th\u1eddi gian t\u1ed1i \u0111a m\u1eb7c \u0111\u1ecbnh d\u00f9ng ch\u1ee9c n\u0103ng n\u00e0y l\u00e0 10 ph\u00fat \/ l\u1ea7n tr\u00e1nh qu\u00e1 t\u1ea3i. Ngo\u00e0i ra b\u1ebfp c\u00f2n \u0111\u01b0\u1ee3c trang b\u1ecb c\u00f4ng ngh\u1ec7 t\u1ef1 \u0111\u1ed9ng chia s\u1ebb c\u00f4ng su\u1ea5t gi\u1eefa 2 b\u1ebfp. V\u1edbi c\u1ea3m bi\u1ebfn th\u00f4ng minh s\u1ebd c\u1ed1 \u0111\u1ecbnh c\u00f4ng su\u1ea5t ti\u00eau th\u1ee5 \u0111i\u1ec7n khi \u0111un n\u1ea5u, kh\u00f4ng b\u1eadt t\u1eaft li\u00ean t\u1ee5c nh\u01b0 c\u00e1c b\u1ebfp t\u1eeb th\u00f4ng th\u01b0\u1eddng kh\u00e1c (t\u1ef1 \u0111\u1ed9ng \u0111i\u1ec1u ch\u1ec9nh li\u00ean t\u1ee5c \u0111\u1ec3 \u0111\u1ea3m b\u1ea3o m\u1ee9c nhi\u1ec7t t\u01b0\u01a1ng \u0111\u01b0\u01a1ng b\u1eb1ng v\u1edbi con s\u1ed1 hi\u1ec3n th\u1ecb tr\u00ean b\u00e0n \u0111i\u1ec1u khi\u1ec3n).<\/p>\n<p>B\u1ebfp t\u1eeb Batani EG-02P3 kh\u00f4ng s\u1eed d\u1ee5ng l\u1eeda \u0111\u1ec3 l\u00e0m ch\u00edn th\u1ee9c \u0103n v\u00e0 d\u00f9ng n\u0103ng l\u01b0\u1ee3ng c\u1ea3m \u1ee9ng t\u1eeb, v\u00ec th\u1ebf hi\u1ec7u su\u1ea5t n\u1ea5u \u0111\u1ea1t t\u1edbi 90%, trong khi b\u1ebfp gas ch\u1ec9 \u0111\u1ea1t kho\u1ea3ng 50%. B\u1edfi v\u1eady, s\u1eed d\u1ee5ng b\u1ebfp t\u1eeb n\u00e0y kh\u00f4ng nh\u1eefng gi\u00fap b\u1ea1n ti\u1ebft ki\u1ec7m th\u1eddi gian n\u1ea5u m\u1ed9t n\u1eeda m\u00e0 c\u00f2n ti\u1ebft ki\u1ec7m \u0111i\u1ec7n n\u0103ng, ti\u1ebft ki\u1ec7m chi ph\u00ed h\u00e0ng th\u00e1ng cho gia \u0111\u00ecnh. \u01afu \u0111i\u1ec3m n\u1ed5i b\u1eadt c\u1ee7a b\u1ebfp t\u1eeb l\u00e0 kh\u1ea3 n\u0103ng \u0111un n\u1ea5u c\u1ef1c nhanh v\u1edbi nguy\u00ean l\u00fd ho\u1ea1t \u0111\u1ed9ng c\u1ee7a s\u00f3ng t\u1eeb t\u00e1c \u0111\u1ed9ng vu\u00f4ng g\u00f3c v\u1edbi \u0111\u00e1y n\u1ed3i gi\u00fap ti\u1ebft ki\u1ec7m th\u1eddi gian \u0111un n\u1ea5u \u0111\u1ebfn t\u1ed1i \u0111a.<\/p>\n<p>B\u1ebfp t\u1eeb Batani EG-02P3 s\u1eed d\u1ee5ng b\u1ea3ng \u0111i\u1ec1u khi\u1ec3n c\u1ea3m \u1ee9ng hi\u1ec7n \u0111\u1ea1i v\u1edbi 8 c\u1ea5p \u0111\u1ed9 c\u00f4ng su\u1ea5t nhi\u1ec7t \u0111\u1ed9 kh\u00e1c nhau, \u0111i\u1ec1u khi\u1ec3n d\u1ec5 d\u00e0ng b\u1eb1ng m\u1ed9t ng\u00f3n tay, m\u1ecdi ch\u01b0\u01a1ng tr\u00ecnh n\u1ea5u \u0111\u1ec1u \u0111\u01b0\u1ee3c hi\u1ec3n th\u1ecb qua \u0111\u00e8n Led s\u1eafc n\u00e9t \u0111\u1ec3 b\u1ea1n \u0111i\u1ec1u ch\u1ec9nh cho ph\u00f9 h\u1ee3p v\u1edbi c\u00e1c m\u00f3n \u0103n.<\/p>\n<p>Ph\u1ea7n th\u00e2n v\u1ecf c\u1ee7a b\u1ebfp t\u1eeb Batani EG-02P3 s\u1eed d\u1ee5ng ch\u1ea5t li\u1ec7u inox cao c\u1ea5p. \u0110\u00e2y l\u00e0 ch\u1ea5t li\u1ec7u c\u00f3 kh\u1ea3 n\u0103ng ch\u1ed1ng l\u1ea1i qu\u00e1 tr\u00ecnh oxi h\u00f3a v\u00e0 r\u00f2 r\u1ec9 \u0111i\u1ec7n n\u00ean r\u1ea5t an to\u00e0n cho ng\u01b0\u1eddi s\u1eed d\u1ee5ng v\u00e0 th\u00edch h\u1ee3p v\u1edbi kh\u00ed h\u1eadu nhi\u1ec7t \u0111\u1edbi gi\u00f3 m\u00f9a t\u1ea1i Vi\u1ec7t Nam.<\/p>\n<p>Khi s\u1eed d\u1ee5ng s\u1ea3n ph\u1ea9m y\u1ebfu t\u1ed1 an to\u00e0n lu\u00f4n \u0111\u01b0\u1ee3c ng\u01b0\u1eddi d\u00f9ng \u0111\u1eb7t l\u00ean h\u00e0ng \u0111\u1ea7u, do \u0111\u00f3 h\u00e3ng Batani \u0111\u00e3 t\u00edch h\u1ee3p trong s\u1ea3n ph\u1ea9m nh\u1eefng t\u00ednh n\u0103ng hi\u1ec7n \u0111\u1ea1i nh\u01b0:<\/p>\n<p>C\u1ea3nh b\u00e1o nhi\u1ec7t d\u01b0 v\u00f9ng n\u1ea5u Residual Heat: khi t\u1eaft b\u1ebfp m\u1eb7t b\u1ebfp c\u00f2n r\u1ea5t n\u00f3ng nh\u1ea5t l\u00e0 b\u00ean v\u00f9ng n\u1ea5u h\u1ed3ng ngo\u1ea1i, nh\u1edd ch\u1ee9c n\u0103ng n\u00e0y b\u1ea1n s\u1ebd bi\u1ebft m\u1eb7t b\u1ebfp n\u00f3ng v\u00e0 kh\u00f4ng v\u1ed9i v\u00e0ng lau ch\u00f9i m\u1eb7t b\u1ebfp.<\/p>\n<p>T\u1ef1 \u0111\u1ed9ng t\u1eaft b\u1ebfp khi \u0111\u1ec3 qu\u00ean<\/p>\n<p>T\u1ef1 \u0111\u1ed9ng t\u1eaft b\u1ebfp khi kh\u00f4ng c\u00f3 n\u1ed3i<\/p>\n<p>H\u1ec7 th\u1ed1ng b\u1ea3o v\u1ec7 an to\u00e0n qu\u00e1 nhi\u1ec7t, qu\u00e1 \u00e1p: \u0111\u1ea3m b\u1ea3o an to\u00e0n cho ngu\u1ed3n \u0111i\u1ec7n n\u0103ng c\u1ee7a gia \u0111\u00ecnh b\u1ea1n.<\/p>\n<p>Ch\u1ebf \u0111\u1ed9 h\u1eb9n gi\u1edd th\u00f4ng minh: khi b\u1ea1n mu\u1ed1n c\u00e0i h\u1eb9n th\u1eddi gian, b\u1ea1n ch\u1ecdn th\u1eddi gian ph\u00f9 h\u1ee3p r\u1ed3i k\u00edch ho\u1ea1t ch\u1ebf \u0111\u1ed9, khi h\u1ebft th\u1eddi gian c\u00e0i \u0111\u1eb7t b\u1ebfp s\u1ebd t\u1ef1 \u0111\u1ed9ng ng\u1eaft b\u1ea1n kh\u00f4ng ph\u1ea3i ch\u1ea1y t\u1edbi ch\u1ea1y lui \u0111\u1ec3 \u00fd \u0111\u1ebfn n\u00f3 nh\u01b0 tr\u01b0\u1edbc n\u1eefa, ch\u1ebf \u0111\u1ed9 n\u00e0y b\u1ea1n c\u00f3 th\u1ec3 v\u1eeba n\u1ea5u \u0103n v\u1eeba l\u00e0m vi\u1ec7c kh\u00e1c c\u00f9ng l\u00fac nh\u01b0: ch\u01a1i v\u1edbi con, lau ch\u00f9i d\u1ecdn d\u1eb9p nh\u00e0 c\u1eeda.<\/p>\n<p>Kh\u00f3a an to\u00e0n tr\u1ebb em Child Lock: khi b\u1ea5m ph\u00edm ch\u1ee9c n\u0103ng n\u00e0y b\u1ebfp v\u1eabn ho\u1ea1t \u0111\u1ed9ng b\u00ecnh th\u01b0\u1eddng to\u00e0n b\u1ed9 b\u1ea3ng \u0111i\u1ec1u khi\u1ec3n s\u1ebd v\u00f4 hi\u1ec7u h\u00f3a tuy ch\u1ec9 c\u00f3 n\u00fat ngu\u1ed3n ( on\/ off) s\u1eed d\u1ee5ng \u0111\u01b0\u1ee3c. Ch\u1ee9c n\u0103ng n\u00e0y r\u1ea5t th\u00edch h\u1ee3p khi b\u1ea1n mu\u1ed1n l\u00e0m nh\u1eefng c\u00f4ng vi\u1ec7c g\u00ec \u0111\u00f3 m\u00e0 c\u00f3 tr\u1ebb nh\u1ecf \u1edf g\u1ea7n khu v\u1ef1c b\u1ebfp.<\/p>\n<p><strong>Th\u00f4ng s\u1ed1 k\u1ef9 thu\u1eadt<\/strong><\/p>\n<p>B\u1ebfp 2 l\u00f2 t\u1eeb<br \/>\nS\u1ea3n xu\u1ea5t t\u1ea1i Malaysia<br \/>\nM\u1eb7t k\u00ednh SCHOTT CERAN c\u1ee7a \u0110\u1ee9c<br \/>\nM\u00e2m t\u1eeb b\u1eb1ng \u0111\u1ed3ng nguy\u00ean ch\u1ea5t, m\u00e2m \u0111i\u1ec7n t\u1eeb 2 v\u00f2ng l\u1eeda<br \/>\nCh\u00edp \u0111i\u1ec1u khi\u1ec3n Siement IGBT si\u00eau b\u1ec1n<br \/>\n\u0110i\u1ec1u khi\u1ec3n c\u1ea3m \u1ee9ng<br \/>\nH\u1eb9n gi\u1edd trong v\u00f2ng 240 ph\u00fat<br \/>\nB\u1ebfp tr\u00e1i 8 lervel c\u00f4ng su\u1ea5t, b\u1ebfp ph\u1ea3i 8 lervel c\u00f4ng su\u1ea5t<br \/>\nKh\u00f3a an to\u00e0n<br \/>\nC\u00f3 \u0111\u00e8n b\u00e1o khi b\u1ebfp h\u1ed3ng ngo\u1ea1i v\u1eabn c\u00f2n n\u00f3ng \u2013 tr\u00e1nh ti\u1ebfp x\u00fac v\u00e0o<br \/>\nSau 2 ti\u1ebfng kh\u00f4ng ch\u1ea1m b\u1ebfp s\u1ebd t\u1ef1 \u0111\u1ed9ng t\u1eaft<br \/>\nQu\u00e1 tr\u00ecnh nhi\u1ec7t s\u1ebd t\u1ef1 \u0111\u1ed9ng t\u1eaft b\u1ebfp<br \/>\nS\u1ea3n su\u1ea5t theo ti\u00eau chu\u1ea9n ch\u00e2u \u00e2u EMC, c\u00f3 l\u1eafp b\u1ed9 s\u00f3ng \u0111\u1ec3 tr\u00e1nh nhi\u1ec5u t\u1eeb<br \/>\nQu\u1ea1t si\u00eau \u00eam<br \/>\nHi\u1ec7u \u0111i\u1ec7n th\u1ebf: 220V-240V,50\/60Hz.<br \/>\nT\u1ed5ng c\u00f4ng su\u1ea5t 5000W(Booster 5400W)<br \/>\nC\u00f4ng su\u1ea5t tr\u00e1i: 2500W\/Booster2700W<br \/>\nC\u00f4ng su\u1ea5t ph\u1ea3i: 2500W\/Booster2700W<br \/>\nK\u00edch th\u01b0\u1edbc m\u1eb7t k\u00ednh: 730 x 430mm<br \/>\nK\u00edch th\u01b0\u1edbc kho\u00e9t \u0111\u00e1: 670 x 390mm<\/p>\n","protected":false},"excerpt":{"rendered":"<p>\u0110\u00e1nh gi\u00e1 b\u1ebfp t\u1eeb Batani EG-02P3 B\u1ebfp t\u1eeb Batani EG-02P3 s\u1eed d\u1ee5ng m\u1eb7t k\u00ednh Schott Ceran nh\u1eadp kh\u1ea9u nguy\u00ean chi\u1ebfc t\u1eeb \u0110\u1ee9c c\u00f3 kh\u1ea3 n\u0103ng ch\u1ecbu l\u1ef1c va \u0111\u1eadp v\u00e0 s\u1ed1c nhi\u1ec7t t\u1edbi 1000 \u0111\u1ed9 C, ch\u1ed1ng x\u01b0\u1edbc t\u1ed1t n\u00ean tu\u1ed5i th\u1ecd cao. M\u1eb7t b\u1ebfp t\u1ea3n nhi\u1ec7t nhanh v\u00e0 \u0111\u01b0\u1ee3c c\u00e1ch \u0111i\u1ec7n an to\u00e0n v\u1edbi [&#8230;]\n","protected":false},"featured_media":638,"comment_status":"open","ping_status":"closed","template":"","meta":[],"product_cat":[21],"product_tag":[],"class_list":{"0":"post-636","1":"product","2":"type-product","3":"status-publish","4":"has-post-thumbnail","6":"product_cat-bep-tu","8":"first","9":"instock","10":"shipping-taxable","11":"purchasable","12":"product-type-simple"},"yoast_head":"<!-- This site is optimized with the Yoast SEO plugin v18.8 - https:\/\/yoast.com\/wordpress\/plugins\/seo\/ -->\n<title>B\u1ebfp t\u1eeb Batani EG-02P3 - Batani<\/title>\n<meta name=\"robots\" content=\"index, follow, max-snippet:-1, max-image-preview:large, max-video-preview:-1\" \/>\n<link rel=\"canonical\" href=\"https:\/\/batani.vn\/?product=bep-tu-batani-eg-02p3\" \/>\n<meta property=\"og:locale\" content=\"vi_VN\" \/>\n<meta property=\"og:type\" content=\"article\" \/>\n<meta property=\"og:title\" content=\"B\u1ebfp t\u1eeb Batani EG-02P3 - Batani\" \/>\n<meta property=\"og:description\" content=\"\u0110\u00e1nh gi\u00e1 b\u1ebfp t\u1eeb Batani EG-02P3 B\u1ebfp t\u1eeb Batani EG-02P3 s\u1eed d\u1ee5ng m\u1eb7t k\u00ednh Schott Ceran nh\u1eadp kh\u1ea9u nguy\u00ean chi\u1ebfc t\u1eeb \u0110\u1ee9c c\u00f3 kh\u1ea3 n\u0103ng ch\u1ecbu l\u1ef1c va \u0111\u1eadp v\u00e0 s\u1ed1c nhi\u1ec7t t\u1edbi 1000 \u0111\u1ed9 C, ch\u1ed1ng x\u01b0\u1edbc t\u1ed1t n\u00ean tu\u1ed5i th\u1ecd cao. M\u1eb7t b\u1ebfp t\u1ea3n nhi\u1ec7t nhanh v\u00e0 \u0111\u01b0\u1ee3c c\u00e1ch \u0111i\u1ec7n an to\u00e0n v\u1edbi [...]\" \/>\n<meta property=\"og:url\" content=\"https:\/\/batani.vn\/?product=bep-tu-batani-eg-02p3\" \/>\n<meta property=\"og:site_name\" content=\"Batani\" \/>\n<meta property=\"article:modified_time\" content=\"2023-08-10T11:36:55+00:00\" \/>\n<meta property=\"og:image\" content=\"https:\/\/batani.vn\/wp-content\/uploads\/2023\/08\/bep-tu-batani-eg-02p3-1.jpg\" \/>\n\t<meta property=\"og:image:width\" content=\"1058\" \/>\n\t<meta property=\"og:image:height\" content=\"613\" \/>\n\t<meta property=\"og:image:type\" content=\"image\/jpeg\" \/>\n<meta name=\"twitter:card\" content=\"summary_large_image\" \/>\n<meta name=\"twitter:label1\" content=\"\u01af\u1edbc t\u00ednh th\u1eddi gian \u0111\u1ecdc\" \/>\n\t<meta name=\"twitter:data1\" content=\"7 ph\u00fat\" \/>\n<script type=\"application\/ld+json\" class=\"yoast-schema-graph\">{\"@context\":\"https:\/\/schema.org\",\"@graph\":[{\"@type\":\"WebSite\",\"@id\":\"https:\/\/batani.vn\/#website\",\"url\":\"https:\/\/batani.vn\/\",\"name\":\"Batani\",\"description\":\"Thi\u1ebft b\u1ecb nh\u00e0 b\u1ebfp cao c\u1ea5p Batani\",\"potentialAction\":[{\"@type\":\"SearchAction\",\"target\":{\"@type\":\"EntryPoint\",\"urlTemplate\":\"https:\/\/batani.vn\/?s={search_term_string}\"},\"query-input\":\"required name=search_term_string\"}],\"inLanguage\":\"vi\"},{\"@type\":\"ImageObject\",\"inLanguage\":\"vi\",\"@id\":\"https:\/\/batani.vn\/?product=bep-tu-batani-eg-02p3#primaryimage\",\"url\":\"https:\/\/batani.vn\/wp-content\/uploads\/2023\/08\/bep-tu-batani-eg-02p3-1.jpg\",\"contentUrl\":\"https:\/\/batani.vn\/wp-content\/uploads\/2023\/08\/bep-tu-batani-eg-02p3-1.jpg\",\"width\":1058,\"height\":613},{\"@type\":\"WebPage\",\"@id\":\"https:\/\/batani.vn\/?product=bep-tu-batani-eg-02p3#webpage\",\"url\":\"https:\/\/batani.vn\/?product=bep-tu-batani-eg-02p3\",\"name\":\"B\u1ebfp t\u1eeb Batani EG-02P3 - Batani\",\"isPartOf\":{\"@id\":\"https:\/\/batani.vn\/#website\"},\"primaryImageOfPage\":{\"@id\":\"https:\/\/batani.vn\/?product=bep-tu-batani-eg-02p3#primaryimage\"},\"datePublished\":\"2023-08-10T11:03:44+00:00\",\"dateModified\":\"2023-08-10T11:36:55+00:00\",\"breadcrumb\":{\"@id\":\"https:\/\/batani.vn\/?product=bep-tu-batani-eg-02p3#breadcrumb\"},\"inLanguage\":\"vi\",\"potentialAction\":[{\"@type\":\"ReadAction\",\"target\":[\"https:\/\/batani.vn\/?product=bep-tu-batani-eg-02p3\"]}]},{\"@type\":\"BreadcrumbList\",\"@id\":\"https:\/\/batani.vn\/?product=bep-tu-batani-eg-02p3#breadcrumb\",\"itemListElement\":[{\"@type\":\"ListItem\",\"position\":1,\"name\":\"Trang ch\u1ee7\",\"item\":\"https:\/\/batani.vn\/\"},{\"@type\":\"ListItem\",\"position\":2,\"name\":\"C\u1eeda h\u00e0ng\",\"item\":\"https:\/\/batani.vn\/?page_id=6\"},{\"@type\":\"ListItem\",\"position\":3,\"name\":\"B\u1ebfp t\u1eeb Batani EG-02P3\"}]}]}<\/script>\n<!-- \/ Yoast SEO plugin. -->","yoast_head_json":{"title":"B\u1ebfp t\u1eeb Batani EG-02P3 - Batani","robots":{"index":"index","follow":"follow","max-snippet":"max-snippet:-1","max-image-preview":"max-image-preview:large","max-video-preview":"max-video-preview:-1"},"canonical":"https:\/\/batani.vn\/?product=bep-tu-batani-eg-02p3","og_locale":"vi_VN","og_type":"article","og_title":"B\u1ebfp t\u1eeb Batani EG-02P3 - Batani","og_description":"\u0110\u00e1nh gi\u00e1 b\u1ebfp t\u1eeb Batani EG-02P3 B\u1ebfp t\u1eeb Batani EG-02P3 s\u1eed d\u1ee5ng m\u1eb7t k\u00ednh Schott Ceran nh\u1eadp kh\u1ea9u nguy\u00ean chi\u1ebfc t\u1eeb \u0110\u1ee9c c\u00f3 kh\u1ea3 n\u0103ng ch\u1ecbu l\u1ef1c va \u0111\u1eadp v\u00e0 s\u1ed1c nhi\u1ec7t t\u1edbi 1000 \u0111\u1ed9 C, ch\u1ed1ng x\u01b0\u1edbc t\u1ed1t n\u00ean tu\u1ed5i th\u1ecd cao. M\u1eb7t b\u1ebfp t\u1ea3n nhi\u1ec7t nhanh v\u00e0 \u0111\u01b0\u1ee3c c\u00e1ch \u0111i\u1ec7n an to\u00e0n v\u1edbi [...]","og_url":"https:\/\/batani.vn\/?product=bep-tu-batani-eg-02p3","og_site_name":"Batani","article_modified_time":"2023-08-10T11:36:55+00:00","og_image":[{"width":1058,"height":613,"url":"https:\/\/batani.vn\/wp-content\/uploads\/2023\/08\/bep-tu-batani-eg-02p3-1.jpg","type":"image\/jpeg"}],"twitter_card":"summary_large_image","twitter_misc":{"\u01af\u1edbc t\u00ednh th\u1eddi gian \u0111\u1ecdc":"7 ph\u00fat"},"schema":{"@context":"https:\/\/schema.org","@graph":[{"@type":"WebSite","@id":"https:\/\/batani.vn\/#website","url":"https:\/\/batani.vn\/","name":"Batani","description":"Thi\u1ebft b\u1ecb nh\u00e0 b\u1ebfp cao c\u1ea5p Batani","potentialAction":[{"@type":"SearchAction","target":{"@type":"EntryPoint","urlTemplate":"https:\/\/batani.vn\/?s={search_term_string}"},"query-input":"required name=search_term_string"}],"inLanguage":"vi"},{"@type":"ImageObject","inLanguage":"vi","@id":"https:\/\/batani.vn\/?product=bep-tu-batani-eg-02p3#primaryimage","url":"https:\/\/batani.vn\/wp-content\/uploads\/2023\/08\/bep-tu-batani-eg-02p3-1.jpg","contentUrl":"https:\/\/batani.vn\/wp-content\/uploads\/2023\/08\/bep-tu-batani-eg-02p3-1.jpg","width":1058,"height":613},{"@type":"WebPage","@id":"https:\/\/batani.vn\/?product=bep-tu-batani-eg-02p3#webpage","url":"https:\/\/batani.vn\/?product=bep-tu-batani-eg-02p3","name":"B\u1ebfp t\u1eeb Batani EG-02P3 - Batani","isPartOf":{"@id":"https:\/\/batani.vn\/#website"},"primaryImageOfPage":{"@id":"https:\/\/batani.vn\/?product=bep-tu-batani-eg-02p3#primaryimage"},"datePublished":"2023-08-10T11:03:44+00:00","dateModified":"2023-08-10T11:36:55+00:00","breadcrumb":{"@id":"https:\/\/batani.vn\/?product=bep-tu-batani-eg-02p3#breadcrumb"},"inLanguage":"vi","potentialAction":[{"@type":"ReadAction","target":["https:\/\/batani.vn\/?product=bep-tu-batani-eg-02p3"]}]},{"@type":"BreadcrumbList","@id":"https:\/\/batani.vn\/?product=bep-tu-batani-eg-02p3#breadcrumb","itemListElement":[{"@type":"ListItem","position":1,"name":"Trang ch\u1ee7","item":"https:\/\/batani.vn\/"},{"@type":"ListItem","position":2,"name":"C\u1eeda h\u00e0ng","item":"https:\/\/batani.vn\/?page_id=6"},{"@type":"ListItem","position":3,"name":"B\u1ebfp t\u1eeb Batani EG-02P3"}]}]}},"_links":{"self":[{"href":"https:\/\/batani.vn\/index.php?rest_route=\/wp\/v2\/product\/636","targetHints":{"allow":["GET"]}}],"collection":[{"href":"https:\/\/batani.vn\/index.php?rest_route=\/wp\/v2\/product"}],"about":[{"href":"https:\/\/batani.vn\/index.php?rest_route=\/wp\/v2\/types\/product"}],"replies":[{"embeddable":true,"href":"https:\/\/batani.vn\/index.php?rest_route=%2Fwp%2Fv2%2Fcomments&post=636"}],"wp:featuredmedia":[{"embeddable":true,"href":"https:\/\/batani.vn\/index.php?rest_route=\/wp\/v2\/media\/638"}],"wp:attachment":[{"href":"https:\/\/batani.vn\/index.php?rest_route=%2Fwp%2Fv2%2Fmedia&parent=636"}],"wp:term":[{"taxonomy":"product_cat","embeddable":true,"href":"https:\/\/batani.vn\/index.php?rest_route=%2Fwp%2Fv2%2Fproduct_cat&post=636"},{"taxonomy":"product_tag","embeddable":true,"href":"https:\/\/batani.vn\/index.php?rest_route=%2Fwp%2Fv2%2Fproduct_tag&post=636"}],"curies":[{"name":"wp","href":"https:\/\/api.w.org\/{rel}","templated":true}]}}