{"id":634,"date":"2023-08-10T10:55:04","date_gmt":"2023-08-10T10:55:04","guid":{"rendered":"https:\/\/batani.vn\/?post_type=product&#038;p=634"},"modified":"2023-08-10T10:55:49","modified_gmt":"2023-08-10T10:55:49","slug":"bep-dien-tu-batani-eg-16","status":"publish","type":"product","link":"https:\/\/batani.vn\/?product=bep-dien-tu-batani-eg-16","title":{"rendered":"B\u1ebfp \u0111i\u1ec7n t\u1eeb Batani EG-16"},"content":{"rendered":"<h2><strong><span class=\"title-dtsp\">Th\u00f4ng tin s\u1ea3n ph\u1ea9m b\u1ebfp \u0111i\u1ec7n t\u1eeb Batani EG-16<\/span><\/strong><\/h2>\n<p><strong>B\u1ebfp \u0111i\u1ec7n t\u1eeb Batani EG-16 <\/strong>\u0111\u01b0\u1ee3c thi\u1ebft k\u1ebf m\u1ed9t v\u00f9ng n\u1ea5u t\u1eeb v\u00e0 m\u1ed9t v\u00f9ng n\u1ea5u h\u1ed3ng ngo\u1ea1i, b\u1ebfp \u0111\u01b0\u1ee3c thi\u1ebft k\u1ebf th\u00f4ng minh nh\u1edd h\u1ec7 th\u1ed1ng b\u1ea3ng \u0111i\u1ec1u khi\u1ec3n d\u1ec5 s\u1eed d\u1ee5ng. B\u1ea1n c\u00f3 th\u1ec3 \u0111i\u1ec1u ch\u1ec9nh m\u1ee9c c\u00f4ng su\u1ea5t m\u1ed9t c\u00e1ch d\u1ec5 d\u00e0ng theo nhi\u1ec1u m\u00f3n \u0103n trong gia \u0111\u00ecnh.<\/p>\n<p><img loading=\"lazy\" decoding=\"async\" class=\"alignnone size-full wp-image-635\" src=\"https:\/\/batani.vn\/wp-content\/uploads\/2023\/08\/bep-dien-tu-batani-eg-16.jpg\" alt=\"\" width=\"1058\" height=\"613\" srcset=\"https:\/\/batani.vn\/wp-content\/uploads\/2023\/08\/bep-dien-tu-batani-eg-16.jpg 1058w, https:\/\/batani.vn\/wp-content\/uploads\/2023\/08\/bep-dien-tu-batani-eg-16-768x445.jpg 768w, https:\/\/batani.vn\/wp-content\/uploads\/2023\/08\/bep-dien-tu-batani-eg-16-300x174.jpg 300w, https:\/\/batani.vn\/wp-content\/uploads\/2023\/08\/bep-dien-tu-batani-eg-16-600x348.jpg 600w\" sizes=\"auto, (max-width: 1058px) 100vw, 1058px\" \/><\/p>\n<p>B\u1ebfp \u0111\u01b0\u1ee3c thi\u1ebft k\u1ebf b\u1ebfp \u0111\u00f4i v\u1edbi m\u1ed9t v\u00f9ng n\u1ea5u t\u1eeb v\u00e0 m\u1ed9t v\u00f9ng n\u1ea5u h\u1ed3ng ngo\u1ea1i. V\u00f9ng n\u1ea5u t\u1eeb s\u1ebd t\u1ef1 \u0111\u1ed9ng nh\u1eadn di\u1ec7n k\u00edch th\u01b0\u1edbc v\u1eadt d\u1ee5ng n\u1ea5u, gi\u00fap ti\u1ebft ki\u1ec7m \u0111i\u1ec7n n\u0103ng trong qu\u00e1 tr\u00ecnh s\u1eed d\u1ee5ng. V\u00f9ng n\u1ea5u h\u1ed3ng ngo\u1ea1i \u0111\u01b0\u1ee3c thi\u1ebft k\u1ebf hai v\u00f2ng nhi\u1ec7t, ti\u1ebft ki\u1ec7m \u0111i\u1ec7n n\u0103ng v\u00e0 an to\u00e0n trong qu\u00e1 tr\u00ecnh s\u1eed d\u1ee5ng, b\u1edfi khi b\u1ea1n n\u1ea5u xoong n\u1ed3i nh\u1ecf khi \u0111\u00f3 b\u1ea1n ch\u1ec9 c\u1ea7n ch\u1ecdn m\u1ee9c v\u00f2ng nhi\u1ec7t nh\u1ecf, l\u00fac n\u00e0y s\u1ebd r\u1ea5t ti\u1ebft ki\u1ec7m \u0111i\u1ec7n n\u0103ng cho b\u1ea1n trong qu\u00e1 tr\u00ecnh s\u1eed d\u1ee5ng, b\u1edfi b\u1ebfp kh\u00f4ng sinh nhi\u1ec7t\u00a0 l\u1edbn h\u01a1n so v\u1edbi di\u1ec7n t\u00edch xoong n\u1ed3i, kh\u00f4ng g\u00e2y qu\u00e1 n\u00f3ng cho b\u1ea1n trong qu\u00e1 tr\u00ecnh \u0111un n\u00f3ng.<\/p>\n<p>B\u1ebfp \u0111i\u1ec7n t\u1eeb <strong>Batani EG-16<\/strong> l\u00e0 m\u1eabu\u00a0<strong>b\u1ebfp \u0111i\u1ec7n t\u1eeb<\/strong> \u0111\u00f4i c\u00f3 thi\u1ebft k\u1ebf \u0111\u1ec3 \u0111\u1eb7t \u00e2m ho\u1eb7c \u0111\u1eb7t d\u01b0\u01a1ng b\u00e0n b\u1ebfp t\u00f9y \u00fd. B\u1ebfp c\u00f3 hai v\u00f9ng n\u1ea5u m\u1ed9t b\u00ean l\u00e0 t\u1eeb v\u00e0 m\u1ed9t b\u00ean l\u00e0 \u0111i\u1ec7n, b\u00ean t\u1eeb s\u1eed d\u1ee5ng c\u00f4ng ngh\u1ec7 m\u1edbi indution ti\u1ebft ki\u1ec7m \u0111i\u1ec7n c\u00f3 th\u1ec3 chuy\u00ean d\u00f9ng \u0111\u1ec3 n\u1ea5u lu\u1ed9c c\u00f3 c\u00f4ng su\u1ea5t t\u1ed1i \u0111a l\u00e0: 1800W. B\u00ean \u0111i\u1ec7n s\u1eed d\u1ee5ng ch\u1ebf \u0111\u1ed9 2 v\u00f2ng nhi\u1ec7t ph\u00f9 h\u1ee3p c\u00f9ng t\u1ea5t c\u1ea3 c\u00e1c lo\u1ea1i ch\u1ea5t li\u1ec7u xoong n\u1ed3i kh\u00e1c nhau chuy\u00ean d\u00f9ng \u0111\u1ec3 x\u00e0o, d\u00e1n, ninh, h\u1ea7m c\u00f3 c\u00f4ng su\u1ea5t t\u1ed1i \u0111a l\u00e0: 2000W t\u1ed5ng c\u00f4ng su\u1ea5t c\u1ee7a to\u00e0n b\u1ebfp l\u00e0 3800W. M\u1eb7t b\u1ebfp \u0111i\u1ec7n t\u1eeb Batani l\u00e0m b\u1eb1ng k\u00ednh Ceramic k\u00ednh c\u01b0\u1eddng l\u1ef1c ch\u1ecbu l\u1ef1c ch\u1ecbu nhi\u1ec7t t\u1ed1t v\u1edbi m\u00e0u s\u1eafc \u0111en sang tr\u1ecdng d\u1ec5 v\u1ec7 sinh.<\/p>\n<p>B\u1ea3ng \u0111i\u1ec1u khi\u1ec3n c\u1ee7a b\u1ebfp \u0111\u01b0\u1ee3c thi\u1ebft k\u1ebf d\u1ea1ng \u1ea9n v\u1edbi ph\u00edm \u0111i\u1ec1u ch\u1ec9nh n\u00fat &#8220;+&#8221;, &#8220;-&#8221; d\u1ec5 s\u1eed s\u1ee5ng, b\u1ea3ng \u0111i\u1ec1u khi\u1ec3n c\u00f3 \u0111\u1ea7y \u0111\u1ee7 c\u00e1c t\u00ednh n\u0103ng nh\u01b0 kh\u00f3a tr\u1ebb an to\u00e0n, h\u1eb9n gi\u1edd n\u1ea5u th\u00f4ng minh&#8230;<\/p>\n<p><strong>Th\u00f4ng s\u1ed1 k\u1ef9 thu\u1eadt c\u1ee7a b\u1ebfp:<\/strong><\/p>\n<p>B\u1ebfp \u0111i\u1ec7n t\u1eeb Batani EG-16<br \/>\nB\u1ebfp \u0111i\u1ec7n t\u1eeb 2 v\u00f9ng n\u1ea5u<br \/>\nC\u00f4ng su\u1ea5t: 1800W(t\u1eeb)+ 2000W( \u0111i\u1ec7n)<br \/>\nM\u00e2m \u0111\u1ed3ng, chip \u0111i\u1ec1u khi\u1ec3n Siemens IGBT<br \/>\nLinh ki\u1ec7n cao c\u1ea5p: Siemens, Schott<br \/>\nK\u00edch th\u01b0\u1edbc m\u1eb7t k\u00ednh: 736 x 416 mm<br \/>\nK\u00edch th\u01b0\u1edbc c\u1eaft \u0111\u00e1: 670 x 390 mm<\/p>\n","protected":false},"excerpt":{"rendered":"<p>Th\u00f4ng tin s\u1ea3n ph\u1ea9m b\u1ebfp \u0111i\u1ec7n t\u1eeb Batani EG-16 B\u1ebfp \u0111i\u1ec7n t\u1eeb Batani EG-16 \u0111\u01b0\u1ee3c thi\u1ebft k\u1ebf m\u1ed9t v\u00f9ng n\u1ea5u t\u1eeb v\u00e0 m\u1ed9t v\u00f9ng n\u1ea5u h\u1ed3ng ngo\u1ea1i, b\u1ebfp \u0111\u01b0\u1ee3c thi\u1ebft k\u1ebf th\u00f4ng minh nh\u1edd h\u1ec7 th\u1ed1ng b\u1ea3ng \u0111i\u1ec1u khi\u1ec3n d\u1ec5 s\u1eed d\u1ee5ng. B\u1ea1n c\u00f3 th\u1ec3 \u0111i\u1ec1u ch\u1ec9nh m\u1ee9c c\u00f4ng su\u1ea5t m\u1ed9t c\u00e1ch d\u1ec5 d\u00e0ng theo [&#8230;]\n","protected":false},"featured_media":635,"comment_status":"open","ping_status":"closed","template":"","meta":[],"product_cat":[20],"product_tag":[],"class_list":{"0":"post-634","1":"product","2":"type-product","3":"status-publish","4":"has-post-thumbnail","6":"product_cat-bep-dien-tu","8":"first","9":"instock","10":"shipping-taxable","11":"purchasable","12":"product-type-simple"},"yoast_head":"<!-- This site is optimized with the Yoast SEO plugin v18.8 - https:\/\/yoast.com\/wordpress\/plugins\/seo\/ -->\n<title>B\u1ebfp \u0111i\u1ec7n t\u1eeb Batani EG-16 - Batani<\/title>\n<meta name=\"robots\" content=\"index, follow, max-snippet:-1, max-image-preview:large, max-video-preview:-1\" \/>\n<link rel=\"canonical\" href=\"https:\/\/batani.vn\/?product=bep-dien-tu-batani-eg-16\" \/>\n<meta property=\"og:locale\" content=\"vi_VN\" \/>\n<meta property=\"og:type\" content=\"article\" \/>\n<meta property=\"og:title\" content=\"B\u1ebfp \u0111i\u1ec7n t\u1eeb Batani EG-16 - Batani\" \/>\n<meta property=\"og:description\" content=\"Th\u00f4ng tin s\u1ea3n ph\u1ea9m b\u1ebfp \u0111i\u1ec7n t\u1eeb Batani EG-16 B\u1ebfp \u0111i\u1ec7n t\u1eeb Batani EG-16 \u0111\u01b0\u1ee3c thi\u1ebft k\u1ebf m\u1ed9t v\u00f9ng n\u1ea5u t\u1eeb v\u00e0 m\u1ed9t v\u00f9ng n\u1ea5u h\u1ed3ng ngo\u1ea1i, b\u1ebfp \u0111\u01b0\u1ee3c thi\u1ebft k\u1ebf th\u00f4ng minh nh\u1edd h\u1ec7 th\u1ed1ng b\u1ea3ng \u0111i\u1ec1u khi\u1ec3n d\u1ec5 s\u1eed d\u1ee5ng. B\u1ea1n c\u00f3 th\u1ec3 \u0111i\u1ec1u ch\u1ec9nh m\u1ee9c c\u00f4ng su\u1ea5t m\u1ed9t c\u00e1ch d\u1ec5 d\u00e0ng theo [...]\" \/>\n<meta property=\"og:url\" content=\"https:\/\/batani.vn\/?product=bep-dien-tu-batani-eg-16\" \/>\n<meta property=\"og:site_name\" content=\"Batani\" \/>\n<meta property=\"article:modified_time\" content=\"2023-08-10T10:55:49+00:00\" \/>\n<meta property=\"og:image\" content=\"https:\/\/batani.vn\/wp-content\/uploads\/2023\/08\/bep-dien-tu-batani-eg-16.jpg\" \/>\n\t<meta property=\"og:image:width\" content=\"1058\" \/>\n\t<meta property=\"og:image:height\" content=\"613\" \/>\n\t<meta property=\"og:image:type\" content=\"image\/jpeg\" \/>\n<meta name=\"twitter:card\" content=\"summary_large_image\" \/>\n<meta name=\"twitter:label1\" content=\"\u01af\u1edbc t\u00ednh th\u1eddi gian \u0111\u1ecdc\" \/>\n\t<meta name=\"twitter:data1\" content=\"3 ph\u00fat\" \/>\n<script type=\"application\/ld+json\" class=\"yoast-schema-graph\">{\"@context\":\"https:\/\/schema.org\",\"@graph\":[{\"@type\":\"WebSite\",\"@id\":\"https:\/\/batani.vn\/#website\",\"url\":\"https:\/\/batani.vn\/\",\"name\":\"Batani\",\"description\":\"Thi\u1ebft b\u1ecb nh\u00e0 b\u1ebfp cao c\u1ea5p Batani\",\"potentialAction\":[{\"@type\":\"SearchAction\",\"target\":{\"@type\":\"EntryPoint\",\"urlTemplate\":\"https:\/\/batani.vn\/?s={search_term_string}\"},\"query-input\":\"required name=search_term_string\"}],\"inLanguage\":\"vi\"},{\"@type\":\"ImageObject\",\"inLanguage\":\"vi\",\"@id\":\"https:\/\/batani.vn\/?product=bep-dien-tu-batani-eg-16#primaryimage\",\"url\":\"https:\/\/batani.vn\/wp-content\/uploads\/2023\/08\/bep-dien-tu-batani-eg-16.jpg\",\"contentUrl\":\"https:\/\/batani.vn\/wp-content\/uploads\/2023\/08\/bep-dien-tu-batani-eg-16.jpg\",\"width\":1058,\"height\":613},{\"@type\":\"WebPage\",\"@id\":\"https:\/\/batani.vn\/?product=bep-dien-tu-batani-eg-16#webpage\",\"url\":\"https:\/\/batani.vn\/?product=bep-dien-tu-batani-eg-16\",\"name\":\"B\u1ebfp \u0111i\u1ec7n t\u1eeb Batani EG-16 - Batani\",\"isPartOf\":{\"@id\":\"https:\/\/batani.vn\/#website\"},\"primaryImageOfPage\":{\"@id\":\"https:\/\/batani.vn\/?product=bep-dien-tu-batani-eg-16#primaryimage\"},\"datePublished\":\"2023-08-10T10:55:04+00:00\",\"dateModified\":\"2023-08-10T10:55:49+00:00\",\"breadcrumb\":{\"@id\":\"https:\/\/batani.vn\/?product=bep-dien-tu-batani-eg-16#breadcrumb\"},\"inLanguage\":\"vi\",\"potentialAction\":[{\"@type\":\"ReadAction\",\"target\":[\"https:\/\/batani.vn\/?product=bep-dien-tu-batani-eg-16\"]}]},{\"@type\":\"BreadcrumbList\",\"@id\":\"https:\/\/batani.vn\/?product=bep-dien-tu-batani-eg-16#breadcrumb\",\"itemListElement\":[{\"@type\":\"ListItem\",\"position\":1,\"name\":\"Trang ch\u1ee7\",\"item\":\"https:\/\/batani.vn\/\"},{\"@type\":\"ListItem\",\"position\":2,\"name\":\"C\u1eeda h\u00e0ng\",\"item\":\"https:\/\/batani.vn\/?page_id=6\"},{\"@type\":\"ListItem\",\"position\":3,\"name\":\"B\u1ebfp \u0111i\u1ec7n t\u1eeb Batani EG-16\"}]}]}<\/script>\n<!-- \/ Yoast SEO plugin. -->","yoast_head_json":{"title":"B\u1ebfp \u0111i\u1ec7n t\u1eeb Batani EG-16 - Batani","robots":{"index":"index","follow":"follow","max-snippet":"max-snippet:-1","max-image-preview":"max-image-preview:large","max-video-preview":"max-video-preview:-1"},"canonical":"https:\/\/batani.vn\/?product=bep-dien-tu-batani-eg-16","og_locale":"vi_VN","og_type":"article","og_title":"B\u1ebfp \u0111i\u1ec7n t\u1eeb Batani EG-16 - Batani","og_description":"Th\u00f4ng tin s\u1ea3n ph\u1ea9m b\u1ebfp \u0111i\u1ec7n t\u1eeb Batani EG-16 B\u1ebfp \u0111i\u1ec7n t\u1eeb Batani EG-16 \u0111\u01b0\u1ee3c thi\u1ebft k\u1ebf m\u1ed9t v\u00f9ng n\u1ea5u t\u1eeb v\u00e0 m\u1ed9t v\u00f9ng n\u1ea5u h\u1ed3ng ngo\u1ea1i, b\u1ebfp \u0111\u01b0\u1ee3c thi\u1ebft k\u1ebf th\u00f4ng minh nh\u1edd h\u1ec7 th\u1ed1ng b\u1ea3ng \u0111i\u1ec1u khi\u1ec3n d\u1ec5 s\u1eed d\u1ee5ng. B\u1ea1n c\u00f3 th\u1ec3 \u0111i\u1ec1u ch\u1ec9nh m\u1ee9c c\u00f4ng su\u1ea5t m\u1ed9t c\u00e1ch d\u1ec5 d\u00e0ng theo [...]","og_url":"https:\/\/batani.vn\/?product=bep-dien-tu-batani-eg-16","og_site_name":"Batani","article_modified_time":"2023-08-10T10:55:49+00:00","og_image":[{"width":1058,"height":613,"url":"https:\/\/batani.vn\/wp-content\/uploads\/2023\/08\/bep-dien-tu-batani-eg-16.jpg","type":"image\/jpeg"}],"twitter_card":"summary_large_image","twitter_misc":{"\u01af\u1edbc t\u00ednh th\u1eddi gian \u0111\u1ecdc":"3 ph\u00fat"},"schema":{"@context":"https:\/\/schema.org","@graph":[{"@type":"WebSite","@id":"https:\/\/batani.vn\/#website","url":"https:\/\/batani.vn\/","name":"Batani","description":"Thi\u1ebft b\u1ecb nh\u00e0 b\u1ebfp cao c\u1ea5p Batani","potentialAction":[{"@type":"SearchAction","target":{"@type":"EntryPoint","urlTemplate":"https:\/\/batani.vn\/?s={search_term_string}"},"query-input":"required name=search_term_string"}],"inLanguage":"vi"},{"@type":"ImageObject","inLanguage":"vi","@id":"https:\/\/batani.vn\/?product=bep-dien-tu-batani-eg-16#primaryimage","url":"https:\/\/batani.vn\/wp-content\/uploads\/2023\/08\/bep-dien-tu-batani-eg-16.jpg","contentUrl":"https:\/\/batani.vn\/wp-content\/uploads\/2023\/08\/bep-dien-tu-batani-eg-16.jpg","width":1058,"height":613},{"@type":"WebPage","@id":"https:\/\/batani.vn\/?product=bep-dien-tu-batani-eg-16#webpage","url":"https:\/\/batani.vn\/?product=bep-dien-tu-batani-eg-16","name":"B\u1ebfp \u0111i\u1ec7n t\u1eeb Batani EG-16 - Batani","isPartOf":{"@id":"https:\/\/batani.vn\/#website"},"primaryImageOfPage":{"@id":"https:\/\/batani.vn\/?product=bep-dien-tu-batani-eg-16#primaryimage"},"datePublished":"2023-08-10T10:55:04+00:00","dateModified":"2023-08-10T10:55:49+00:00","breadcrumb":{"@id":"https:\/\/batani.vn\/?product=bep-dien-tu-batani-eg-16#breadcrumb"},"inLanguage":"vi","potentialAction":[{"@type":"ReadAction","target":["https:\/\/batani.vn\/?product=bep-dien-tu-batani-eg-16"]}]},{"@type":"BreadcrumbList","@id":"https:\/\/batani.vn\/?product=bep-dien-tu-batani-eg-16#breadcrumb","itemListElement":[{"@type":"ListItem","position":1,"name":"Trang ch\u1ee7","item":"https:\/\/batani.vn\/"},{"@type":"ListItem","position":2,"name":"C\u1eeda h\u00e0ng","item":"https:\/\/batani.vn\/?page_id=6"},{"@type":"ListItem","position":3,"name":"B\u1ebfp \u0111i\u1ec7n t\u1eeb Batani EG-16"}]}]}},"_links":{"self":[{"href":"https:\/\/batani.vn\/index.php?rest_route=\/wp\/v2\/product\/634","targetHints":{"allow":["GET"]}}],"collection":[{"href":"https:\/\/batani.vn\/index.php?rest_route=\/wp\/v2\/product"}],"about":[{"href":"https:\/\/batani.vn\/index.php?rest_route=\/wp\/v2\/types\/product"}],"replies":[{"embeddable":true,"href":"https:\/\/batani.vn\/index.php?rest_route=%2Fwp%2Fv2%2Fcomments&post=634"}],"wp:featuredmedia":[{"embeddable":true,"href":"https:\/\/batani.vn\/index.php?rest_route=\/wp\/v2\/media\/635"}],"wp:attachment":[{"href":"https:\/\/batani.vn\/index.php?rest_route=%2Fwp%2Fv2%2Fmedia&parent=634"}],"wp:term":[{"taxonomy":"product_cat","embeddable":true,"href":"https:\/\/batani.vn\/index.php?rest_route=%2Fwp%2Fv2%2Fproduct_cat&post=634"},{"taxonomy":"product_tag","embeddable":true,"href":"https:\/\/batani.vn\/index.php?rest_route=%2Fwp%2Fv2%2Fproduct_tag&post=634"}],"curies":[{"name":"wp","href":"https:\/\/api.w.org\/{rel}","templated":true}]}}