{"id":631,"date":"2023-08-10T10:41:12","date_gmt":"2023-08-10T10:41:12","guid":{"rendered":"https:\/\/batani.vn\/?post_type=product&#038;p=631"},"modified":"2023-08-10T10:43:52","modified_gmt":"2023-08-10T10:43:52","slug":"bep-tu-batani-eg-15","status":"publish","type":"product","link":"https:\/\/batani.vn\/?product=bep-tu-batani-eg-15","title":{"rendered":"B\u1ebfp t\u1eeb Batani EG-15"},"content":{"rendered":"<h2 class=\"title-read\" style=\"text-align: justify;\">Gi\u1edbi thi\u1ec7u b\u1ebfp t\u1eeb Batani EG-15<\/h2>\n<div class=\"content-read detail-des-ct\" style=\"text-align: justify;\">\n<div class=\"content-read-fix detal-des-fix show-all\">\n<div class=\"content-read-read detal-des-read nd\">\n<p>B\u1ebfp t\u1eeb \u0111\u00f4i Batani EG-15 \u0111\u01b0\u1ee3c s\u1ea3n xu\u1ea5t theo ti\u00eau chu\u1ea9n c\u00f4ng ngh\u1ec7 ch\u00e2u \u00c2u. B\u1ebfp s\u1eed d\u1ee5ng m\u1eb7t k\u00ednh <strong>Ceramic<\/strong> si\u00eau b\u1ec1n. B\u1ec1 m\u1eb7t k\u00ednh ph\u1eb3ng, s\u00e1ng m\u1ecbn l\u00e0m n\u1ed5i b\u1eadt kh\u00f4ng gian b\u1ebfp.<\/p>\n<p><strong>Giao di\u1ec7n \u0111\u01b0\u1ee3c thi\u1ebft k\u1ebf n\u1ed5i b\u1eadt v\u00e0 \u0111\u1ed9c \u0111\u00e1o<\/strong><\/p>\n<p>Batani EG-15 \u0111\u01b0\u1ee3c thi\u1ebft k\u1ebf m\u00e0u \u0111en, b\u1ea3ng \u0111i\u1ec1u khi\u1ec3n c\u1ea3m \u1ee9ng si\u00eau nh\u1ea1y, v\u1edbi c\u00e1c ph\u00edm ch\u1ee9c n\u0103ng c\u00f3 c\u00e1c bi\u1ec3u t\u01b0\u1ee3ng \u0111\u01a1n gi\u1ea3n, d\u1ec5 d\u00e0ng thao t\u00e1c, k\u1ec3 c\u1ea3 v\u1edbi ng\u01b0\u1eddi l\u1edbn tu\u1ed5i. EG-15 s\u1eed d\u1ee5ng 2 b\u1ea3ng \u0111i\u1ec1u khi\u1ec3n ri\u00eang bi\u1ec7t cho 2 v\u00f9ng n\u1ea5u.<\/p>\n<p><img loading=\"lazy\" decoding=\"async\" class=\"alignnone size-full wp-image-632\" src=\"https:\/\/batani.vn\/wp-content\/uploads\/2023\/08\/bep-tu-batani-eg-15.jpg\" alt=\"\" width=\"1058\" height=\"613\" srcset=\"https:\/\/batani.vn\/wp-content\/uploads\/2023\/08\/bep-tu-batani-eg-15.jpg 1058w, https:\/\/batani.vn\/wp-content\/uploads\/2023\/08\/bep-tu-batani-eg-15-768x445.jpg 768w, https:\/\/batani.vn\/wp-content\/uploads\/2023\/08\/bep-tu-batani-eg-15-300x174.jpg 300w, https:\/\/batani.vn\/wp-content\/uploads\/2023\/08\/bep-tu-batani-eg-15-600x348.jpg 600w\" sizes=\"auto, (max-width: 1058px) 100vw, 1058px\" \/><\/p>\n<p>Batani EG-15 s\u1eed d\u1ee5ng m\u00e2m t\u1eeb b\u1eb1ng \u0111\u1ed3ng nguy\u00ean ch\u1ea5t v\u1edbi tu\u1ed5i th\u1ecd cao, l\u00e0m n\u00f3ng nhanh v\u00e0 ph\u00e2n ph\u1ed1i nhi\u1ec7t l\u01b0\u1ee3ng \u0111\u1ec1u. M\u00e2m t\u1eeb t\u1ef1 \u0111\u1ed9ng nh\u1eadn bi\u1ebft k\u00edch c\u1ee1 \u0111\u00e1y n\u1ed3i, n\u00e2ng cao hi\u1ec7u su\u1ea5t \u0111un n\u1ea5u, ti\u1ebft ki\u1ec7m \u0111i\u1ec7n n\u0103ng.<\/p>\n<p>M\u1ed7i v\u00f9ng n\u1ea5u tr\u00ean b\u1ebfp t\u1eeb EG-15 c\u00f3 th\u1ec3 \u0111i\u1ec1u ch\u1ec9nh 8 m\u1ee9c c\u00f4ng su\u1ea5t n\u1ea5u t\u1eeb th\u1ea5p \u0111\u1ebfn cao v\u1edbi m\u1ee9c c\u00f4ng su\u1ea5t 1800W\/v\u00f9ng n\u1ea5u.<\/p>\n<p>B\u1ebfp c\u00f3 c\u00f4ng su\u1ea5t \u0111\u1ed9c l\u1eadp t\u1eebng v\u00f9ng n\u1ea5u, gi\u00fap n\u1ea5u nhanh h\u01a1n, ti\u1ebft ki\u1ec7m th\u1eddi gian t\u1ed1i \u0111a.<\/p>\n<p><strong>Nhi\u1ec1u t\u00ednh n\u0103ng th\u00f4ng minh v\u00e0 an to\u00e0n<\/strong><\/p>\n<p>EG-15\u00a0\u0111\u01b0\u1ee3c trang b\u1ecb nhi\u1ec1u t\u00ednh n\u0103ng th\u00f4ng minh v\u00e0 an to\u00e0n, \u0111\u1ea3m b\u1ea3o nhi\u1ec1u tr\u1ea3i nghi\u1ec7m y\u00eau th\u00edch cho ng\u01b0\u1eddi d\u00f9ng khi v\u00e0o b\u1ebfp.<\/p>\n<p><strong>H\u1eb9n gi\u1edd:<\/strong> EG-15 c\u00f3 th\u1ec3 h\u1eb9n gi\u1edd \u0111\u1ed9c l\u1eadp cho t\u1eebng v\u00f9ng n\u1ea5u, th\u1eddi gian h\u1eb9n \u0111\u1ebfn 99 ph\u00fat. Ng\u01b0\u1eddi d\u00f9ng c\u00f3 th\u1ec3 linh ho\u1ea1t h\u1eb9n gi\u1edd n\u1ea5u cho t\u1eebng m\u00f3n \u0103n m\u00e0 kh\u00f4ng lo b\u1ecb qu\u00ean d\u1eabn \u0111\u1ebfn th\u1ee9c \u0103n b\u1ecb qu\u00e1 nh\u1eeb hay ch\u00e1y, kh\u00e9t.<\/p>\n<p><strong>Kh\u00f3a an to\u00e0n Child Lock:<\/strong>\u00a0Nh\u1ea5n v\u00e0o ph\u00edm kh\u00f3a 1s \u0111\u1ec3 k\u00edch ho\u1ea1t t\u00ednh n\u0103ng kh\u00f3a. L\u00fac n\u00e0y, c\u00e1c ph\u00edm tr\u00ean b\u1ebfp s\u1ebd b\u1ecb v\u00f4 hi\u1ec7u h\u00f3a (ch\u1ec9 m\u1edf n\u00fat ngu\u1ed3n v\u00e0 Kh\u00f3a), ng\u01b0\u1eddi kh\u00e1c, \u0111\u1eb7c bi\u1ec7t l\u00e0 tr\u1ebb em khi v\u00f4 t\u00ecnh ch\u1ea1m v\u00e0o b\u00e0n ph\u00edm b\u1ebfp c\u0169ng s\u1ebd kh\u00f4ng l\u00e0m thay \u0111\u1ed5i c\u00e1c ch\u01b0\u01a1ng tr\u00ecnh n\u1ea5u \u0111\u00e3 \u0111\u01b0\u1ee3c c\u00e0i \u0111\u1eb7t. Gi\u1eef v\u00e0o ph\u00edm kh\u00f3a 3s \u0111\u1ec3 m\u1edf l\u1ea1i.<\/p>\n<p><strong>C\u1ea3nh b\u00e1o nhi\u1ec7t d\u01b0:<\/strong>\u00a0Sau khi s\u1eed d\u1ee5ng, n\u1ebfu v\u00f9ng n\u1ea5u m\u1eb7t b\u1ebfp c\u00f2n n\u00f3ng, m\u00e0n h\u00ecnh LED s\u1ebd hi\u1ec3n th\u1ecb ch\u1eef H \u0111\u1ec3 c\u1ea3nh b\u00e1o \u0111\u1ec3 ng\u01b0\u1eddi d\u00f9ng kh\u00f4ng ch\u1ea1m tay v\u00e0o m\u1eb7t b\u1ebfp g\u00e2y b\u1ecfng.\u00a0Khi nhi\u1ec7t \u0111\u1ed9 m\u1eb7t b\u1ebfp gi\u1ea3m xu\u1ed1ng m\u1ee9c an to\u00e0n, \u0111\u00e8n b\u00e1o ch\u1eef H s\u1ebd t\u1ef1 \u0111\u1ed9ng t\u1eaft.<\/p>\n<p><strong>T\u1ef1 \u0111\u1ed9ng t\u1eaft b\u1ebfp<\/strong>\u00a0khi \u0111\u1ec3 qu\u00ean hay khi kh\u00f4ng c\u00f3 n\u1ed3i gi\u00fap ti\u1ebft ki\u1ec7m v\u00e0 tr\u00e1nh l\u00e3ng ph\u00ed \u0111i\u1ec7n: Trong qu\u00e1 tr\u00ecnh \u0111un n\u1ea5u, n\u1ebfu n\u1ed3i b\u1ecb nh\u1ea5c ra kh\u1ecfi v\u00f9ng n\u1ea5u c\u1ee7a b\u1ebfp th\u00ec b\u1ebfp c\u0169ng s\u1ebd t\u1ef1 ng\u1eaft c\u00f4ng su\u1ea5t, kh\u00f4ng ho\u1ea1t \u0111\u1ed9ng tr\u00ean v\u00f9ng n\u1ea5u \u0111\u00f3.<\/p>\n<p><strong>H\u1ec7 th\u1ed1ng b\u1ea3o v\u1ec7 qu\u00e1 nhi\u1ec7t, qu\u00e1 \u00e1p<\/strong>: Khi c\u00f3 hi\u1ec7n t\u01b0\u1ee3ng qu\u00e1 nhi\u1ec7t, qu\u00e1 \u00e1p trong qu\u00e1 tr\u00ecnh \u0111un n\u1ea5u, b\u1ebfp s\u1ebd t\u1ef1 \u0111\u1ed9ng ng\u1eaft c\u00f4ng su\u1ea5t \u0111\u1ec3 \u0111\u1ea3m b\u1ea3o an to\u00e0n cho b\u1ebfp v\u00e0 c\u1ea3 ngu\u1ed3n \u0111i\u1ec7n<\/p>\n<\/div>\n<\/div>\n<\/div>\n<h3 style=\"text-align: justify;\">Th\u00f4ng s\u1ed1 k\u1ef9 thu\u1eadt<\/h3>\n<ul>\n<li style=\"text-align: justify;\">\u0110i\u1ec7n \u00e1p: 220-240V\/50hz<\/li>\n<li style=\"text-align: justify;\">T\u1ed5ng c\u00f4ng su\u1ea5t: 4000W<\/li>\n<li style=\"text-align: justify;\">C\u00f4ng su\u1ea5t l\u00f2 t\u1eeb tr\u00e1i: 2000W<\/li>\n<li style=\"text-align: justify;\">C\u00f4ng su\u1ea5t l\u00f2 t\u1eeb ph\u1ea3i: 2000W<\/li>\n<li style=\"text-align: justify;\">K\u00edch th\u01b0\u1edbc m\u1eb7t b\u1ebfp: 730 x 430mm<\/li>\n<li style=\"text-align: justify;\">K\u00edch th\u01b0\u1edbc kho\u00e9t \u0111\u00e1: 670 x 390mm<\/li>\n<\/ul>\n","protected":false},"excerpt":{"rendered":"<p>Gi\u1edbi thi\u1ec7u b\u1ebfp t\u1eeb Batani EG-15 B\u1ebfp t\u1eeb \u0111\u00f4i Batani EG-15 \u0111\u01b0\u1ee3c s\u1ea3n xu\u1ea5t theo ti\u00eau chu\u1ea9n c\u00f4ng ngh\u1ec7 ch\u00e2u \u00c2u. B\u1ebfp s\u1eed d\u1ee5ng m\u1eb7t k\u00ednh Ceramic si\u00eau b\u1ec1n. B\u1ec1 m\u1eb7t k\u00ednh ph\u1eb3ng, s\u00e1ng m\u1ecbn l\u00e0m n\u1ed5i b\u1eadt kh\u00f4ng gian b\u1ebfp. Giao di\u1ec7n \u0111\u01b0\u1ee3c thi\u1ebft k\u1ebf n\u1ed5i b\u1eadt v\u00e0 \u0111\u1ed9c \u0111\u00e1o Batani EG-15 \u0111\u01b0\u1ee3c thi\u1ebft [&#8230;]\n","protected":false},"featured_media":632,"comment_status":"open","ping_status":"closed","template":"","meta":[],"product_cat":[21],"product_tag":[],"class_list":{"0":"post-631","1":"product","2":"type-product","3":"status-publish","4":"has-post-thumbnail","6":"product_cat-bep-tu","8":"first","9":"instock","10":"shipping-taxable","11":"purchasable","12":"product-type-simple"},"yoast_head":"<!-- This site is optimized with the Yoast SEO plugin v18.8 - https:\/\/yoast.com\/wordpress\/plugins\/seo\/ -->\n<title>B\u1ebfp t\u1eeb Batani EG-15 - Batani<\/title>\n<meta name=\"robots\" content=\"index, follow, max-snippet:-1, max-image-preview:large, max-video-preview:-1\" \/>\n<link rel=\"canonical\" href=\"https:\/\/batani.vn\/?product=bep-tu-batani-eg-15\" \/>\n<meta property=\"og:locale\" content=\"vi_VN\" \/>\n<meta property=\"og:type\" content=\"article\" \/>\n<meta property=\"og:title\" content=\"B\u1ebfp t\u1eeb Batani EG-15 - Batani\" \/>\n<meta property=\"og:description\" content=\"Gi\u1edbi thi\u1ec7u b\u1ebfp t\u1eeb Batani EG-15 B\u1ebfp t\u1eeb \u0111\u00f4i Batani EG-15 \u0111\u01b0\u1ee3c s\u1ea3n xu\u1ea5t theo ti\u00eau chu\u1ea9n c\u00f4ng ngh\u1ec7 ch\u00e2u \u00c2u. B\u1ebfp s\u1eed d\u1ee5ng m\u1eb7t k\u00ednh Ceramic si\u00eau b\u1ec1n. B\u1ec1 m\u1eb7t k\u00ednh ph\u1eb3ng, s\u00e1ng m\u1ecbn l\u00e0m n\u1ed5i b\u1eadt kh\u00f4ng gian b\u1ebfp. Giao di\u1ec7n \u0111\u01b0\u1ee3c thi\u1ebft k\u1ebf n\u1ed5i b\u1eadt v\u00e0 \u0111\u1ed9c \u0111\u00e1o Batani EG-15 \u0111\u01b0\u1ee3c thi\u1ebft [...]\" \/>\n<meta property=\"og:url\" content=\"https:\/\/batani.vn\/?product=bep-tu-batani-eg-15\" \/>\n<meta property=\"og:site_name\" content=\"Batani\" \/>\n<meta property=\"article:modified_time\" content=\"2023-08-10T10:43:52+00:00\" \/>\n<meta property=\"og:image\" content=\"https:\/\/batani.vn\/wp-content\/uploads\/2023\/08\/bep-tu-batani-eg-15.jpg\" \/>\n\t<meta property=\"og:image:width\" content=\"1058\" \/>\n\t<meta property=\"og:image:height\" content=\"613\" \/>\n\t<meta property=\"og:image:type\" content=\"image\/jpeg\" \/>\n<meta name=\"twitter:card\" content=\"summary_large_image\" \/>\n<meta name=\"twitter:label1\" content=\"\u01af\u1edbc t\u00ednh th\u1eddi gian \u0111\u1ecdc\" \/>\n\t<meta name=\"twitter:data1\" content=\"4 ph\u00fat\" \/>\n<script type=\"application\/ld+json\" class=\"yoast-schema-graph\">{\"@context\":\"https:\/\/schema.org\",\"@graph\":[{\"@type\":\"WebSite\",\"@id\":\"https:\/\/batani.vn\/#website\",\"url\":\"https:\/\/batani.vn\/\",\"name\":\"Batani\",\"description\":\"Thi\u1ebft b\u1ecb nh\u00e0 b\u1ebfp cao c\u1ea5p Batani\",\"potentialAction\":[{\"@type\":\"SearchAction\",\"target\":{\"@type\":\"EntryPoint\",\"urlTemplate\":\"https:\/\/batani.vn\/?s={search_term_string}\"},\"query-input\":\"required name=search_term_string\"}],\"inLanguage\":\"vi\"},{\"@type\":\"ImageObject\",\"inLanguage\":\"vi\",\"@id\":\"https:\/\/batani.vn\/?product=bep-tu-batani-eg-15#primaryimage\",\"url\":\"https:\/\/batani.vn\/wp-content\/uploads\/2023\/08\/bep-tu-batani-eg-15.jpg\",\"contentUrl\":\"https:\/\/batani.vn\/wp-content\/uploads\/2023\/08\/bep-tu-batani-eg-15.jpg\",\"width\":1058,\"height\":613},{\"@type\":\"WebPage\",\"@id\":\"https:\/\/batani.vn\/?product=bep-tu-batani-eg-15#webpage\",\"url\":\"https:\/\/batani.vn\/?product=bep-tu-batani-eg-15\",\"name\":\"B\u1ebfp t\u1eeb Batani EG-15 - Batani\",\"isPartOf\":{\"@id\":\"https:\/\/batani.vn\/#website\"},\"primaryImageOfPage\":{\"@id\":\"https:\/\/batani.vn\/?product=bep-tu-batani-eg-15#primaryimage\"},\"datePublished\":\"2023-08-10T10:41:12+00:00\",\"dateModified\":\"2023-08-10T10:43:52+00:00\",\"breadcrumb\":{\"@id\":\"https:\/\/batani.vn\/?product=bep-tu-batani-eg-15#breadcrumb\"},\"inLanguage\":\"vi\",\"potentialAction\":[{\"@type\":\"ReadAction\",\"target\":[\"https:\/\/batani.vn\/?product=bep-tu-batani-eg-15\"]}]},{\"@type\":\"BreadcrumbList\",\"@id\":\"https:\/\/batani.vn\/?product=bep-tu-batani-eg-15#breadcrumb\",\"itemListElement\":[{\"@type\":\"ListItem\",\"position\":1,\"name\":\"Trang ch\u1ee7\",\"item\":\"https:\/\/batani.vn\/\"},{\"@type\":\"ListItem\",\"position\":2,\"name\":\"C\u1eeda h\u00e0ng\",\"item\":\"https:\/\/batani.vn\/?page_id=6\"},{\"@type\":\"ListItem\",\"position\":3,\"name\":\"B\u1ebfp t\u1eeb Batani EG-15\"}]}]}<\/script>\n<!-- \/ Yoast SEO plugin. -->","yoast_head_json":{"title":"B\u1ebfp t\u1eeb Batani EG-15 - Batani","robots":{"index":"index","follow":"follow","max-snippet":"max-snippet:-1","max-image-preview":"max-image-preview:large","max-video-preview":"max-video-preview:-1"},"canonical":"https:\/\/batani.vn\/?product=bep-tu-batani-eg-15","og_locale":"vi_VN","og_type":"article","og_title":"B\u1ebfp t\u1eeb Batani EG-15 - Batani","og_description":"Gi\u1edbi thi\u1ec7u b\u1ebfp t\u1eeb Batani EG-15 B\u1ebfp t\u1eeb \u0111\u00f4i Batani EG-15 \u0111\u01b0\u1ee3c s\u1ea3n xu\u1ea5t theo ti\u00eau chu\u1ea9n c\u00f4ng ngh\u1ec7 ch\u00e2u \u00c2u. B\u1ebfp s\u1eed d\u1ee5ng m\u1eb7t k\u00ednh Ceramic si\u00eau b\u1ec1n. B\u1ec1 m\u1eb7t k\u00ednh ph\u1eb3ng, s\u00e1ng m\u1ecbn l\u00e0m n\u1ed5i b\u1eadt kh\u00f4ng gian b\u1ebfp. Giao di\u1ec7n \u0111\u01b0\u1ee3c thi\u1ebft k\u1ebf n\u1ed5i b\u1eadt v\u00e0 \u0111\u1ed9c \u0111\u00e1o Batani EG-15 \u0111\u01b0\u1ee3c thi\u1ebft [...]","og_url":"https:\/\/batani.vn\/?product=bep-tu-batani-eg-15","og_site_name":"Batani","article_modified_time":"2023-08-10T10:43:52+00:00","og_image":[{"width":1058,"height":613,"url":"https:\/\/batani.vn\/wp-content\/uploads\/2023\/08\/bep-tu-batani-eg-15.jpg","type":"image\/jpeg"}],"twitter_card":"summary_large_image","twitter_misc":{"\u01af\u1edbc t\u00ednh th\u1eddi gian \u0111\u1ecdc":"4 ph\u00fat"},"schema":{"@context":"https:\/\/schema.org","@graph":[{"@type":"WebSite","@id":"https:\/\/batani.vn\/#website","url":"https:\/\/batani.vn\/","name":"Batani","description":"Thi\u1ebft b\u1ecb nh\u00e0 b\u1ebfp cao c\u1ea5p Batani","potentialAction":[{"@type":"SearchAction","target":{"@type":"EntryPoint","urlTemplate":"https:\/\/batani.vn\/?s={search_term_string}"},"query-input":"required name=search_term_string"}],"inLanguage":"vi"},{"@type":"ImageObject","inLanguage":"vi","@id":"https:\/\/batani.vn\/?product=bep-tu-batani-eg-15#primaryimage","url":"https:\/\/batani.vn\/wp-content\/uploads\/2023\/08\/bep-tu-batani-eg-15.jpg","contentUrl":"https:\/\/batani.vn\/wp-content\/uploads\/2023\/08\/bep-tu-batani-eg-15.jpg","width":1058,"height":613},{"@type":"WebPage","@id":"https:\/\/batani.vn\/?product=bep-tu-batani-eg-15#webpage","url":"https:\/\/batani.vn\/?product=bep-tu-batani-eg-15","name":"B\u1ebfp t\u1eeb Batani EG-15 - Batani","isPartOf":{"@id":"https:\/\/batani.vn\/#website"},"primaryImageOfPage":{"@id":"https:\/\/batani.vn\/?product=bep-tu-batani-eg-15#primaryimage"},"datePublished":"2023-08-10T10:41:12+00:00","dateModified":"2023-08-10T10:43:52+00:00","breadcrumb":{"@id":"https:\/\/batani.vn\/?product=bep-tu-batani-eg-15#breadcrumb"},"inLanguage":"vi","potentialAction":[{"@type":"ReadAction","target":["https:\/\/batani.vn\/?product=bep-tu-batani-eg-15"]}]},{"@type":"BreadcrumbList","@id":"https:\/\/batani.vn\/?product=bep-tu-batani-eg-15#breadcrumb","itemListElement":[{"@type":"ListItem","position":1,"name":"Trang ch\u1ee7","item":"https:\/\/batani.vn\/"},{"@type":"ListItem","position":2,"name":"C\u1eeda h\u00e0ng","item":"https:\/\/batani.vn\/?page_id=6"},{"@type":"ListItem","position":3,"name":"B\u1ebfp t\u1eeb Batani EG-15"}]}]}},"_links":{"self":[{"href":"https:\/\/batani.vn\/index.php?rest_route=\/wp\/v2\/product\/631","targetHints":{"allow":["GET"]}}],"collection":[{"href":"https:\/\/batani.vn\/index.php?rest_route=\/wp\/v2\/product"}],"about":[{"href":"https:\/\/batani.vn\/index.php?rest_route=\/wp\/v2\/types\/product"}],"replies":[{"embeddable":true,"href":"https:\/\/batani.vn\/index.php?rest_route=%2Fwp%2Fv2%2Fcomments&post=631"}],"wp:featuredmedia":[{"embeddable":true,"href":"https:\/\/batani.vn\/index.php?rest_route=\/wp\/v2\/media\/632"}],"wp:attachment":[{"href":"https:\/\/batani.vn\/index.php?rest_route=%2Fwp%2Fv2%2Fmedia&parent=631"}],"wp:term":[{"taxonomy":"product_cat","embeddable":true,"href":"https:\/\/batani.vn\/index.php?rest_route=%2Fwp%2Fv2%2Fproduct_cat&post=631"},{"taxonomy":"product_tag","embeddable":true,"href":"https:\/\/batani.vn\/index.php?rest_route=%2Fwp%2Fv2%2Fproduct_tag&post=631"}],"curies":[{"name":"wp","href":"https:\/\/api.w.org\/{rel}","templated":true}]}}