{"id":625,"date":"2023-06-12T04:24:50","date_gmt":"2023-06-12T04:24:50","guid":{"rendered":"https:\/\/batani.vn\/?post_type=product&#038;p=625"},"modified":"2023-06-12T04:24:50","modified_gmt":"2023-06-12T04:24:50","slug":"bep-ga-am-batani-ba-18b","status":"publish","type":"product","link":"https:\/\/batani.vn\/?product=bep-ga-am-batani-ba-18b","title":{"rendered":"B\u1ebfp ga \u00e2m\u00a0Batani BA-18B"},"content":{"rendered":"<p>&nbsp;<\/p>\n<table border=\"0\" cellspacing=\"0\" cellpadding=\"0\">\n<tbody>\n<tr>\n<td>M\u00e3 s\u1ea3n ph\u1ea9m<\/td>\n<td>B\u1ebfp ga \u00e2m BA-18B<\/td>\n<\/tr>\n<tr>\n<td>H\u00e3ng s\u1ea3n xu\u1ea5t<\/td>\n<td>B\u1ebfp ga \u00e2m\u00a0Batani<\/td>\n<\/tr>\n<tr>\n<td>Lo\u1ea1i s\u1ea3n ph\u1ea9m<\/td>\n<td>B\u1ebfp ga \u00e2m k\u00ednh<\/td>\n<\/tr>\n<tr>\n<td>S\u1ed1 b\u1ebfp n\u1ea5u<\/td>\n<td>02<\/td>\n<\/tr>\n<tr>\n<td>S\u1ed1 v\u00f2ng l\u1eeda<\/td>\n<td>03 + 03<\/td>\n<\/tr>\n<tr>\n<td>M\u1eb7t b\u1ebfp<\/td>\n<td>K\u00ednh ch\u1ecbu l\u1ef1c, ch\u1ecbu nhi\u1ec7t d\u00e0y 8mm<\/td>\n<\/tr>\n<tr>\n<td>C\u1ea3m \u1ee9ng ng\u1eaft gas t\u1ef1 \u0111\u1ed9ng an to\u00e0n<\/td>\n<td>C\u00f3<\/td>\n<\/tr>\n<tr>\n<td>H\u1ec7 th\u1ed1ng \u0111\u00e1nh l\u1eeda IC<\/td>\n<td>Pin 1,5V<\/td>\n<\/tr>\n<tr>\n<td>Ch\u1ebf \u0111\u1ed9 h\u1eb9n gi\u1edd<\/td>\n<td>Kh\u00f4ng<\/td>\n<\/tr>\n<tr>\n<td>Ki\u1ec1ng<\/td>\n<td>Ki\u1ec1ng th\u00e9p tr\u00e1ng men<\/td>\n<\/tr>\n<tr>\n<td>B\u1ed9 chia l\u1eeda<\/td>\n<td>B\u1eb1ng \u0110\u1ed3ng ph\u1ee7 g\u1ed1m ch\u1ecbu l\u1ef1c<\/td>\n<\/tr>\n<tr>\n<td>Ch\u1ea5t li\u1ec7u\/ m\u00e0u s\u1eafc<\/td>\n<td>K\u00ednh \u0111en<\/td>\n<\/tr>\n<tr>\n<td>Ch\u1ebf \u0111\u1ed9 pep h\u1ea7m ti\u1ebft ki\u1ec7m gas<\/td>\n<td>C\u00f3<\/td>\n<\/tr>\n<tr>\n<td>L\u01b0\u1ee3ng gas ti\u00eau th\u1ee5 t\u1ed1i \u0111a<\/td>\n<td>0,30kg\/h\/l\u00f2<\/td>\n<\/tr>\n<tr>\n<td>K\u00edch th\u01b0\u1edbc b\u1ec1 m\u1eb7t<\/td>\n<td>750 x 450mm<\/td>\n<\/tr>\n<tr>\n<td>K\u00edch th\u01b0\u1edbc kho\u00e9t \u0111\u00e1<\/td>\n<td>680 x 375mm<\/td>\n<\/tr>\n<\/tbody>\n<\/table>\n","protected":false},"excerpt":{"rendered":"<p>&nbsp; M\u00e3 s\u1ea3n ph\u1ea9m B\u1ebfp ga \u00e2m BA-18B H\u00e3ng s\u1ea3n xu\u1ea5t B\u1ebfp ga \u00e2m\u00a0Batani Lo\u1ea1i s\u1ea3n ph\u1ea9m B\u1ebfp ga \u00e2m k\u00ednh S\u1ed1 b\u1ebfp n\u1ea5u 02 S\u1ed1 v\u00f2ng l\u1eeda 03 + 03 M\u1eb7t b\u1ebfp K\u00ednh ch\u1ecbu l\u1ef1c, ch\u1ecbu nhi\u1ec7t d\u00e0y 8mm C\u1ea3m \u1ee9ng ng\u1eaft gas t\u1ef1 \u0111\u1ed9ng an to\u00e0n C\u00f3 H\u1ec7 th\u1ed1ng \u0111\u00e1nh l\u1eeda IC Pin [&#8230;]\n","protected":false},"featured_media":626,"comment_status":"open","ping_status":"closed","template":"","meta":[],"product_cat":[25],"product_tag":[],"class_list":{"0":"post-625","1":"product","2":"type-product","3":"status-publish","4":"has-post-thumbnail","6":"product_cat-bep-gas-am","8":"first","9":"instock","10":"shipping-taxable","11":"product-type-simple"},"yoast_head":"<!-- This site is optimized with the Yoast SEO plugin v18.8 - https:\/\/yoast.com\/wordpress\/plugins\/seo\/ -->\n<title>B\u1ebfp ga \u00e2m\u00a0Batani BA-18B - Batani<\/title>\n<meta name=\"robots\" content=\"index, follow, max-snippet:-1, max-image-preview:large, max-video-preview:-1\" \/>\n<link rel=\"canonical\" href=\"https:\/\/batani.vn\/?product=bep-ga-am-batani-ba-18b\" \/>\n<meta property=\"og:locale\" content=\"vi_VN\" \/>\n<meta property=\"og:type\" content=\"article\" \/>\n<meta property=\"og:title\" content=\"B\u1ebfp ga \u00e2m\u00a0Batani BA-18B - Batani\" \/>\n<meta property=\"og:description\" content=\"&nbsp; M\u00e3 s\u1ea3n ph\u1ea9m B\u1ebfp ga \u00e2m BA-18B H\u00e3ng s\u1ea3n xu\u1ea5t B\u1ebfp ga \u00e2m\u00a0Batani Lo\u1ea1i s\u1ea3n ph\u1ea9m B\u1ebfp ga \u00e2m k\u00ednh S\u1ed1 b\u1ebfp n\u1ea5u 02 S\u1ed1 v\u00f2ng l\u1eeda 03 + 03 M\u1eb7t b\u1ebfp K\u00ednh ch\u1ecbu l\u1ef1c, ch\u1ecbu nhi\u1ec7t d\u00e0y 8mm C\u1ea3m \u1ee9ng ng\u1eaft gas t\u1ef1 \u0111\u1ed9ng an to\u00e0n C\u00f3 H\u1ec7 th\u1ed1ng \u0111\u00e1nh l\u1eeda IC Pin [...]\" \/>\n<meta property=\"og:url\" content=\"https:\/\/batani.vn\/?product=bep-ga-am-batani-ba-18b\" \/>\n<meta property=\"og:site_name\" content=\"Batani\" \/>\n<meta property=\"og:image\" content=\"https:\/\/batani.vn\/wp-content\/uploads\/2023\/06\/Bep-ga-Batani-BA-18P.jpg\" \/>\n\t<meta property=\"og:image:width\" content=\"500\" \/>\n\t<meta property=\"og:image:height\" content=\"333\" \/>\n\t<meta property=\"og:image:type\" content=\"image\/jpeg\" \/>\n<meta name=\"twitter:card\" content=\"summary_large_image\" \/>\n<meta name=\"twitter:label1\" content=\"\u01af\u1edbc t\u00ednh th\u1eddi gian \u0111\u1ecdc\" \/>\n\t<meta name=\"twitter:data1\" content=\"1 ph\u00fat\" \/>\n<script type=\"application\/ld+json\" class=\"yoast-schema-graph\">{\"@context\":\"https:\/\/schema.org\",\"@graph\":[{\"@type\":\"WebSite\",\"@id\":\"https:\/\/batani.vn\/#website\",\"url\":\"https:\/\/batani.vn\/\",\"name\":\"Batani\",\"description\":\"Thi\u1ebft b\u1ecb nh\u00e0 b\u1ebfp cao c\u1ea5p Batani\",\"potentialAction\":[{\"@type\":\"SearchAction\",\"target\":{\"@type\":\"EntryPoint\",\"urlTemplate\":\"https:\/\/batani.vn\/?s={search_term_string}\"},\"query-input\":\"required name=search_term_string\"}],\"inLanguage\":\"vi\"},{\"@type\":\"ImageObject\",\"inLanguage\":\"vi\",\"@id\":\"https:\/\/batani.vn\/?product=bep-ga-am-batani-ba-18b#primaryimage\",\"url\":\"https:\/\/batani.vn\/wp-content\/uploads\/2023\/06\/Bep-ga-Batani-BA-18P.jpg\",\"contentUrl\":\"https:\/\/batani.vn\/wp-content\/uploads\/2023\/06\/Bep-ga-Batani-BA-18P.jpg\",\"width\":500,\"height\":333},{\"@type\":\"WebPage\",\"@id\":\"https:\/\/batani.vn\/?product=bep-ga-am-batani-ba-18b#webpage\",\"url\":\"https:\/\/batani.vn\/?product=bep-ga-am-batani-ba-18b\",\"name\":\"B\u1ebfp ga \u00e2m\u00a0Batani BA-18B - Batani\",\"isPartOf\":{\"@id\":\"https:\/\/batani.vn\/#website\"},\"primaryImageOfPage\":{\"@id\":\"https:\/\/batani.vn\/?product=bep-ga-am-batani-ba-18b#primaryimage\"},\"datePublished\":\"2023-06-12T04:24:50+00:00\",\"dateModified\":\"2023-06-12T04:24:50+00:00\",\"breadcrumb\":{\"@id\":\"https:\/\/batani.vn\/?product=bep-ga-am-batani-ba-18b#breadcrumb\"},\"inLanguage\":\"vi\",\"potentialAction\":[{\"@type\":\"ReadAction\",\"target\":[\"https:\/\/batani.vn\/?product=bep-ga-am-batani-ba-18b\"]}]},{\"@type\":\"BreadcrumbList\",\"@id\":\"https:\/\/batani.vn\/?product=bep-ga-am-batani-ba-18b#breadcrumb\",\"itemListElement\":[{\"@type\":\"ListItem\",\"position\":1,\"name\":\"Trang ch\u1ee7\",\"item\":\"https:\/\/batani.vn\/\"},{\"@type\":\"ListItem\",\"position\":2,\"name\":\"C\u1eeda h\u00e0ng\",\"item\":\"https:\/\/batani.vn\/?page_id=6\"},{\"@type\":\"ListItem\",\"position\":3,\"name\":\"B\u1ebfp ga \u00e2m\u00a0Batani BA-18B\"}]}]}<\/script>\n<!-- \/ Yoast SEO plugin. -->","yoast_head_json":{"title":"B\u1ebfp ga \u00e2m\u00a0Batani BA-18B - Batani","robots":{"index":"index","follow":"follow","max-snippet":"max-snippet:-1","max-image-preview":"max-image-preview:large","max-video-preview":"max-video-preview:-1"},"canonical":"https:\/\/batani.vn\/?product=bep-ga-am-batani-ba-18b","og_locale":"vi_VN","og_type":"article","og_title":"B\u1ebfp ga \u00e2m\u00a0Batani BA-18B - Batani","og_description":"&nbsp; M\u00e3 s\u1ea3n ph\u1ea9m B\u1ebfp ga \u00e2m BA-18B H\u00e3ng s\u1ea3n xu\u1ea5t B\u1ebfp ga \u00e2m\u00a0Batani Lo\u1ea1i s\u1ea3n ph\u1ea9m B\u1ebfp ga \u00e2m k\u00ednh S\u1ed1 b\u1ebfp n\u1ea5u 02 S\u1ed1 v\u00f2ng l\u1eeda 03 + 03 M\u1eb7t b\u1ebfp K\u00ednh ch\u1ecbu l\u1ef1c, ch\u1ecbu nhi\u1ec7t d\u00e0y 8mm C\u1ea3m \u1ee9ng ng\u1eaft gas t\u1ef1 \u0111\u1ed9ng an to\u00e0n C\u00f3 H\u1ec7 th\u1ed1ng \u0111\u00e1nh l\u1eeda IC Pin [...]","og_url":"https:\/\/batani.vn\/?product=bep-ga-am-batani-ba-18b","og_site_name":"Batani","og_image":[{"width":500,"height":333,"url":"https:\/\/batani.vn\/wp-content\/uploads\/2023\/06\/Bep-ga-Batani-BA-18P.jpg","type":"image\/jpeg"}],"twitter_card":"summary_large_image","twitter_misc":{"\u01af\u1edbc t\u00ednh th\u1eddi gian \u0111\u1ecdc":"1 ph\u00fat"},"schema":{"@context":"https:\/\/schema.org","@graph":[{"@type":"WebSite","@id":"https:\/\/batani.vn\/#website","url":"https:\/\/batani.vn\/","name":"Batani","description":"Thi\u1ebft b\u1ecb nh\u00e0 b\u1ebfp cao c\u1ea5p Batani","potentialAction":[{"@type":"SearchAction","target":{"@type":"EntryPoint","urlTemplate":"https:\/\/batani.vn\/?s={search_term_string}"},"query-input":"required name=search_term_string"}],"inLanguage":"vi"},{"@type":"ImageObject","inLanguage":"vi","@id":"https:\/\/batani.vn\/?product=bep-ga-am-batani-ba-18b#primaryimage","url":"https:\/\/batani.vn\/wp-content\/uploads\/2023\/06\/Bep-ga-Batani-BA-18P.jpg","contentUrl":"https:\/\/batani.vn\/wp-content\/uploads\/2023\/06\/Bep-ga-Batani-BA-18P.jpg","width":500,"height":333},{"@type":"WebPage","@id":"https:\/\/batani.vn\/?product=bep-ga-am-batani-ba-18b#webpage","url":"https:\/\/batani.vn\/?product=bep-ga-am-batani-ba-18b","name":"B\u1ebfp ga \u00e2m\u00a0Batani BA-18B - Batani","isPartOf":{"@id":"https:\/\/batani.vn\/#website"},"primaryImageOfPage":{"@id":"https:\/\/batani.vn\/?product=bep-ga-am-batani-ba-18b#primaryimage"},"datePublished":"2023-06-12T04:24:50+00:00","dateModified":"2023-06-12T04:24:50+00:00","breadcrumb":{"@id":"https:\/\/batani.vn\/?product=bep-ga-am-batani-ba-18b#breadcrumb"},"inLanguage":"vi","potentialAction":[{"@type":"ReadAction","target":["https:\/\/batani.vn\/?product=bep-ga-am-batani-ba-18b"]}]},{"@type":"BreadcrumbList","@id":"https:\/\/batani.vn\/?product=bep-ga-am-batani-ba-18b#breadcrumb","itemListElement":[{"@type":"ListItem","position":1,"name":"Trang ch\u1ee7","item":"https:\/\/batani.vn\/"},{"@type":"ListItem","position":2,"name":"C\u1eeda h\u00e0ng","item":"https:\/\/batani.vn\/?page_id=6"},{"@type":"ListItem","position":3,"name":"B\u1ebfp ga \u00e2m\u00a0Batani BA-18B"}]}]}},"_links":{"self":[{"href":"https:\/\/batani.vn\/index.php?rest_route=\/wp\/v2\/product\/625","targetHints":{"allow":["GET"]}}],"collection":[{"href":"https:\/\/batani.vn\/index.php?rest_route=\/wp\/v2\/product"}],"about":[{"href":"https:\/\/batani.vn\/index.php?rest_route=\/wp\/v2\/types\/product"}],"replies":[{"embeddable":true,"href":"https:\/\/batani.vn\/index.php?rest_route=%2Fwp%2Fv2%2Fcomments&post=625"}],"wp:featuredmedia":[{"embeddable":true,"href":"https:\/\/batani.vn\/index.php?rest_route=\/wp\/v2\/media\/626"}],"wp:attachment":[{"href":"https:\/\/batani.vn\/index.php?rest_route=%2Fwp%2Fv2%2Fmedia&parent=625"}],"wp:term":[{"taxonomy":"product_cat","embeddable":true,"href":"https:\/\/batani.vn\/index.php?rest_route=%2Fwp%2Fv2%2Fproduct_cat&post=625"},{"taxonomy":"product_tag","embeddable":true,"href":"https:\/\/batani.vn\/index.php?rest_route=%2Fwp%2Fv2%2Fproduct_tag&post=625"}],"curies":[{"name":"wp","href":"https:\/\/api.w.org\/{rel}","templated":true}]}}