{"id":619,"date":"2023-06-12T03:47:20","date_gmt":"2023-06-12T03:47:20","guid":{"rendered":"https:\/\/batani.vn\/?post_type=product&#038;p=619"},"modified":"2023-07-14T05:27:37","modified_gmt":"2023-07-14T05:27:37","slug":"bep-tu-batani-eg-836","status":"publish","type":"product","link":"https:\/\/batani.vn\/?product=bep-tu-batani-eg-836","title":{"rendered":"B\u1ebfp t\u1eeb Batani EG-836"},"content":{"rendered":"<div id=\"menuView1\" class=\"tongQuan gStyle3 menuViewHightLight\">\n<div class=\"description\" style=\"text-align: justify;\">B\u1ebfp t\u1eeb Batani EG-836\u00a0c\u00f3 thi\u1ebft k\u1ebf sang tr\u1ecdng r\u1ea5t ph\u00f9 h\u1ee3p v\u1edbi c\u00e1c c\u0103n b\u1ebfp c\u00f3 phong c\u00e1ch hi\u1ec7n \u0111\u1ea1i. S\u1ea3n ph\u1ea9m s\u1eed d\u1ee5ng m\u1eb7t k\u00ednh cao c\u1ea5p, ch\u1ecbu l\u1ef1c, ch\u1ecbu nhi\u1ec7t t\u1ed1t. B\u1ebfp \u0111\u01b0\u1ee3c trang b\u1ecb b\u1ea3ng \u0111i\u1ec1u khi\u1ec3n c\u1ea3m \u1ee9ng c\u00f9ng nh\u1eefng t\u00ednh n\u0103ng an to\u00e0n ti\u1ec7n l\u1ee3i gi\u00fap b\u1ea1n n\u1ea5u n\u01b0\u1edbng thu\u1eadn ti\u1ec7n v\u00e0 nhanh ch\u00f3ng, ti\u1ebft ki\u1ec7m t\u1ed1i \u0111a \u0111i\u1ec7n n\u0103ng v\u00e0 th\u1eddi gian.<\/div>\n<div><\/div>\n<\/div>\n<div id=\"menuView2\" class=\"thietKe gStyle3 menuViewHightLight\" style=\"text-align: justify;\">\n<div class=\"description\">\n<p><strong>THI\u1ebeT K\u1ebe: SANG TR\u1eccNG V\u00c0 HI\u1ec6N \u0110\u1ea0I<\/strong><\/p>\n<ul>\n<li><strong>Ki\u1ec3u d\u00e1ng sang tr\u1ecdng<\/strong><\/li>\n<\/ul>\n<p>B\u1ebfp t\u1eeb \u0111\u00f4i Batani EG-836 c\u00f3 ki\u1ec3u d\u00e1ng sang tr\u1ecdng v\u1edbi m\u1eb7t k\u00ednh \u0111en to\u00e0n ph\u1ea7n, c\u00e1c chi ti\u1ebft tr\u00ean b\u1ec1 m\u1eb7t b\u1ebfp \u0111\u01b0\u1ee3c t\u1ed1i gi\u1ea3n, tinh t\u1ebf. \u0110\u1eb7c bi\u1ec7t, thi\u1ebft k\u1ebf l\u1eafp \u00e2m c\u00e0ng t\u1ea1o n\u00ean s\u1ef1 hi\u1ec7n \u0111\u1ea1i cho c\u0103n b\u1ebfp c\u1ee7a b\u1ea1n.<\/p>\n<ul>\n<li><strong>M\u1eb7t k\u00ednh cao c\u1ea5p si\u00eau b\u1ec1n<\/strong><\/li>\n<\/ul>\n<p>M\u1eb7t b\u1ebfp l\u00e0m b\u1eb1ng k\u00ednh cao c\u1ea5p, d\u00e0y 4mm, ch\u1ecbu l\u1ef1c, ch\u1ecbu nhi\u1ec7t t\u1ed1t v\u00e0 c\u00f3 \u0111\u1ed9 b\u1ec1n v\u01b0\u1ee3t tr\u1ed9i. \u0110\u1eb7c bi\u1ec7t, b\u1ec1 m\u1eb7t b\u1ebfp s\u00e1ng b\u00f3ng, nh\u1eb5n m\u1ecbn n\u00ean r\u1ea5t sang tr\u1ecdng v\u00e0 d\u1ec5 d\u00e0ng v\u1ec7 sinh sau khi s\u1eed d\u1ee5ng.<\/p>\n<ul>\n<li><strong>B\u1ea3ng \u0111i\u1ec1u khi\u1ec3n c\u1ea3m \u1ee9ng<\/strong><\/li>\n<\/ul>\n<p>S\u1ea3n ph\u1ea9m c\u00f3 b\u1ea3ng \u0111i\u1ec1u khi\u1ec3n c\u1ea3m \u1ee9ng hi\u1ec7n \u0111\u1ea1i k\u00e8m m\u00e0n h\u00ecnh hi\u1ec3n th\u1ecb \u0111a th\u00f4ng tin, ho\u1ea1t \u0111\u1ed9ng \u0111\u1ed9c l\u1eadp cho t\u1eebng v\u00f9ng b\u1ebfp n\u00ean r\u1ea5t d\u1ec5 s\u1eed d\u1ee5ng. Ch\u1ec9 v\u00e0i thao t\u00e1c ch\u1ea1m nh\u1eb9 tay tr\u00ean s\u1ea3n ph\u1ea9m, b\u1ea1n \u0111\u00e3 l\u1ef1a ch\u1ecdn \u0111\u01b0\u1ee3c ch\u1ebf \u0111\u1ed9 ho\u1ea1t \u0111\u1ed9ng mong mu\u1ed1n.<\/p>\n<\/div>\n<\/div>\n<div id=\"menuView3\" class=\"congNang gStyle3 menuViewHightLight\">\n<div class=\"description\">\n<p style=\"text-align: justify;\"><strong>C\u00d4NG N\u0102NG: N\u1ea4U N\u01af\u1edaNG NHANH V\u00c0 TI\u1ebeT KI\u1ec6M \u0110I\u1ec6N<\/strong><\/p>\n<ul style=\"text-align: justify;\">\n<li><strong>Hai v\u00f9ng n\u1ea5u ti\u1ec7n l\u1ee3i<\/strong><\/li>\n<\/ul>\n<p style=\"text-align: justify;\">B\u1ebfp t\u01b0\u0300 EG-836 c\u00f3 2 v\u00f9ng n\u1ea5u r\u1ed9ng r\u00e3i gi\u00fap b\u1ea1n ch\u1ebf bi\u1ebfn \u0111\u01b0\u1ee3c nhi\u1ec1u m\u00f3n \u0103n c\u00f9ng l\u00fac. B\u1ea1n c\u00f3 th\u1ec3 v\u1eeba n\u1ea5u canh, v\u1eeba chi\u00ean x\u00e0o th\u1ef1c ph\u1ea9m m\u1ed9t c\u00e1ch th\u1eadt tho\u1ea3i m\u00e1i.<\/p>\n<ul style=\"text-align: justify;\">\n<li><strong>Kh\u1ea3 n\u0103ng l\u00e0m n\u00f3ng c\u1ef1c nhanh<\/strong><\/li>\n<\/ul>\n<p style=\"text-align: justify;\">V\u1edbi c\u00f4ng su\u1ea5t l\u1edbn v\u00e0 kh\u1ea3 n\u0103ng l\u00e0m n\u00f3ng nhanh g\u1ea5p 2 l\u1ea7n b\u1ebfp th\u01b0\u1eddng, EG-836 nhanh ch\u00f3ng l\u00e0m n\u00f3ng n\u1ed3i ch\u1ea3o \u0111\u1ec3 l\u00e0m ch\u00edn th\u1ef1c ph\u1ea9m, gi\u00fap b\u1ea1n ti\u1ebft ki\u1ec7m th\u1eddi gian n\u1ea5u n\u01b0\u1edbng v\u00e0 ti\u1ebft ki\u1ec7m \u0111i\u1ec7n n\u0103ng cho gia \u0111\u00ecnh.<\/p>\n<ul style=\"text-align: justify;\">\n<li><strong>Tu\u1ed5i th\u1ecd cao<\/strong><\/li>\n<\/ul>\n<p style=\"text-align: justify;\">B\u1ebfp \u0111\u00f4i \u0111i\u00ea\u0323n t\u01b0\u0300 Batani EG-836 v\u1edbi m\u00e2m t\u1eeb \u0111\u01b0\u1ee3c l\u00e0m b\u1eb1ng 100% d\u00e2y \u0111\u1ed3ng si\u00eau b\u1ec1n, gi\u00fap truy\u1ec1n nhi\u1ec7t t\u1ed1t v\u00e0 t\u0103ng tu\u1ed5i th\u1ecd c\u1ee7a b\u1ebfp.<\/p>\n<ul style=\"text-align: justify;\">\n<li><strong>Nhi\u1ec1u t\u00ednh n\u0103ng hi\u1ec7n \u0111\u1ea1i<\/strong><\/li>\n<\/ul>\n<p style=\"text-align: justify;\">Batani EG-836 \u0111\u01b0\u1ee3c trang b\u1ecb nhi\u1ec1u t\u00ednh n\u0103ng hi\u1ec7n \u0111\u1ea1i nh\u01b0 h\u1eb9n gi\u1edd, kh\u00f3a tr\u1ebb em v\u00e0 c\u1ea3m \u1ee9ng nhi\u1ec7t, t\u1ef1 \u0111\u1ed9ng ng\u1eaft khi qu\u00e1 t\u1ea3i gi\u00fap \u0111\u1ea3m b\u1ea3o an to\u00e0n cho ng\u01b0\u1eddi s\u1eed d\u1ee5ng v\u00e0 n\u00e2ng cao \u0111\u1ed9 b\u1ec1n cho b\u1ebfp.<\/p>\n<ul style=\"text-align: justify;\">\n<li><strong>Aptomat\u00a0ri\u00eang bi\u1ec7t, an to\u00e0n cho ng\u01b0\u1eddi d\u00f9ng<\/strong><\/li>\n<\/ul>\n<p style=\"text-align: justify;\">B\u1ebfp t\u1eeb Batani EG-836 kh\u00f4ng s\u1eed d\u1ee5ng ph\u00edch c\u1eafm tr\u1ef1c ti\u1ebfp v\u00e0o ngu\u1ed3n \u0111i\u1ec7n chung trong gia \u0111\u00ecnh m\u00e0 k\u1ebft n\u1ed1i th\u00f4ng qua 1 aptomat ri\u00eang bi\u1ec7t. B\u1edfi b\u1ebfp ho\u1ea1t \u0111\u1ed9ng v\u1edbi c\u00f4ng su\u1ea5t cao, l\u00ean t\u1edbi 3600W, n\u1ebfu s\u1eed d\u1ee5ng ph\u00edch c\u1eafm th\u00f4ng th\u01b0\u1eddng s\u1ebd r\u1ea5t d\u1ec5 g\u00e2y ch\u1eadp, ch\u00e1y n\u1ed5,&#8230; m\u1ea5t an to\u00e0n. V\u00ec v\u1eady, thi\u1ebft k\u1ebf \u0111\u1eb7c bi\u1ec7t c\u1ee7a Batani gi\u00fap mang l\u1ea1i kh\u1ea3 n\u0103ng v\u1eadn h\u00e0nh \u1ed5n \u0111\u1ecbnh cho b\u1ebfp v\u00e0 s\u1ef1 an to\u00e0n tuy\u1ec7t \u0111\u1ed1i cho ng\u01b0\u1eddi s\u1eed d\u1ee5ng.<\/p>\n<ul style=\"text-align: justify;\">\n<li><strong>Ch\u1ebf \u0111\u1ed9 h\u1eadu m\u00e3i h\u00e0ng \u0111\u1ea7u \u2013 B\u1ea3o h\u00e0nh 24 th\u00e1ng<\/strong><\/li>\n<\/ul>\n<p style=\"text-align: justify;\">S\u1ea3n ph\u1ea9m B\u00ea\u0301p \u0111\u00f4i \u0111i\u00ea\u0323n t\u01b0\u0300 Batani EG-836 \u0111\u01b0\u1ee3c \u00e1p d\u1ee5ng ch\u1ebf \u0111\u1ed9 h\u1eadu m\u00e3i h\u00e0ng \u0111\u1ea7u v\u1edbi m\u1ea1ng l\u01b0\u1edbi b\u1ea3o h\u00e0nh tr\u00ean c\u1ea3 n\u01b0\u1edbc v\u00e0 nh\u00e2n vi\u00ean k\u0129 thu\u1eadt chuy\u00ean nghi\u1ec7p t\u1eeb Batani. \u0110\u1eb7c bi\u1ec7t, th\u1eddi gian b\u1ea3o h\u00e0nh c\u1ee7a s\u1ea3n ph\u1ea9m l\u00e0 24 th\u00e1ng v\u00e0 \u0111\u01b0\u1ee3c \u00e1p d\u1ee5ng ch\u1ebf \u0111\u1ed9 b\u1ea3o h\u00e0nh t\u1ea1i nh\u00e0, gi\u00fap ng\u01b0\u1eddi d\u00f9ng an t\u00e2m tuy\u1ec7t \u0111\u1ed1i v\u1ec1 ch\u1ea5t l\u01b0\u1ee3ng v\u00e0 d\u1ecbch v\u1ee5.<\/p>\n<\/div>\n<\/div>\n","protected":false},"excerpt":{"rendered":"<p>B\u1ebfp t\u1eeb Batani EG-836\u00a0c\u00f3 thi\u1ebft k\u1ebf sang tr\u1ecdng r\u1ea5t ph\u00f9 h\u1ee3p v\u1edbi c\u00e1c c\u0103n b\u1ebfp c\u00f3 phong c\u00e1ch hi\u1ec7n \u0111\u1ea1i. S\u1ea3n ph\u1ea9m s\u1eed d\u1ee5ng m\u1eb7t k\u00ednh cao c\u1ea5p, ch\u1ecbu l\u1ef1c, ch\u1ecbu nhi\u1ec7t t\u1ed1t. B\u1ebfp \u0111\u01b0\u1ee3c trang b\u1ecb b\u1ea3ng \u0111i\u1ec1u khi\u1ec3n c\u1ea3m \u1ee9ng c\u00f9ng nh\u1eefng t\u00ednh n\u0103ng an to\u00e0n ti\u1ec7n l\u1ee3i gi\u00fap b\u1ea1n n\u1ea5u n\u01b0\u1edbng thu\u1eadn [&#8230;]\n","protected":false},"featured_media":621,"comment_status":"open","ping_status":"closed","template":"","meta":[],"product_cat":[21],"product_tag":[37],"class_list":{"0":"post-619","1":"product","2":"type-product","3":"status-publish","4":"has-post-thumbnail","6":"product_cat-bep-tu","7":"product_tag-bep-tu-batani-eg-836","9":"first","10":"instock","11":"shipping-taxable","12":"purchasable","13":"product-type-simple"},"yoast_head":"<!-- This site is optimized with the Yoast SEO plugin v18.8 - https:\/\/yoast.com\/wordpress\/plugins\/seo\/ -->\n<title>B\u1ebfp t\u1eeb Batani EG-836 - Batani<\/title>\n<meta name=\"description\" content=\"B\u1ebfp t\u1eeb Batani EG-836 | Thi\u1ebft k\u1ebf sang tr\u1ecdng | H\u1ec7 \u0111i\u1ec1u khi\u1ec3n c\u1ea3m \u1ee9ng \u0111i\u1ec7n t\u1eed si\u00eau nh\u1ea1y | An to\u00e0n, b\u1ec1n b\u1ec9 v\u00e0 ti\u1ebft ki\u1ec7m \u0111i\u1ec7n n\u0103ng.\" \/>\n<meta name=\"robots\" content=\"index, follow, max-snippet:-1, max-image-preview:large, max-video-preview:-1\" \/>\n<link rel=\"canonical\" href=\"https:\/\/batani.vn\/?product=bep-tu-batani-eg-836\" \/>\n<meta property=\"og:locale\" content=\"vi_VN\" \/>\n<meta property=\"og:type\" content=\"article\" \/>\n<meta property=\"og:title\" content=\"B\u1ebfp t\u1eeb Batani EG-836 - Batani\" \/>\n<meta property=\"og:description\" content=\"B\u1ebfp t\u1eeb Batani EG-836 | Thi\u1ebft k\u1ebf sang tr\u1ecdng | H\u1ec7 \u0111i\u1ec1u khi\u1ec3n c\u1ea3m \u1ee9ng \u0111i\u1ec7n t\u1eed si\u00eau nh\u1ea1y | An to\u00e0n, b\u1ec1n b\u1ec9 v\u00e0 ti\u1ebft ki\u1ec7m \u0111i\u1ec7n n\u0103ng.\" \/>\n<meta property=\"og:url\" content=\"https:\/\/batani.vn\/?product=bep-tu-batani-eg-836\" \/>\n<meta property=\"og:site_name\" content=\"Batani\" \/>\n<meta property=\"article:modified_time\" content=\"2023-07-14T05:27:37+00:00\" \/>\n<meta property=\"og:image\" content=\"https:\/\/batani.vn\/wp-content\/uploads\/2023\/06\/bep-tu-batani-eg-836x500x500x4.jpg\" \/>\n\t<meta property=\"og:image:width\" content=\"500\" \/>\n\t<meta property=\"og:image:height\" content=\"289\" \/>\n\t<meta property=\"og:image:type\" content=\"image\/jpeg\" \/>\n<meta name=\"twitter:card\" content=\"summary_large_image\" \/>\n<meta name=\"twitter:label1\" content=\"\u01af\u1edbc t\u00ednh th\u1eddi gian \u0111\u1ecdc\" \/>\n\t<meta name=\"twitter:data1\" content=\"5 ph\u00fat\" \/>\n<script type=\"application\/ld+json\" class=\"yoast-schema-graph\">{\"@context\":\"https:\/\/schema.org\",\"@graph\":[{\"@type\":\"WebSite\",\"@id\":\"https:\/\/batani.vn\/#website\",\"url\":\"https:\/\/batani.vn\/\",\"name\":\"Batani\",\"description\":\"Thi\u1ebft b\u1ecb nh\u00e0 b\u1ebfp cao c\u1ea5p Batani\",\"potentialAction\":[{\"@type\":\"SearchAction\",\"target\":{\"@type\":\"EntryPoint\",\"urlTemplate\":\"https:\/\/batani.vn\/?s={search_term_string}\"},\"query-input\":\"required name=search_term_string\"}],\"inLanguage\":\"vi\"},{\"@type\":\"ImageObject\",\"inLanguage\":\"vi\",\"@id\":\"https:\/\/batani.vn\/?product=bep-tu-batani-eg-836#primaryimage\",\"url\":\"https:\/\/batani.vn\/wp-content\/uploads\/2023\/06\/bep-tu-batani-eg-836x500x500x4.jpg\",\"contentUrl\":\"https:\/\/batani.vn\/wp-content\/uploads\/2023\/06\/bep-tu-batani-eg-836x500x500x4.jpg\",\"width\":500,\"height\":289},{\"@type\":\"WebPage\",\"@id\":\"https:\/\/batani.vn\/?product=bep-tu-batani-eg-836#webpage\",\"url\":\"https:\/\/batani.vn\/?product=bep-tu-batani-eg-836\",\"name\":\"B\u1ebfp t\u1eeb Batani EG-836 - Batani\",\"isPartOf\":{\"@id\":\"https:\/\/batani.vn\/#website\"},\"primaryImageOfPage\":{\"@id\":\"https:\/\/batani.vn\/?product=bep-tu-batani-eg-836#primaryimage\"},\"datePublished\":\"2023-06-12T03:47:20+00:00\",\"dateModified\":\"2023-07-14T05:27:37+00:00\",\"description\":\"B\u1ebfp t\u1eeb Batani EG-836 | Thi\u1ebft k\u1ebf sang tr\u1ecdng | H\u1ec7 \u0111i\u1ec1u khi\u1ec3n c\u1ea3m \u1ee9ng \u0111i\u1ec7n t\u1eed si\u00eau nh\u1ea1y | An to\u00e0n, b\u1ec1n b\u1ec9 v\u00e0 ti\u1ebft ki\u1ec7m \u0111i\u1ec7n n\u0103ng.\",\"breadcrumb\":{\"@id\":\"https:\/\/batani.vn\/?product=bep-tu-batani-eg-836#breadcrumb\"},\"inLanguage\":\"vi\",\"potentialAction\":[{\"@type\":\"ReadAction\",\"target\":[\"https:\/\/batani.vn\/?product=bep-tu-batani-eg-836\"]}]},{\"@type\":\"BreadcrumbList\",\"@id\":\"https:\/\/batani.vn\/?product=bep-tu-batani-eg-836#breadcrumb\",\"itemListElement\":[{\"@type\":\"ListItem\",\"position\":1,\"name\":\"Trang ch\u1ee7\",\"item\":\"https:\/\/batani.vn\/\"},{\"@type\":\"ListItem\",\"position\":2,\"name\":\"C\u1eeda h\u00e0ng\",\"item\":\"https:\/\/batani.vn\/?page_id=6\"},{\"@type\":\"ListItem\",\"position\":3,\"name\":\"B\u1ebfp t\u1eeb Batani EG-836\"}]}]}<\/script>\n<!-- \/ Yoast SEO plugin. -->","yoast_head_json":{"title":"B\u1ebfp t\u1eeb Batani EG-836 - Batani","description":"B\u1ebfp t\u1eeb Batani EG-836 | Thi\u1ebft k\u1ebf sang tr\u1ecdng | H\u1ec7 \u0111i\u1ec1u khi\u1ec3n c\u1ea3m \u1ee9ng \u0111i\u1ec7n t\u1eed si\u00eau nh\u1ea1y | An to\u00e0n, b\u1ec1n b\u1ec9 v\u00e0 ti\u1ebft ki\u1ec7m \u0111i\u1ec7n n\u0103ng.","robots":{"index":"index","follow":"follow","max-snippet":"max-snippet:-1","max-image-preview":"max-image-preview:large","max-video-preview":"max-video-preview:-1"},"canonical":"https:\/\/batani.vn\/?product=bep-tu-batani-eg-836","og_locale":"vi_VN","og_type":"article","og_title":"B\u1ebfp t\u1eeb Batani EG-836 - Batani","og_description":"B\u1ebfp t\u1eeb Batani EG-836 | Thi\u1ebft k\u1ebf sang tr\u1ecdng | H\u1ec7 \u0111i\u1ec1u khi\u1ec3n c\u1ea3m \u1ee9ng \u0111i\u1ec7n t\u1eed si\u00eau nh\u1ea1y | An to\u00e0n, b\u1ec1n b\u1ec9 v\u00e0 ti\u1ebft ki\u1ec7m \u0111i\u1ec7n n\u0103ng.","og_url":"https:\/\/batani.vn\/?product=bep-tu-batani-eg-836","og_site_name":"Batani","article_modified_time":"2023-07-14T05:27:37+00:00","og_image":[{"width":500,"height":289,"url":"https:\/\/batani.vn\/wp-content\/uploads\/2023\/06\/bep-tu-batani-eg-836x500x500x4.jpg","type":"image\/jpeg"}],"twitter_card":"summary_large_image","twitter_misc":{"\u01af\u1edbc t\u00ednh th\u1eddi gian \u0111\u1ecdc":"5 ph\u00fat"},"schema":{"@context":"https:\/\/schema.org","@graph":[{"@type":"WebSite","@id":"https:\/\/batani.vn\/#website","url":"https:\/\/batani.vn\/","name":"Batani","description":"Thi\u1ebft b\u1ecb nh\u00e0 b\u1ebfp cao c\u1ea5p Batani","potentialAction":[{"@type":"SearchAction","target":{"@type":"EntryPoint","urlTemplate":"https:\/\/batani.vn\/?s={search_term_string}"},"query-input":"required name=search_term_string"}],"inLanguage":"vi"},{"@type":"ImageObject","inLanguage":"vi","@id":"https:\/\/batani.vn\/?product=bep-tu-batani-eg-836#primaryimage","url":"https:\/\/batani.vn\/wp-content\/uploads\/2023\/06\/bep-tu-batani-eg-836x500x500x4.jpg","contentUrl":"https:\/\/batani.vn\/wp-content\/uploads\/2023\/06\/bep-tu-batani-eg-836x500x500x4.jpg","width":500,"height":289},{"@type":"WebPage","@id":"https:\/\/batani.vn\/?product=bep-tu-batani-eg-836#webpage","url":"https:\/\/batani.vn\/?product=bep-tu-batani-eg-836","name":"B\u1ebfp t\u1eeb Batani EG-836 - Batani","isPartOf":{"@id":"https:\/\/batani.vn\/#website"},"primaryImageOfPage":{"@id":"https:\/\/batani.vn\/?product=bep-tu-batani-eg-836#primaryimage"},"datePublished":"2023-06-12T03:47:20+00:00","dateModified":"2023-07-14T05:27:37+00:00","description":"B\u1ebfp t\u1eeb Batani EG-836 | Thi\u1ebft k\u1ebf sang tr\u1ecdng | H\u1ec7 \u0111i\u1ec1u khi\u1ec3n c\u1ea3m \u1ee9ng \u0111i\u1ec7n t\u1eed si\u00eau nh\u1ea1y | An to\u00e0n, b\u1ec1n b\u1ec9 v\u00e0 ti\u1ebft ki\u1ec7m \u0111i\u1ec7n n\u0103ng.","breadcrumb":{"@id":"https:\/\/batani.vn\/?product=bep-tu-batani-eg-836#breadcrumb"},"inLanguage":"vi","potentialAction":[{"@type":"ReadAction","target":["https:\/\/batani.vn\/?product=bep-tu-batani-eg-836"]}]},{"@type":"BreadcrumbList","@id":"https:\/\/batani.vn\/?product=bep-tu-batani-eg-836#breadcrumb","itemListElement":[{"@type":"ListItem","position":1,"name":"Trang ch\u1ee7","item":"https:\/\/batani.vn\/"},{"@type":"ListItem","position":2,"name":"C\u1eeda h\u00e0ng","item":"https:\/\/batani.vn\/?page_id=6"},{"@type":"ListItem","position":3,"name":"B\u1ebfp t\u1eeb Batani EG-836"}]}]}},"_links":{"self":[{"href":"https:\/\/batani.vn\/index.php?rest_route=\/wp\/v2\/product\/619","targetHints":{"allow":["GET"]}}],"collection":[{"href":"https:\/\/batani.vn\/index.php?rest_route=\/wp\/v2\/product"}],"about":[{"href":"https:\/\/batani.vn\/index.php?rest_route=\/wp\/v2\/types\/product"}],"replies":[{"embeddable":true,"href":"https:\/\/batani.vn\/index.php?rest_route=%2Fwp%2Fv2%2Fcomments&post=619"}],"wp:featuredmedia":[{"embeddable":true,"href":"https:\/\/batani.vn\/index.php?rest_route=\/wp\/v2\/media\/621"}],"wp:attachment":[{"href":"https:\/\/batani.vn\/index.php?rest_route=%2Fwp%2Fv2%2Fmedia&parent=619"}],"wp:term":[{"taxonomy":"product_cat","embeddable":true,"href":"https:\/\/batani.vn\/index.php?rest_route=%2Fwp%2Fv2%2Fproduct_cat&post=619"},{"taxonomy":"product_tag","embeddable":true,"href":"https:\/\/batani.vn\/index.php?rest_route=%2Fwp%2Fv2%2Fproduct_tag&post=619"}],"curies":[{"name":"wp","href":"https:\/\/api.w.org\/{rel}","templated":true}]}}