{"id":604,"date":"2023-03-06T10:21:49","date_gmt":"2023-03-06T10:21:49","guid":{"rendered":"https:\/\/batani.vn\/?post_type=product&#038;p=604"},"modified":"2023-03-06T10:33:56","modified_gmt":"2023-03-06T10:33:56","slug":"bep-tu-batani-eg-02p8","status":"publish","type":"product","link":"https:\/\/batani.vn\/?product=bep-tu-batani-eg-02p8","title":{"rendered":"B\u1ebfp t\u1eeb Batani EG-02P8"},"content":{"rendered":"<h2 style=\"font-weight: 400; text-align: justify;\">B\u1ebfp t\u1eeb Batani <strong>EG-02P8<\/strong>\u00a0&#8211; B\u1ebfp t\u1eeb nh\u1eadp kh\u1ea9u Malaysia. Linh ki\u1ec7n v\u00e0 c\u00f4ng ngh\u1ec7 Germany<\/h2>\n<p style=\"font-weight: 400; text-align: justify;\"><b>T\u00cdNH N\u0102NG S\u1ea2N PH\u1ea8M<\/b><\/p>\n<ul style=\"font-weight: 400; text-align: justify;\">\n<li>B\u1ebfp 02 t\u1eeb<\/li>\n<li>M\u1eb7t k\u00ednh Schott Ceran, made in Germany, bo vi\u1ec1n 4 c\u1ea1nh b\u1eb1ng h\u1ee3p kim nh\u00f4m cao c\u1ea5p<\/li>\n<li>\u0110i\u1ec1u khi\u1ec3n c\u1ea3m \u1ee9ng ph\u00edm tr\u01b0\u1ee3t slide d\u1ea1ng \u1ea9n<\/li>\n<li>Ch\u1ebf \u0111\u1ed9 9 c\u1ea5p \u0111\u1ed9 n\u1ea5u linh ho\u1ea1t<\/li>\n<li>T\u00ednh n\u0103ng n\u1ea5u si\u00eau nhanh Booster<\/li>\n<li>T\u00ednh n\u0103ng h\u00e2m n\u00f3ng Warming \u1edf nhi\u1ec1u nhi\u1ec7t \u0111\u1ed9 kh\u00e1c nhau: 50\u00b0C, 60\u00b0C, 70\u00b0C<\/li>\n<li>C\u00f4ng ngh\u1ec7 inverter th\u00f4ng minh<\/li>\n<\/ul>\n<p style=\"font-weight: 400; text-align: justify;\"><b>T\u00cdNH N\u0102NG AN TO\u00c0N<\/b><\/p>\n<ul style=\"font-weight: 400; text-align: justify;\">\n<li>T\u1ef1 \u0111\u1ed9ng t\u1eaft b\u1ebfp khi kh\u00f4ng nh\u1eadn di\u1ec7n \u0111\u01b0\u1ee3c \u0111\u00e1y n\u1ed3i<\/li>\n<li>C\u1ea3nh b\u00e1o nhi\u1ec7t d\u01b0 v\u00f9ng n\u1ea5u hi\u1ec3n th\u1ecb ch\u1eef &#8220;H&#8221;<\/li>\n<li>H\u1ec7 th\u1ed1ng b\u1ea3o v\u1ec7 an to\u00e0n qu\u00e1 nhi\u1ec7t qu\u00e1 \u00e1p<\/li>\n<li>Ch\u1ee9c n\u0103ng t\u1ea1m d\u1eebng Pause<\/li>\n<li>H\u1eb9n gi\u1edd n\u1ea5u &#8211; Ph\u00edm kh\u00f3a tr\u1ebb em &#8211; Ti\u1ebft ki\u1ec7m 37% \u0111i\u1ec7n n\u0103ng<\/li>\n<\/ul>\n<p style=\"text-align: justify;\"><img loading=\"lazy\" decoding=\"async\" class=\"alignnone size-full wp-image-605\" src=\"https:\/\/batani.vn\/wp-content\/uploads\/2023\/03\/bep-tu-batani-eg-02P8.jpg\" alt=\"\" width=\"1200\" height=\"628\" srcset=\"https:\/\/batani.vn\/wp-content\/uploads\/2023\/03\/bep-tu-batani-eg-02P8.jpg 1200w, https:\/\/batani.vn\/wp-content\/uploads\/2023\/03\/bep-tu-batani-eg-02P8-768x402.jpg 768w, https:\/\/batani.vn\/wp-content\/uploads\/2023\/03\/bep-tu-batani-eg-02P8-300x157.jpg 300w, https:\/\/batani.vn\/wp-content\/uploads\/2023\/03\/bep-tu-batani-eg-02P8-600x314.jpg 600w\" sizes=\"auto, (max-width: 1200px) 100vw, 1200px\" \/><\/p>\n<p style=\"font-weight: 400; text-align: justify;\"><b>TH\u00d4NG S\u1ed0 K\u1ef8 THU\u1eacT<\/b><\/p>\n<ul style=\"font-weight: 400; text-align: justify;\">\n<li>\u0110i\u1ec7n \u00e1p: 220 &#8211; 240V, 50\/60Hz<\/li>\n<li>C\u00f4ng su\u1ea5t tr\u00e1i: 2200W\/Booster 2400W<\/li>\n<li>C\u00f4ng su\u1ea5t ph\u1ea3i: 2200W\/Booster 2400W<\/li>\n<li>K\u00edch th\u01b0\u1edbc b\u1ebfp: 730x430mm<\/li>\n<li>K\u00edch th\u01b0\u1edbc kho\u00e9t \u0111\u00e1: 680x400mm<\/li>\n<\/ul>\n<h2 style=\"text-align: justify;\">B\u1ebfp t\u1eeb Batani EG-02P8, b\u1ebfp t\u1eeb nh\u1eadp kh\u1ea9u cao c\u1ea5p.<\/h2>\n<p style=\"font-weight: 400; text-align: justify;\"><strong>B\u1ebfp t\u1eeb Batani EG-02P8<\/strong> \u0111\u01b0\u1ee3c thi\u1ebft k\u1ebf 2 v\u00f9ng n\u1ea5u t\u1eeb v\u1edbi ki\u1ec3u d\u00e1ng hi\u1ec7n \u0111\u1ea1i. M\u1eb7t b\u1ebfp \u0111\u01b0\u1ee3c l\u00e0m b\u1eb1ng k\u00ednh <strong>Schott Ceran<\/strong> m\u00e0u \u0111en sang tr\u1ecdng c\u1ee7a \u0110\u1ee9c, c\u00f3 kh\u1ea3 n\u0103ng ch\u1ecbu l\u1ef1c ch\u1ecbu nhi\u1ec7t t\u1ed1t, ch\u1ed1ng s\u1ed1c nhi\u1ec7t \u0111\u1ebfn 750 \u0111\u1ed9 C. Thi\u1ebft k\u1ebf 4 c\u1ea1nh \u0111\u01b0\u1ee3c bo vi\u1ec1n b\u1eb1ng h\u1ee3p kim nh\u00f4m cao c\u1ea5p, t\u1ea1o n\u00ean v\u1ebb hi\u1ec7n \u0111\u1ea1i v\u00e0 tinh t\u1ebf cho gian b\u1ebfp nh\u00e0 b\u1ea1n.<\/p>\n<p style=\"text-align: justify;\"><img loading=\"lazy\" decoding=\"async\" class=\"alignnone size-full wp-image-608\" src=\"https:\/\/batani.vn\/wp-content\/uploads\/2023\/03\/mat-kinh-bep-tu-batani-EG-02P8.jpg\" alt=\"\" width=\"768\" height=\"452\" srcset=\"https:\/\/batani.vn\/wp-content\/uploads\/2023\/03\/mat-kinh-bep-tu-batani-EG-02P8.jpg 768w, https:\/\/batani.vn\/wp-content\/uploads\/2023\/03\/mat-kinh-bep-tu-batani-EG-02P8-300x177.jpg 300w, https:\/\/batani.vn\/wp-content\/uploads\/2023\/03\/mat-kinh-bep-tu-batani-EG-02P8-600x353.jpg 600w\" sizes=\"auto, (max-width: 768px) 100vw, 768px\" \/><\/p>\n<p style=\"font-weight: 400; text-align: justify;\">Th\u00e2n b\u1ebfp \u0111\u01b0\u1ee3c l\u00e0m b\u1eb1ng th\u00e9p kh\u00f4ng g\u1ec9, qu\u1ea1t t\u1ea3n nhi\u1ec7t ho\u1ea1t \u0111\u1ed9ng linh ho\u1ea1t, gi\u00fap \u0111\u1ea9y nhanh l\u01b0\u1ee3ng nhi\u1ec7t n\u00f3ng ph\u00e1t sinh trong qu\u00e1 tr\u00ecnh n\u1ea5u n\u01b0\u1edbng.<\/p>\n<p style=\"font-weight: 400; text-align: justify;\">B\u1ea3ng \u0111i\u1ec1u khi\u1ec3n c\u1ea3m \u1ee9ng tr\u01b0\u1ee3t slide hi\u1ec7n \u0111\u1ea1i, nhanh nh\u1ea1y, hi\u1ec3n th\u1ecb r\u00f5 c\u00e1c ch\u1ee9c n\u0103ng tr\u00ean m\u1eb7t b\u1ebfp ti\u1ec7n d\u1ee5ng h\u01a1n cho ng\u01b0\u1eddi d\u00f9ng, ch\u1ec9 c\u1ea7n ch\u1ea1m nh\u1eb9 tay \u0111\u1ec3 \u0111i\u1ec1u khi\u1ec3n. <strong>EG-02P8<\/strong> ghi \u0111i\u1ec3m v\u1edbi hi\u1ec7u su\u1ea5t l\u00e0m vi\u1ec7c cao, n\u1ea5u n\u01b0\u1edbng nhanh, hi\u1ec7u qu\u1ea3 v\u1edbi 9 m\u1ee9c \u0111i\u1ec1u ch\u1ec9nh c\u00f4ng su\u1ea5t n\u1ea5u linh ho\u1ea1t. B\u1ebfp th\u00e2n thi\u1ec7n, an to\u00e0n v\u1edbi m\u00f4i tr\u01b0\u1eddng v\u00e0 con ng\u01b0\u1eddi.<\/p>\n<p style=\"font-weight: 400; text-align: justify;\"><b>B\u1ebfp t\u00edch h\u1ee3p nhi\u1ec1u ch\u1ee9c n\u0103ng n\u1ea5u th\u00f4ng minh hi\u1ec7n \u0111\u1ea1i:<\/b><\/p>\n<p style=\"font-weight: 400; text-align: justify;\">+ Ch\u1ee9c n\u0103ng t\u1ef1 nh\u1eadn di\u1ec7n \u0111\u00e1y n\u1ed3i, nhi\u1ec7t ch\u1ec9 ph\u00e1t sinh \u1edf v\u00f9ng c\u00f3 n\u1ed3i n\u1ea5u. Tr\u00e1nh th\u1ea5t tho\u00e1t nhi\u1ec7t, ti\u1ebft ki\u1ec7m \u0111i\u1ec7n hi\u1ec7u qu\u1ea3.<\/p>\n<p style=\"font-weight: 400; text-align: justify;\">+ Ch\u1ee9c n\u0103ng h\u1eb9n gi\u1edd n\u1ea5u \u0103n: B\u1ea1n ch\u1ec9 c\u1ea7n h\u1eb9n gi\u1edd n\u1ea5u cho m\u00f3n \u0103n \u0111\u1ec3 b\u1ebfp t\u1ef1 \u0111\u1ed9ng n\u1ea5u, h\u1ebft gi\u1edd n\u1ea5u b\u1ebfp s\u1ebd t\u1ef1 \u0111\u1ed9ng t\u1eaft v\u1eeba an to\u00e0n l\u1ea1i ti\u1ec7n d\u1ee5ng, ti\u1ebft ki\u1ec7m \u0111\u01b0\u1ee3c th\u1eddi gian \u0111\u1ee9ng b\u1ebfp \u0111\u1ec3 l\u00e0m nh\u1eefng vi\u1ec7c kh\u00e1c.<\/p>\n<p style=\"font-weight: 400; text-align: justify;\">+ Ch\u1ee9c n\u0103ng n\u1ea5u si\u00eau nhanh Booster: T\u0103ng c\u00f4ng su\u1ea5t v\u00f9ng n\u1ea5u l\u00ean g\u1ea7n 1.5 l\u1ea7n, gi\u1ea3m th\u1eddi gian \u0111un n\u1ea5u xu\u1ed1ng c\u00f2n 1 n\u1eeda.<\/p>\n<p style=\"font-weight: 400; text-align: justify;\">+ C\u00f4ng ngh\u1ec7 inverter th\u00f4ng minh: Gi\u00fap \u0111\u1ea3m b\u1ea3o \u0111\u1ed9 \u1ed5n \u0111\u1ecbnh c\u1ee7a b\u1ebfp, ti\u1ebft ki\u1ec7m t\u1ed1i \u0111a n\u0103ng l\u01b0\u1ee3ng v\u00e0 gia t\u0103ng t\u00ednh n\u0103ng th\u00f4ng minh cho b\u1ebfp t\u1eeb.<\/p>\n<p style=\"font-weight: 400; text-align: justify;\">+ Ch\u1ee9c n\u0103ng t\u1ea1m d\u1eebng: Cho ph\u00e9p b\u1ebfp t\u1ea1m d\u1eebng ho\u1ea1t \u0111\u1ed9ng, to\u00e0n b\u1ed9 ho\u1ea1t \u0111\u1ed9ng c\u1ee7a b\u1ebfp s\u1ebd \u0111\u01b0\u1ee3c l\u01b0u gi\u1eef v\u00e0o b\u1ed9 nh\u1edb \u0111\u1ec3 khi xong vi\u1ec7c b\u1ea1n ch\u1ec9 c\u1ea7n kh\u00f4i ph\u1ee5c ho\u1ea1t \u0111\u1ed9ng c\u1ee7a b\u1ebfp m\u00e0 kh\u00f4ng c\u1ea7n kh\u1edfi \u0111\u1ed9ng l\u1ea1i.<\/p>\n<p style=\"font-weight: 400; text-align: justify;\"><b>B\u1ebfp trang b\u1ecb t\u00ednh n\u0103ng an to\u00e0n cho ng\u01b0\u1eddi d\u00f9ng:<\/b><\/p>\n<p style=\"font-weight: 400; text-align: justify;\">+ Ch\u1ee9c n\u0103ng c\u1ea3nh b\u00e1o nhi\u1ec7t d\u01b0 v\u00f9ng n\u1ea5u: B\u1ebfp hi\u1ec3n th\u1ecb ch\u1eef \u201cH\u201d\u00a0C\u1ea3nh b\u00e1o ng\u01b0\u1eddi d\u00f9ng kh\u00f4ng ch\u1ea1m tay v\u00e0o v\u00f9ng n\u1ea5u qu\u00e1 nhi\u1ec7t sau khi t\u1eaft b\u1ebfp. Tr\u00e1nh c\u00e1c tai n\u1ea1n b\u1ecfng.<\/p>\n<p style=\"font-weight: 400; text-align: justify;\">+ Ch\u1ee9c n\u0103ng kh\u00f3a ph\u00edm tr\u1ebb em an to\u00e0n: T\u1ea1m th\u1eddi v\u00f4 hi\u1ec7u h\u00f3a ch\u1ee9c n\u0103ng c\u1ea3m \u1ee9ng c\u1ee7a b\u1ea3ng \u0111i\u1ec1u khi\u1ec3n. Trong kho\u1ea3ng th\u1eddi gian \u0111\u00f3, kh\u00f4ng th\u1ec3 thay \u0111\u1ed5i m\u1ee9c c\u00f4ng su\u1ea5t hay c\u00e1c c\u00e0i \u0111\u1eb7t tr\u00ean b\u1ebfp. An to\u00e0n v\u1edbi gia \u0111\u00ecnh c\u00f3 tr\u1ebb nh\u1ecf.<\/p>\n<p style=\"font-weight: 400; text-align: justify;\">+ H\u1ec7 th\u1ed1ng an to\u00e0n qu\u00e1 nhi\u1ec7t qu\u00e1 \u00e1p: b\u1ebfp s\u1ebd t\u1ef1 t\u1eaft khi qu\u00e1 nhi\u1ec7t<\/p>\n<p style=\"font-weight: 400; text-align: justify;\"><b>K\u00edch th\u01b0\u1edbc l\u1eafp \u0111\u1eb7t\u00a0<\/b><\/p>\n<ul style=\"font-weight: 400; text-align: justify;\">\n<li>K\u00edch th\u01b0\u1edbc b\u1ebfp: 730x430mm<\/li>\n<li>K\u00edch th\u01b0\u1edbc kho\u00e9t \u0111\u00e1: 680x400mm<\/li>\n<\/ul>\n<p><img loading=\"lazy\" decoding=\"async\" class=\"alignnone size-full wp-image-610\" src=\"https:\/\/batani.vn\/wp-content\/uploads\/2023\/03\/kich-thuoc-bep-tu-batani-eg-02p8.jpg\" alt=\"\" width=\"876\" height=\"461\" srcset=\"https:\/\/batani.vn\/wp-content\/uploads\/2023\/03\/kich-thuoc-bep-tu-batani-eg-02p8.jpg 876w, https:\/\/batani.vn\/wp-content\/uploads\/2023\/03\/kich-thuoc-bep-tu-batani-eg-02p8-768x404.jpg 768w, https:\/\/batani.vn\/wp-content\/uploads\/2023\/03\/kich-thuoc-bep-tu-batani-eg-02p8-300x158.jpg 300w, https:\/\/batani.vn\/wp-content\/uploads\/2023\/03\/kich-thuoc-bep-tu-batani-eg-02p8-600x316.jpg 600w\" sizes=\"auto, (max-width: 876px) 100vw, 876px\" \/><\/p>\n<p style=\"font-weight: 400; text-align: justify;\">B\u1ebfp t\u1eeb Malaysia <strong>Batani EG-02P8<\/strong>\u00a0 h\u1ed9i t\u1ee5 nh\u1eefng \u01b0u \u0111i\u1ec3m v\u01b0\u1ee3t tr\u1ed9i \u0111\u00e1p \u1ee9ng ti\u00eau chu\u1ea9n ch\u1ea5t l\u01b0\u1ee3ng Ch\u00e2u \u00c2u ph\u00f9 h\u1ee3p v\u1edbi nhu c\u1ea7u s\u1eed d\u1ee5ng c\u1ee7a m\u1ecdi gia \u0111\u00ecnh. S\u1ea3n ph\u1ea9m \u0111\u01b0\u1ee3c b\u1ea3o h\u00e0nh 24 th\u00e1ng v\u1edbi gi\u00e1 b\u00e1n \u01b0u \u0111\u00e3i nh\u1ea5t th\u1ecb tr\u01b0\u1eddng.<\/p>\n","protected":false},"excerpt":{"rendered":"<p class=\"pd-info__title mb-1\">B\u1ebfp t\u1eeb Batani EG-02P8: B\u1ebfp t\u1eeb cao c\u1ea5p nh\u1eadp kh\u1ea9u nguy\u00ean chi\u1ebfc Malaysia<\/p>\n<p>Linh ki\u1ec7n v\u00e0 c\u00f4ng ngh\u1ec7 Germany. Thi\u1ebft k\u1ebf sang tr\u1ecdng, h\u1ec7 \u0111i\u1ec1u khi\u1ec3n c\u1ea3m \u1ee9ng si\u00eau nh\u1ea1y, an to\u00e0n, b\u1ec1n b\u1ec9 v\u00e0 ti\u1ebft ki\u1ec7m \u0111i\u1ec7n n\u0103ng.<\/p>\n<p>B\u1ea3o h\u00e0nh: 2 n\u0103m<\/p>\n<p>H\u00e3y g\u1ecdi cho ch\u00fang t\u00f4i \u0111\u1ec3 \u0111\u01b0\u1ee3c t\u01b0 v\u1ea5n mua h\u00e0ng ho\u1eb7c l\u00e0m \u0111\u1ea1i l\u00fd c\u1ee7a h\u00e3ng<\/p>\n<p><strong>Hotline: 0339.80.1080 \u2013 0325.80.1080<\/strong><\/p>\n<p><img loading=\"lazy\" decoding=\"async\" class=\" wp-image-96 alignleft\" src=\"https:\/\/batani.vn\/wp-content\/uploads\/2022\/05\/z3393878020210_ad12378d36ecff590de47e264835bb9d.jpg\" alt=\"\" width=\"600\" height=\"315\" srcset=\"https:\/\/batani.vn\/wp-content\/uploads\/2022\/05\/z3393878020210_ad12378d36ecff590de47e264835bb9d.jpg 600w, https:\/\/batani.vn\/wp-content\/uploads\/2022\/05\/z3393878020210_ad12378d36ecff590de47e264835bb9d-300x158.jpg 300w\" sizes=\"auto, (max-width: 600px) 100vw, 600px\" \/><\/p>\n","protected":false},"featured_media":605,"comment_status":"open","ping_status":"closed","template":"","meta":[],"product_cat":[21],"product_tag":[],"class_list":{"0":"post-604","1":"product","2":"type-product","3":"status-publish","4":"has-post-thumbnail","6":"product_cat-bep-tu","8":"first","9":"instock","10":"shipping-taxable","11":"purchasable","12":"product-type-simple"},"yoast_head":"<!-- This site is optimized with the Yoast SEO plugin v18.8 - https:\/\/yoast.com\/wordpress\/plugins\/seo\/ -->\n<title>B\u1ebfp t\u1eeb Batani EG-02P8 - Batani<\/title>\n<meta name=\"robots\" content=\"index, follow, max-snippet:-1, max-image-preview:large, max-video-preview:-1\" \/>\n<link rel=\"canonical\" href=\"https:\/\/batani.vn\/?product=bep-tu-batani-eg-02p8\" \/>\n<meta property=\"og:locale\" content=\"vi_VN\" \/>\n<meta property=\"og:type\" content=\"article\" \/>\n<meta property=\"og:title\" content=\"B\u1ebfp t\u1eeb Batani EG-02P8 - Batani\" \/>\n<meta property=\"og:description\" content=\"B\u1ebfp t\u1eeb Batani EG-02P8: B\u1ebfp t\u1eeb cao c\u1ea5p nh\u1eadp kh\u1ea9u nguy\u00ean chi\u1ebfc Malaysia Linh ki\u1ec7n v\u00e0 c\u00f4ng ngh\u1ec7 Germany. Thi\u1ebft k\u1ebf sang tr\u1ecdng, h\u1ec7 \u0111i\u1ec1u khi\u1ec3n c\u1ea3m \u1ee9ng si\u00eau nh\u1ea1y, an to\u00e0n, b\u1ec1n b\u1ec9 v\u00e0 ti\u1ebft ki\u1ec7m \u0111i\u1ec7n n\u0103ng.  B\u1ea3o h\u00e0nh: 2 n\u0103m  H\u00e3y g\u1ecdi cho ch\u00fang t\u00f4i \u0111\u1ec3 \u0111\u01b0\u1ee3c t\u01b0 v\u1ea5n mua h\u00e0ng ho\u1eb7c l\u00e0m \u0111\u1ea1i l\u00fd c\u1ee7a h\u00e3ng  Hotline: 0339.80.1080 \u2013 0325.80.1080\" \/>\n<meta property=\"og:url\" content=\"https:\/\/batani.vn\/?product=bep-tu-batani-eg-02p8\" \/>\n<meta property=\"og:site_name\" content=\"Batani\" \/>\n<meta property=\"article:modified_time\" content=\"2023-03-06T10:33:56+00:00\" \/>\n<meta property=\"og:image\" content=\"https:\/\/batani.vn\/wp-content\/uploads\/2023\/03\/bep-tu-batani-eg-02P8.jpg\" \/>\n\t<meta property=\"og:image:width\" content=\"1200\" \/>\n\t<meta property=\"og:image:height\" content=\"628\" \/>\n\t<meta property=\"og:image:type\" content=\"image\/jpeg\" \/>\n<meta name=\"twitter:card\" content=\"summary_large_image\" \/>\n<meta name=\"twitter:label1\" content=\"\u01af\u1edbc t\u00ednh th\u1eddi gian \u0111\u1ecdc\" \/>\n\t<meta name=\"twitter:data1\" content=\"5 ph\u00fat\" \/>\n<script type=\"application\/ld+json\" class=\"yoast-schema-graph\">{\"@context\":\"https:\/\/schema.org\",\"@graph\":[{\"@type\":\"WebSite\",\"@id\":\"https:\/\/batani.vn\/#website\",\"url\":\"https:\/\/batani.vn\/\",\"name\":\"Batani\",\"description\":\"Thi\u1ebft b\u1ecb nh\u00e0 b\u1ebfp cao c\u1ea5p Batani\",\"potentialAction\":[{\"@type\":\"SearchAction\",\"target\":{\"@type\":\"EntryPoint\",\"urlTemplate\":\"https:\/\/batani.vn\/?s={search_term_string}\"},\"query-input\":\"required name=search_term_string\"}],\"inLanguage\":\"vi\"},{\"@type\":\"ImageObject\",\"inLanguage\":\"vi\",\"@id\":\"https:\/\/batani.vn\/?product=bep-tu-batani-eg-02p8#primaryimage\",\"url\":\"https:\/\/batani.vn\/wp-content\/uploads\/2023\/03\/bep-tu-batani-eg-02P8.jpg\",\"contentUrl\":\"https:\/\/batani.vn\/wp-content\/uploads\/2023\/03\/bep-tu-batani-eg-02P8.jpg\",\"width\":1200,\"height\":628},{\"@type\":\"WebPage\",\"@id\":\"https:\/\/batani.vn\/?product=bep-tu-batani-eg-02p8#webpage\",\"url\":\"https:\/\/batani.vn\/?product=bep-tu-batani-eg-02p8\",\"name\":\"B\u1ebfp t\u1eeb Batani EG-02P8 - Batani\",\"isPartOf\":{\"@id\":\"https:\/\/batani.vn\/#website\"},\"primaryImageOfPage\":{\"@id\":\"https:\/\/batani.vn\/?product=bep-tu-batani-eg-02p8#primaryimage\"},\"datePublished\":\"2023-03-06T10:21:49+00:00\",\"dateModified\":\"2023-03-06T10:33:56+00:00\",\"breadcrumb\":{\"@id\":\"https:\/\/batani.vn\/?product=bep-tu-batani-eg-02p8#breadcrumb\"},\"inLanguage\":\"vi\",\"potentialAction\":[{\"@type\":\"ReadAction\",\"target\":[\"https:\/\/batani.vn\/?product=bep-tu-batani-eg-02p8\"]}]},{\"@type\":\"BreadcrumbList\",\"@id\":\"https:\/\/batani.vn\/?product=bep-tu-batani-eg-02p8#breadcrumb\",\"itemListElement\":[{\"@type\":\"ListItem\",\"position\":1,\"name\":\"Trang ch\u1ee7\",\"item\":\"https:\/\/batani.vn\/\"},{\"@type\":\"ListItem\",\"position\":2,\"name\":\"C\u1eeda h\u00e0ng\",\"item\":\"https:\/\/batani.vn\/?page_id=6\"},{\"@type\":\"ListItem\",\"position\":3,\"name\":\"B\u1ebfp t\u1eeb Batani EG-02P8\"}]}]}<\/script>\n<!-- \/ Yoast SEO plugin. -->","yoast_head_json":{"title":"B\u1ebfp t\u1eeb Batani EG-02P8 - Batani","robots":{"index":"index","follow":"follow","max-snippet":"max-snippet:-1","max-image-preview":"max-image-preview:large","max-video-preview":"max-video-preview:-1"},"canonical":"https:\/\/batani.vn\/?product=bep-tu-batani-eg-02p8","og_locale":"vi_VN","og_type":"article","og_title":"B\u1ebfp t\u1eeb Batani EG-02P8 - Batani","og_description":"B\u1ebfp t\u1eeb Batani EG-02P8: B\u1ebfp t\u1eeb cao c\u1ea5p nh\u1eadp kh\u1ea9u nguy\u00ean chi\u1ebfc Malaysia Linh ki\u1ec7n v\u00e0 c\u00f4ng ngh\u1ec7 Germany. Thi\u1ebft k\u1ebf sang tr\u1ecdng, h\u1ec7 \u0111i\u1ec1u khi\u1ec3n c\u1ea3m \u1ee9ng si\u00eau nh\u1ea1y, an to\u00e0n, b\u1ec1n b\u1ec9 v\u00e0 ti\u1ebft ki\u1ec7m \u0111i\u1ec7n n\u0103ng.  B\u1ea3o h\u00e0nh: 2 n\u0103m  H\u00e3y g\u1ecdi cho ch\u00fang t\u00f4i \u0111\u1ec3 \u0111\u01b0\u1ee3c t\u01b0 v\u1ea5n mua h\u00e0ng ho\u1eb7c l\u00e0m \u0111\u1ea1i l\u00fd c\u1ee7a h\u00e3ng  Hotline: 0339.80.1080 \u2013 0325.80.1080","og_url":"https:\/\/batani.vn\/?product=bep-tu-batani-eg-02p8","og_site_name":"Batani","article_modified_time":"2023-03-06T10:33:56+00:00","og_image":[{"width":1200,"height":628,"url":"https:\/\/batani.vn\/wp-content\/uploads\/2023\/03\/bep-tu-batani-eg-02P8.jpg","type":"image\/jpeg"}],"twitter_card":"summary_large_image","twitter_misc":{"\u01af\u1edbc t\u00ednh th\u1eddi gian \u0111\u1ecdc":"5 ph\u00fat"},"schema":{"@context":"https:\/\/schema.org","@graph":[{"@type":"WebSite","@id":"https:\/\/batani.vn\/#website","url":"https:\/\/batani.vn\/","name":"Batani","description":"Thi\u1ebft b\u1ecb nh\u00e0 b\u1ebfp cao c\u1ea5p Batani","potentialAction":[{"@type":"SearchAction","target":{"@type":"EntryPoint","urlTemplate":"https:\/\/batani.vn\/?s={search_term_string}"},"query-input":"required name=search_term_string"}],"inLanguage":"vi"},{"@type":"ImageObject","inLanguage":"vi","@id":"https:\/\/batani.vn\/?product=bep-tu-batani-eg-02p8#primaryimage","url":"https:\/\/batani.vn\/wp-content\/uploads\/2023\/03\/bep-tu-batani-eg-02P8.jpg","contentUrl":"https:\/\/batani.vn\/wp-content\/uploads\/2023\/03\/bep-tu-batani-eg-02P8.jpg","width":1200,"height":628},{"@type":"WebPage","@id":"https:\/\/batani.vn\/?product=bep-tu-batani-eg-02p8#webpage","url":"https:\/\/batani.vn\/?product=bep-tu-batani-eg-02p8","name":"B\u1ebfp t\u1eeb Batani EG-02P8 - Batani","isPartOf":{"@id":"https:\/\/batani.vn\/#website"},"primaryImageOfPage":{"@id":"https:\/\/batani.vn\/?product=bep-tu-batani-eg-02p8#primaryimage"},"datePublished":"2023-03-06T10:21:49+00:00","dateModified":"2023-03-06T10:33:56+00:00","breadcrumb":{"@id":"https:\/\/batani.vn\/?product=bep-tu-batani-eg-02p8#breadcrumb"},"inLanguage":"vi","potentialAction":[{"@type":"ReadAction","target":["https:\/\/batani.vn\/?product=bep-tu-batani-eg-02p8"]}]},{"@type":"BreadcrumbList","@id":"https:\/\/batani.vn\/?product=bep-tu-batani-eg-02p8#breadcrumb","itemListElement":[{"@type":"ListItem","position":1,"name":"Trang ch\u1ee7","item":"https:\/\/batani.vn\/"},{"@type":"ListItem","position":2,"name":"C\u1eeda h\u00e0ng","item":"https:\/\/batani.vn\/?page_id=6"},{"@type":"ListItem","position":3,"name":"B\u1ebfp t\u1eeb Batani EG-02P8"}]}]}},"_links":{"self":[{"href":"https:\/\/batani.vn\/index.php?rest_route=\/wp\/v2\/product\/604","targetHints":{"allow":["GET"]}}],"collection":[{"href":"https:\/\/batani.vn\/index.php?rest_route=\/wp\/v2\/product"}],"about":[{"href":"https:\/\/batani.vn\/index.php?rest_route=\/wp\/v2\/types\/product"}],"replies":[{"embeddable":true,"href":"https:\/\/batani.vn\/index.php?rest_route=%2Fwp%2Fv2%2Fcomments&post=604"}],"wp:featuredmedia":[{"embeddable":true,"href":"https:\/\/batani.vn\/index.php?rest_route=\/wp\/v2\/media\/605"}],"wp:attachment":[{"href":"https:\/\/batani.vn\/index.php?rest_route=%2Fwp%2Fv2%2Fmedia&parent=604"}],"wp:term":[{"taxonomy":"product_cat","embeddable":true,"href":"https:\/\/batani.vn\/index.php?rest_route=%2Fwp%2Fv2%2Fproduct_cat&post=604"},{"taxonomy":"product_tag","embeddable":true,"href":"https:\/\/batani.vn\/index.php?rest_route=%2Fwp%2Fv2%2Fproduct_tag&post=604"}],"curies":[{"name":"wp","href":"https:\/\/api.w.org\/{rel}","templated":true}]}}