{"id":275,"date":"2022-05-16T06:52:07","date_gmt":"2022-05-16T06:52:07","guid":{"rendered":"https:\/\/batani.vn\/?post_type=product&#038;p=275"},"modified":"2023-02-19T14:53:31","modified_gmt":"2023-02-19T14:53:31","slug":"may-hut-mui-batani-ba-608ss","status":"publish","type":"product","link":"https:\/\/batani.vn\/?product=may-hut-mui-batani-ba-608ss","title":{"rendered":"M\u00e1y h\u00fat m\u00f9i Batani BA-608SS"},"content":{"rendered":"<h2>M\u00c1Y H\u00daT M\u00d9I \u00c2M T\u1ee6 | BATANI BA-608SS | 60CM | KI\u1ec2U D\u00c1NG SANG TR\u1eccNG | H\u1ec6 \u0110I\u1ec0U KHI\u1ec2N PH\u00cdM B\u1ea4M \u0110I\u1ec6N T\u1eec | AN TO\u00c0N, B\u1ec0N B\u1ec8 V\u00c0 TI\u1ebeT KI\u1ec6M \u0110I\u1ec6N N\u0102NG | C\u00d9NG BATANI.VN T\u00ccM HI\u1ec2U K\u1ef8 H\u01a0N V\u1ec0 S\u1ea2N PH\u1ea8M N\u00c0Y.<\/h2>\n<p>M\u00e1y h\u00fat m\u00f9i Batani BA-608SS\u00a0d\u00f2ng s\u1ea3n ph\u1ea9m \u0111\u01b0\u1ee3c nh\u1eadp kh\u1ea9u nguy\u00ean chi\u1ebfc v\u01b0\u1ee3t tr\u1ed9i trong c\u00f4ng ngh\u1ec7 c\u1ee7a m\u00e1y h\u00fat m\u00f9i. Model\u00a0BA-608SS\u00a0v\u1edbi thi\u1ebft k\u1ebf \u00e2m t\u1ee7 ph\u00f9 h\u1ee3p cho nh\u1eefng gia \u0111\u00ecnh c\u00f3 kh\u00f4ng gian b\u1ebfp nh\u1ecf, ho\u1eb7c mu\u1ed1n s\u1eed d\u1ee5ng kh\u00f4ng gian ph\u00eda tr\u00ean m\u00e1y l\u00e0m t\u1ee7 b\u1ebfp.<\/p>\n<p>M\u00e1y h\u00fat m\u00f9i\u00a0Batani BA-608SS\u00a0\u0111\u01b0\u1ee3c thi\u1ebft k\u1ebf v\u1edbi th\u00e2n m\u00e1y ph\u1ee7 s\u01a1n t\u0129nh \u0111i\u1ec7n ch\u1ed1ng g\u1ec9 t\u1ea1o \u0111\u1ed9 b\u1ec1n cao cho m\u00e1y, ki\u1ec3u d\u00e1ng sang tr\u1ecdng v\u1edbi k\u00edch th\u01b0\u1edbc\u00a0<strong>60cm<\/strong>\u00a0ph\u00f9 h\u1ee3p v\u1edbi nhi\u1ec1u kh\u00f4ng gian b\u1ebfp Vi\u1ec7t. \u0110\u00e2y\u00a0l\u00e0 lo\u1ea1i m\u00e1y h\u00fat m\u00f9i c\u00f3 c\u00f4ng su\u1ea5t cao trong c\u00e1c lo\u1ea1i m\u00e1y h\u00fat m\u00f9i \u00e2m t\u1ee7, c\u00f4ng su\u1ea5t t\u1ed1i \u0111a c\u1ee7a m\u00e1y l\u00ean \u0111\u1ebfn\u00a0<strong>600m3\/h<\/strong>\u00a0v\u1edbi 2 t\u1ed1c \u0111\u1ed9 h\u00fat kh\u00e1c nhau d\u1ec5 d\u00e0ng \u0111i\u1ec1u ch\u1ec9nh b\u1eb1ng ph\u00edm b\u1ea5m \u0111i\u1ec7n t\u1eed.<\/p>\n<p><img loading=\"lazy\" decoding=\"async\" class=\"alignnone size-full wp-image-591\" src=\"https:\/\/batani.vn\/wp-content\/uploads\/2022\/05\/may-hut-mui-batani-ba-608ss.jpg\" alt=\"\" width=\"1200\" height=\"450\" srcset=\"https:\/\/batani.vn\/wp-content\/uploads\/2022\/05\/may-hut-mui-batani-ba-608ss.jpg 1200w, https:\/\/batani.vn\/wp-content\/uploads\/2022\/05\/may-hut-mui-batani-ba-608ss-768x288.jpg 768w, https:\/\/batani.vn\/wp-content\/uploads\/2022\/05\/may-hut-mui-batani-ba-608ss-300x113.jpg 300w, https:\/\/batani.vn\/wp-content\/uploads\/2022\/05\/may-hut-mui-batani-ba-608ss-600x225.jpg 600w\" sizes=\"auto, (max-width: 1200px) 100vw, 1200px\" \/><\/p>\n<p>&nbsp;<\/p>\n<p><strong>To\u00e0n c\u1ea3nh &#8211;\u00a0M\u00e1y h\u00fat m\u00f9i Batani BA-608SS<\/strong><\/p>\n<p>C\u0169ng gi\u1ed1ng nh\u01b0 c\u00e1c lo\u1ea1i m\u00e1y h\u00fat m\u00f9i cao c\u1ea5p kh\u00e1c,\u00a0m\u00e1y h\u00fat m\u00f9i\u00a0Batani BA-608SS\u00a0c\u0169ng \u0111\u01b0\u1ee3c trang b\u1ecb \u0111\u1ea7y \u0111\u1ee7 \u0111\u00e8n chi\u1ebfu s\u00e1ng \u0111\u1ea3m b\u1ea3o \u0111\u1ee7 \u00e1nh s\u00e1ng cho vi\u1ec7c \u0111un n\u1ea5u.\u00a0M\u00e1y s\u1eed d\u1ee5ng 2 motor c\u00f4ng su\u1ea5t\u00a0<strong>100W<\/strong>\u00a0\u0111\u1ed9 \u1ed3n th\u1ea5p, \u0111\u1ed9 \u1ed3n t\u1ed1i \u0111a c\u1ee7a m\u00e1y khi ho\u1ea1t \u0111\u1ed9ng v\u1edbi c\u00f4ng su\u1ea5t cao nh\u1ea5t l\u00e0 \u1edf m\u1ee9c\u00a0<strong>55Db<\/strong>.\u00a0\u0110\u1ed9 \u1ed3n t\u1ed1i \u0111a c\u1ee7a m\u00e1y r\u1ea5t nh\u1ecf m\u00e1y \u00eam kh\u00f4ng \u1ea3nh h\u01b0\u1edfng \u0111\u1ebfn sinh ho\u1ea1t gia \u0111\u00ecnh b\u1ea1n. T\u1ed5ng \u0111i\u1ec7n n\u0103ng ti\u00eau thu \u0111i\u1ec7n c\u1ee7a m\u00e1y khi\u1ebfn b\u1ea1n ph\u1ea3i ng\u1ea1c nhi\u00ean v\u00ec 6 \u0111\u1ebfn 7 ti\u1ebfng \u0111\u1ed3ng h\u1ed3 ho\u1ea1t \u0111\u1ed9ng c\u1ee7a m\u00e1y m\u1edbi h\u1ebft c\u00f3 1 s\u1ed1 \u0111i\u1ec7n c\u1ee7a b\u1ea1n.<\/p>\n<p><img loading=\"lazy\" decoding=\"async\" class=\"alignnone size-full wp-image-592\" src=\"https:\/\/batani.vn\/wp-content\/uploads\/2022\/05\/may-hut-mui-batani-ba-608ss-708ss-1.jpg\" alt=\"\" width=\"958\" height=\"718\" srcset=\"https:\/\/batani.vn\/wp-content\/uploads\/2022\/05\/may-hut-mui-batani-ba-608ss-708ss-1.jpg 958w, https:\/\/batani.vn\/wp-content\/uploads\/2022\/05\/may-hut-mui-batani-ba-608ss-708ss-1-768x576.jpg 768w, https:\/\/batani.vn\/wp-content\/uploads\/2022\/05\/may-hut-mui-batani-ba-608ss-708ss-1-300x225.jpg 300w, https:\/\/batani.vn\/wp-content\/uploads\/2022\/05\/may-hut-mui-batani-ba-608ss-708ss-1-600x450.jpg 600w\" sizes=\"auto, (max-width: 958px) 100vw, 958px\" \/><\/p>\n<p>&nbsp;<\/p>\n<p><strong>H\u00ecnh \u1ea3nh l\u1eafp \u0111\u1eb7t th\u1ef1c t\u1ebf &#8211;\u00a0M\u00e1y h\u00fat m\u00f9i Batani BA-608SS<\/strong><\/p>\n<p>V\u1edbi m\u00e1y h\u00fat m\u00f9i\u00a0Batani BA-608SS\u00a0b\u1ea1n d\u1ec5 d\u00e0ng l\u1ef1a ch\u1ecdn ch\u1ebf \u0111\u1ed9 h\u00fat kh\u1eed ph\u00f9 h\u1ee3p v\u1edbi kh\u00f4ng gian b\u1ebfp. B\u1edfi\u00a0m\u00e1y\u00a0c\u00f3 2 ch\u1ebf \u0111\u1ed9 h\u00fat kh\u1eed m\u00f9i \u0111\u00f3 l\u00e0 ch\u1ebf \u0111\u1ed9 kh\u1eed b\u1eb1ng than ho\u1ea1t t\u00ednh t\u1ea1i ch\u1ed7 v\u00e0 ch\u1ebf \u0111\u1ed9 h\u00fat \u0111\u1ea9y ra ngo\u00e0i qua \u1ed1ng d\u1eabn v\u1edbi k\u00edch th\u01b0\u1edbc \u1ed1ng d\u1eabn d\u00e0i\u00a0<strong>120mm<\/strong>. L\u01b0\u1edbi l\u1ecdc m\u1ee1 h\u1ee3p kim nh\u00f4m Aluminium, d\u1ec5 th\u00e1o l\u1eafp v\u1ec7 sinh.<\/p>\n<h3>M\u1ed9t s\u1ed1 l\u01b0u \u00fd khi s\u1eed d\u1ee5ng<\/h3>\n<p>M\u1ed7i m\u00e1y h\u00fat m\u00f9i \u0111\u1ec1u \u0111\u01b0\u1ee3c thi\u1ebft l\u1eadp c\u00e1c m\u1ee9c \u0111\u1ed9 h\u00fat kh\u00e1c nhau, ch\u00ednh v\u00ec v\u1eady vi\u1ec7c \u0111i\u1ec1u ch\u1ec9nh c\u00f4ng su\u1ea5t sao cho ph\u00f9 h\u1ee3p r\u1ea5t quan tr\u1ecdng. T\u00f9y t\u1eebng m\u00f3n \u0103n (\u00edt m\u00f9i, \u0111\u1eadm m\u00f9i) m\u00e0 c\u00e1c b\u1ea1n \u0111i\u1ec1u ch\u1ec9nh c\u00f4ng su\u1ea5t c\u1ee7a m\u00e1y, tr\u00e1nh t\u00ecnh tr\u1ea1ng \u0111\u1ec3 m\u1ed9t m\u1ee9c c\u00f4ng su\u1ea5t cho t\u1ea5t c\u1ea3 qu\u00e1 tr\u00ecnh s\u1eed d\u1ee5ng m\u00e1y.<\/p>\n<p>M\u1ed7i khi n\u1ea5u \u0103n xong, b\u1ea1n n\u00ean \u0111\u1ec3 m\u00e1y h\u00fat m\u00f9i ho\u1ea1t \u0111\u1ed9ng th\u00eam t\u1eeb 5 \u0111\u1ebfn 10 ph\u00fat \u0111i\u1ec1u n\u00e0y s\u1ebd gi\u00fap m\u00e1y h\u00fat h\u1ebft m\u00f9i c\u1ee7a th\u1ef1c ph\u1ea9m v\u00e0 l\u00e0m cho kh\u00f4ng kh\u00ed gian b\u1ebfp tr\u1edf n\u00ean trong l\u00e0nh h\u01a1n.<\/p>\n<p>Kh\u00f4ng \u0111\u01b0\u1ee3c \u0111\u1ec3 b\u1ebfp gas ho\u1ea1t \u0111\u1ed9ng m\u00e0 kh\u00f4ng c\u00f3 v\u1eadt d\u1ee5ng b\u00ean tr\u00ean. M\u1ee1 t\u00edch t\u1ee5 trong b\u1ed9 l\u1ecdc kim lo\u1ea1i c\u1ee7a thi\u1ebft b\u1ecb m\u00e1y h\u00fat kh\u00f3i c\u00f3 th\u1ec3 ch\u1ea3y xu\u1ed1ng ho\u1eb7c b\u1eaft l\u1eeda khi nhi\u1ec7t \u0111\u1ed9 l\u00ean cao.<\/p>\n<p>\u0110\u1ed1i v\u1edbi nh\u1eefng chi\u1ebfc m\u00e1y h\u00fat m\u00f9i s\u1eed d\u1ee5ng than ho\u1ea1t t\u00ednh, b\u1ea1n n\u00ean thay than t\u1eeb 6 th\u00e1ng \u0111\u1ebfn 1 n\u0103m m\u1ed9t l\u1ea7n \u0111\u1ec3 \u0111\u1ea3m b\u1ea3o hi\u1ec7u qu\u1ea3 kh\u1eed m\u00f9i.<\/p>\n<p>Lu\u00f4n lau ch\u00f9i m\u00e1y b\u1eb1ng gi\u1ebb m\u1ec1m, c\u00f3 ch\u1ea5t t\u1ea9y r\u1eeda.<\/p>\n<p>Kh\u00f4ng s\u1eed d\u1ee5ng m\u00e1y khi ngu\u1ed3n \u0111i\u1ec7n ch\u1eadp ch\u1eddn.<\/p>\n<p>\u0110\u1ec3 tr\u00e1nh g\u00e2y h\u1ea1n \u0111\u1ebfn \u0111\u1ed9ng c\u01a1 b\u00ean trong m\u00e1y b\u1ea1n kh\u00f4ng n\u00ean \u0111\u1ec3 n\u01b0\u1edbc ho\u1eb7c v\u1eadt c\u1ee9 l\u1ecdc v\u00e0o trong m\u00e1y.<\/p>\n<p>\u0110\u1eb7c bi\u1ec7t \u0111\u1ec3 ti\u1ebft ki\u1ec7m \u0111i\u1ec7n v\u00e0 t\u0103ng tu\u1ed5i th\u1ecd cho m\u00e1y h\u01a1n h\u1ebft b\u1ea1n n\u00ean s\u1eed d\u1ee5ng \u0111\u00fang t\u1ed1c \u0111\u1ed9 c\u1ee7a m\u00e1y, kh\u00f4ng n\u00ean l\u1ea1m d\u1ee5ng t\u1ed1c \u0111\u1ed9 cao nh\u1ea5t t\u1ee9c \u0111\u1ed1i v\u1edbi nh\u1eefng m\u00f3n \u0103n kh\u00f4ng ch\u1ee9a d\u1ea7u m\u1ee1 nh\u01b0 c\u00e1c m\u00f3n lu\u1ed9c b\u1ea1n ch\u1ec9 c\u1ea7n \u0111\u1ec3 m\u00e1y \u1edf m\u1ee9c c\u00f4ng su\u1ea5t th\u1ea5p, v\u1edbi nh\u1eefng m\u00f3n ch\u1ee9a nhi\u1ec1u d\u1ea7u m\u1ee1 nh\u01b0: chi\u00ean, x\u00e0o, r\u00e1n ho\u1eb7c nh\u1eefng m\u00f3n n\u1eb7ng m\u00f9i nh\u01b0 gi\u1ea3 c\u00e0y th\u00ec b\u1ea1n m\u1edbi c\u1ea7n s\u1eed d\u1ee5ng m\u00e1y h\u00fat m\u00f9i \u1edf c\u1ea5p \u0111\u1ed9 cao.<\/p>\n<p>T\u1ea7m 2 th\u00e1ng b\u1ea1n n\u00ean v\u1ec7 sinh l\u01b0\u1edbi l\u1ecdc 1 l\u1ea7n. N\u00ean b\u1ea3o d\u01b0\u1ee1ng m\u00e1y 12 th\u00e1ng 1 l\u1ea7n c\u0169ng l\u00e0 c\u00e1ch \u0111\u1ec3 m\u00e1y ho\u1ea1t \u0111\u1ed9ng t\u1ed1t h\u01a1n.<\/p>\n<h2>TH\u00d4NG S\u1ed0 K\u1ef8 THU\u1eacT<\/h2>\n<ul>\n<li>K\u00edch th\u01b0\u1edbc: 600 mm<\/li>\n<li>S\u1ed1 Motor: 02 (d\u1ea1ng momen xo\u1eafn)<\/li>\n<li>C\u00f4ng su\u1ea5t: 100W x 2<\/li>\n<li>02 m\u1ee9c c\u00f4ng su\u1ea5t<\/li>\n<li>C\u00f4ng su\u1ea5t h\u00fat: 600m3\/h<\/li>\n<li>\u1ed0ng h\u00fat phi: 120mm<\/li>\n<li>\u0110\u00e8n chi\u1ebfu s\u00e1ng: 40W<\/li>\n<li>M\u1eb7t Inox<\/li>\n<li>\u0110\u1ed9 \u1ed3n t\u1ed1i \u0111a: &lt; 55Db<\/li>\n<\/ul>\n<h2>K\u00cdCH TH\u01af\u1edaC L\u1eaeP \u0110\u1eb6T S\u1ea2N PH\u1ea8M<\/h2>\n<p>&nbsp;<\/p>\n<p><img loading=\"lazy\" decoding=\"async\" class=\"alignnone size-full wp-image-593\" src=\"https:\/\/batani.vn\/wp-content\/uploads\/2022\/05\/kich-thuoc-lap-dat-may-hut-mui-batani-ba-608ss.jpg\" alt=\"\" width=\"880\" height=\"486\" srcset=\"https:\/\/batani.vn\/wp-content\/uploads\/2022\/05\/kich-thuoc-lap-dat-may-hut-mui-batani-ba-608ss.jpg 880w, https:\/\/batani.vn\/wp-content\/uploads\/2022\/05\/kich-thuoc-lap-dat-may-hut-mui-batani-ba-608ss-768x424.jpg 768w, https:\/\/batani.vn\/wp-content\/uploads\/2022\/05\/kich-thuoc-lap-dat-may-hut-mui-batani-ba-608ss-300x166.jpg 300w, https:\/\/batani.vn\/wp-content\/uploads\/2022\/05\/kich-thuoc-lap-dat-may-hut-mui-batani-ba-608ss-600x331.jpg 600w\" sizes=\"auto, (max-width: 880px) 100vw, 880px\" \/><\/p>\n","protected":false},"excerpt":{"rendered":"<p>G\u1ecdi ngay: <span style=\"color: #ff0000;\">0339.80.1080 &#8211; 0325.80.1080<\/span> \u0111\u1ec3 mua h\u00e0ng ho\u1eb7c l\u00e0m \u0111\u1ea1i l\u00fd c\u1ee7a h\u00e3ng<\/p>\n","protected":false},"featured_media":394,"comment_status":"open","ping_status":"closed","template":"","meta":[],"product_cat":[22],"product_tag":[],"class_list":{"0":"post-275","1":"product","2":"type-product","3":"status-publish","4":"has-post-thumbnail","6":"product_cat-may-hut-mui","8":"first","9":"instock","10":"shipping-taxable","11":"purchasable","12":"product-type-simple"},"yoast_head":"<!-- This site is optimized with the Yoast SEO plugin v18.8 - https:\/\/yoast.com\/wordpress\/plugins\/seo\/ -->\n<title>M\u00e1y h\u00fat m\u00f9i Batani BA-608SS - Batani<\/title>\n<meta name=\"robots\" content=\"index, follow, max-snippet:-1, max-image-preview:large, max-video-preview:-1\" \/>\n<link rel=\"canonical\" href=\"https:\/\/batani.vn\/?product=may-hut-mui-batani-ba-608ss\" \/>\n<meta property=\"og:locale\" content=\"vi_VN\" \/>\n<meta property=\"og:type\" content=\"article\" \/>\n<meta property=\"og:title\" content=\"M\u00e1y h\u00fat m\u00f9i Batani BA-608SS - Batani\" \/>\n<meta property=\"og:description\" content=\"G\u1ecdi ngay: 0339.80.1080 - 0325.80.1080 \u0111\u1ec3 mua h\u00e0ng ho\u1eb7c l\u00e0m \u0111\u1ea1i l\u00fd c\u1ee7a h\u00e3ng\" \/>\n<meta property=\"og:url\" content=\"https:\/\/batani.vn\/?product=may-hut-mui-batani-ba-608ss\" \/>\n<meta property=\"og:site_name\" content=\"Batani\" \/>\n<meta property=\"article:modified_time\" content=\"2023-02-19T14:53:31+00:00\" \/>\n<meta property=\"og:image\" content=\"https:\/\/batani.vn\/wp-content\/uploads\/2022\/05\/BA-608SS.jpg\" \/>\n\t<meta property=\"og:image:width\" content=\"1200\" \/>\n\t<meta property=\"og:image:height\" content=\"1200\" \/>\n\t<meta property=\"og:image:type\" content=\"image\/jpeg\" \/>\n<meta name=\"twitter:card\" content=\"summary_large_image\" \/>\n<meta name=\"twitter:label1\" content=\"\u01af\u1edbc t\u00ednh th\u1eddi gian \u0111\u1ecdc\" \/>\n\t<meta name=\"twitter:data1\" content=\"5 ph\u00fat\" \/>\n<script type=\"application\/ld+json\" class=\"yoast-schema-graph\">{\"@context\":\"https:\/\/schema.org\",\"@graph\":[{\"@type\":\"WebSite\",\"@id\":\"https:\/\/batani.vn\/#website\",\"url\":\"https:\/\/batani.vn\/\",\"name\":\"Batani\",\"description\":\"Thi\u1ebft b\u1ecb nh\u00e0 b\u1ebfp cao c\u1ea5p Batani\",\"potentialAction\":[{\"@type\":\"SearchAction\",\"target\":{\"@type\":\"EntryPoint\",\"urlTemplate\":\"https:\/\/batani.vn\/?s={search_term_string}\"},\"query-input\":\"required name=search_term_string\"}],\"inLanguage\":\"vi\"},{\"@type\":\"ImageObject\",\"inLanguage\":\"vi\",\"@id\":\"https:\/\/batani.vn\/?product=may-hut-mui-batani-ba-608ss#primaryimage\",\"url\":\"https:\/\/batani.vn\/wp-content\/uploads\/2022\/05\/BA-608SS.jpg\",\"contentUrl\":\"https:\/\/batani.vn\/wp-content\/uploads\/2022\/05\/BA-608SS.jpg\",\"width\":1200,\"height\":1200},{\"@type\":\"WebPage\",\"@id\":\"https:\/\/batani.vn\/?product=may-hut-mui-batani-ba-608ss#webpage\",\"url\":\"https:\/\/batani.vn\/?product=may-hut-mui-batani-ba-608ss\",\"name\":\"M\u00e1y h\u00fat m\u00f9i Batani BA-608SS - Batani\",\"isPartOf\":{\"@id\":\"https:\/\/batani.vn\/#website\"},\"primaryImageOfPage\":{\"@id\":\"https:\/\/batani.vn\/?product=may-hut-mui-batani-ba-608ss#primaryimage\"},\"datePublished\":\"2022-05-16T06:52:07+00:00\",\"dateModified\":\"2023-02-19T14:53:31+00:00\",\"breadcrumb\":{\"@id\":\"https:\/\/batani.vn\/?product=may-hut-mui-batani-ba-608ss#breadcrumb\"},\"inLanguage\":\"vi\",\"potentialAction\":[{\"@type\":\"ReadAction\",\"target\":[\"https:\/\/batani.vn\/?product=may-hut-mui-batani-ba-608ss\"]}]},{\"@type\":\"BreadcrumbList\",\"@id\":\"https:\/\/batani.vn\/?product=may-hut-mui-batani-ba-608ss#breadcrumb\",\"itemListElement\":[{\"@type\":\"ListItem\",\"position\":1,\"name\":\"Trang ch\u1ee7\",\"item\":\"https:\/\/batani.vn\/\"},{\"@type\":\"ListItem\",\"position\":2,\"name\":\"C\u1eeda h\u00e0ng\",\"item\":\"https:\/\/batani.vn\/?page_id=6\"},{\"@type\":\"ListItem\",\"position\":3,\"name\":\"M\u00e1y h\u00fat m\u00f9i Batani BA-608SS\"}]}]}<\/script>\n<!-- \/ Yoast SEO plugin. -->","yoast_head_json":{"title":"M\u00e1y h\u00fat m\u00f9i Batani BA-608SS - Batani","robots":{"index":"index","follow":"follow","max-snippet":"max-snippet:-1","max-image-preview":"max-image-preview:large","max-video-preview":"max-video-preview:-1"},"canonical":"https:\/\/batani.vn\/?product=may-hut-mui-batani-ba-608ss","og_locale":"vi_VN","og_type":"article","og_title":"M\u00e1y h\u00fat m\u00f9i Batani BA-608SS - Batani","og_description":"G\u1ecdi ngay: 0339.80.1080 - 0325.80.1080 \u0111\u1ec3 mua h\u00e0ng ho\u1eb7c l\u00e0m \u0111\u1ea1i l\u00fd c\u1ee7a h\u00e3ng","og_url":"https:\/\/batani.vn\/?product=may-hut-mui-batani-ba-608ss","og_site_name":"Batani","article_modified_time":"2023-02-19T14:53:31+00:00","og_image":[{"width":1200,"height":1200,"url":"https:\/\/batani.vn\/wp-content\/uploads\/2022\/05\/BA-608SS.jpg","type":"image\/jpeg"}],"twitter_card":"summary_large_image","twitter_misc":{"\u01af\u1edbc t\u00ednh th\u1eddi gian \u0111\u1ecdc":"5 ph\u00fat"},"schema":{"@context":"https:\/\/schema.org","@graph":[{"@type":"WebSite","@id":"https:\/\/batani.vn\/#website","url":"https:\/\/batani.vn\/","name":"Batani","description":"Thi\u1ebft b\u1ecb nh\u00e0 b\u1ebfp cao c\u1ea5p Batani","potentialAction":[{"@type":"SearchAction","target":{"@type":"EntryPoint","urlTemplate":"https:\/\/batani.vn\/?s={search_term_string}"},"query-input":"required name=search_term_string"}],"inLanguage":"vi"},{"@type":"ImageObject","inLanguage":"vi","@id":"https:\/\/batani.vn\/?product=may-hut-mui-batani-ba-608ss#primaryimage","url":"https:\/\/batani.vn\/wp-content\/uploads\/2022\/05\/BA-608SS.jpg","contentUrl":"https:\/\/batani.vn\/wp-content\/uploads\/2022\/05\/BA-608SS.jpg","width":1200,"height":1200},{"@type":"WebPage","@id":"https:\/\/batani.vn\/?product=may-hut-mui-batani-ba-608ss#webpage","url":"https:\/\/batani.vn\/?product=may-hut-mui-batani-ba-608ss","name":"M\u00e1y h\u00fat m\u00f9i Batani BA-608SS - Batani","isPartOf":{"@id":"https:\/\/batani.vn\/#website"},"primaryImageOfPage":{"@id":"https:\/\/batani.vn\/?product=may-hut-mui-batani-ba-608ss#primaryimage"},"datePublished":"2022-05-16T06:52:07+00:00","dateModified":"2023-02-19T14:53:31+00:00","breadcrumb":{"@id":"https:\/\/batani.vn\/?product=may-hut-mui-batani-ba-608ss#breadcrumb"},"inLanguage":"vi","potentialAction":[{"@type":"ReadAction","target":["https:\/\/batani.vn\/?product=may-hut-mui-batani-ba-608ss"]}]},{"@type":"BreadcrumbList","@id":"https:\/\/batani.vn\/?product=may-hut-mui-batani-ba-608ss#breadcrumb","itemListElement":[{"@type":"ListItem","position":1,"name":"Trang ch\u1ee7","item":"https:\/\/batani.vn\/"},{"@type":"ListItem","position":2,"name":"C\u1eeda h\u00e0ng","item":"https:\/\/batani.vn\/?page_id=6"},{"@type":"ListItem","position":3,"name":"M\u00e1y h\u00fat m\u00f9i Batani BA-608SS"}]}]}},"_links":{"self":[{"href":"https:\/\/batani.vn\/index.php?rest_route=\/wp\/v2\/product\/275","targetHints":{"allow":["GET"]}}],"collection":[{"href":"https:\/\/batani.vn\/index.php?rest_route=\/wp\/v2\/product"}],"about":[{"href":"https:\/\/batani.vn\/index.php?rest_route=\/wp\/v2\/types\/product"}],"replies":[{"embeddable":true,"href":"https:\/\/batani.vn\/index.php?rest_route=%2Fwp%2Fv2%2Fcomments&post=275"}],"wp:featuredmedia":[{"embeddable":true,"href":"https:\/\/batani.vn\/index.php?rest_route=\/wp\/v2\/media\/394"}],"wp:attachment":[{"href":"https:\/\/batani.vn\/index.php?rest_route=%2Fwp%2Fv2%2Fmedia&parent=275"}],"wp:term":[{"taxonomy":"product_cat","embeddable":true,"href":"https:\/\/batani.vn\/index.php?rest_route=%2Fwp%2Fv2%2Fproduct_cat&post=275"},{"taxonomy":"product_tag","embeddable":true,"href":"https:\/\/batani.vn\/index.php?rest_route=%2Fwp%2Fv2%2Fproduct_tag&post=275"}],"curies":[{"name":"wp","href":"https:\/\/api.w.org\/{rel}","templated":true}]}}