{"id":273,"date":"2022-05-16T06:51:19","date_gmt":"2022-05-16T06:51:19","guid":{"rendered":"https:\/\/batani.vn\/?post_type=product&#038;p=273"},"modified":"2022-06-12T14:29:52","modified_gmt":"2022-06-12T14:29:52","slug":"may-hut-mui-batani-ba-206bl","status":"publish","type":"product","link":"https:\/\/batani.vn\/?product=may-hut-mui-batani-ba-206bl","title":{"rendered":"M\u00e1y h\u00fat m\u00f9i Batani BA-206BL"},"content":{"rendered":"<h2>TH\u00d4NG S\u1ed0 K\u1ef8 THU\u1eacT<\/h2>\n<ul>\n<li>K\u00edch th\u01b0\u1edbc: R600 x S500 x C140 mm<\/li>\n<li>S\u1ed1 Motor: 02 (d\u1ea1ng momen xo\u1eafn)<\/li>\n<li>C\u00f4ng su\u1ea5t: 100W x 2<\/li>\n<li>03 t\u1ed1c \u0111\u1ed9<\/li>\n<li>C\u00f4ng su\u1ea5t h\u00fat: 600m3\/h<\/li>\n<li>\u1ed0ng h\u00fat phi 120mm<\/li>\n<li>\u0110\u00e8n chi\u1ebfu s\u00e1ng: 40W<\/li>\n<li>V\u1ecf s\u01a1n \u0111en sang tr\u1ecdng 2 m\u00e0ng l\u1ecdc Carbon (T\u1ef1 \u0111\u1ed9ng kh\u1eed m\u00f9i)<\/li>\n<li>\u0110\u1ed9 \u1ed3n t\u1ed1i \u0111a: &lt;55Db<\/li>\n<\/ul>\n<h2>K\u00cdCH TH\u01af\u1edaC L\u1eaeP \u0110\u1eb6T S\u1ea2N PH\u1ea8M<\/h2>\n<p><img decoding=\"async\" src=\"https:\/\/hsn.vn\/images\/stories\/virtuemart\/product\/kich-thuoc-may-hut-mui-batani-ba-206bl.jpg\" alt=\"may-hut-mui-batani-ba-207bl.jpg_product_product_product\" \/><\/p>\n","protected":false},"excerpt":{"rendered":"<p>G\u1ecdi ngay: <span style=\"color: #ff0000;\">0339.80.1080 &#8211; 0325.80.1080<\/span> \u0111\u1ec3 mua h\u00e0ng ho\u1eb7c l\u00e0m \u0111\u1ea1i l\u00fd c\u1ee7a h\u00e3ng<\/p>\n","protected":false},"featured_media":398,"comment_status":"open","ping_status":"closed","template":"","meta":[],"product_cat":[22],"product_tag":[],"class_list":{"0":"post-273","1":"product","2":"type-product","3":"status-publish","4":"has-post-thumbnail","6":"product_cat-may-hut-mui","8":"first","9":"instock","10":"shipping-taxable","11":"purchasable","12":"product-type-simple"},"yoast_head":"<!-- This site is optimized with the Yoast SEO plugin v18.8 - https:\/\/yoast.com\/wordpress\/plugins\/seo\/ -->\n<title>M\u00e1y h\u00fat m\u00f9i Batani BA-206BL - Batani<\/title>\n<meta name=\"robots\" content=\"index, follow, max-snippet:-1, max-image-preview:large, max-video-preview:-1\" \/>\n<link rel=\"canonical\" href=\"https:\/\/batani.vn\/?product=may-hut-mui-batani-ba-206bl\" \/>\n<meta property=\"og:locale\" content=\"vi_VN\" \/>\n<meta property=\"og:type\" content=\"article\" \/>\n<meta property=\"og:title\" content=\"M\u00e1y h\u00fat m\u00f9i Batani BA-206BL - Batani\" \/>\n<meta property=\"og:description\" content=\"G\u1ecdi ngay: 0339.80.1080 - 0325.80.1080 \u0111\u1ec3 mua h\u00e0ng ho\u1eb7c l\u00e0m \u0111\u1ea1i l\u00fd c\u1ee7a h\u00e3ng\" \/>\n<meta property=\"og:url\" content=\"https:\/\/batani.vn\/?product=may-hut-mui-batani-ba-206bl\" \/>\n<meta property=\"og:site_name\" content=\"Batani\" \/>\n<meta property=\"article:modified_time\" content=\"2022-06-12T14:29:52+00:00\" \/>\n<meta property=\"og:image\" content=\"https:\/\/batani.vn\/wp-content\/uploads\/2022\/05\/may-hut-mui-batani-206bl.jpg\" \/>\n\t<meta property=\"og:image:width\" content=\"599\" \/>\n\t<meta property=\"og:image:height\" content=\"423\" \/>\n\t<meta property=\"og:image:type\" content=\"image\/jpeg\" \/>\n<meta name=\"twitter:card\" content=\"summary_large_image\" \/>\n<meta name=\"twitter:label1\" content=\"\u01af\u1edbc t\u00ednh th\u1eddi gian \u0111\u1ecdc\" \/>\n\t<meta name=\"twitter:data1\" content=\"1 ph\u00fat\" \/>\n<script type=\"application\/ld+json\" class=\"yoast-schema-graph\">{\"@context\":\"https:\/\/schema.org\",\"@graph\":[{\"@type\":\"WebSite\",\"@id\":\"https:\/\/batani.vn\/#website\",\"url\":\"https:\/\/batani.vn\/\",\"name\":\"Batani\",\"description\":\"Thi\u1ebft b\u1ecb nh\u00e0 b\u1ebfp cao c\u1ea5p Batani\",\"potentialAction\":[{\"@type\":\"SearchAction\",\"target\":{\"@type\":\"EntryPoint\",\"urlTemplate\":\"https:\/\/batani.vn\/?s={search_term_string}\"},\"query-input\":\"required name=search_term_string\"}],\"inLanguage\":\"vi\"},{\"@type\":\"ImageObject\",\"inLanguage\":\"vi\",\"@id\":\"https:\/\/batani.vn\/?product=may-hut-mui-batani-ba-206bl#primaryimage\",\"url\":\"https:\/\/batani.vn\/wp-content\/uploads\/2022\/05\/may-hut-mui-batani-206bl.jpg\",\"contentUrl\":\"https:\/\/batani.vn\/wp-content\/uploads\/2022\/05\/may-hut-mui-batani-206bl.jpg\",\"width\":599,\"height\":423},{\"@type\":\"WebPage\",\"@id\":\"https:\/\/batani.vn\/?product=may-hut-mui-batani-ba-206bl#webpage\",\"url\":\"https:\/\/batani.vn\/?product=may-hut-mui-batani-ba-206bl\",\"name\":\"M\u00e1y h\u00fat m\u00f9i Batani BA-206BL - Batani\",\"isPartOf\":{\"@id\":\"https:\/\/batani.vn\/#website\"},\"primaryImageOfPage\":{\"@id\":\"https:\/\/batani.vn\/?product=may-hut-mui-batani-ba-206bl#primaryimage\"},\"datePublished\":\"2022-05-16T06:51:19+00:00\",\"dateModified\":\"2022-06-12T14:29:52+00:00\",\"breadcrumb\":{\"@id\":\"https:\/\/batani.vn\/?product=may-hut-mui-batani-ba-206bl#breadcrumb\"},\"inLanguage\":\"vi\",\"potentialAction\":[{\"@type\":\"ReadAction\",\"target\":[\"https:\/\/batani.vn\/?product=may-hut-mui-batani-ba-206bl\"]}]},{\"@type\":\"BreadcrumbList\",\"@id\":\"https:\/\/batani.vn\/?product=may-hut-mui-batani-ba-206bl#breadcrumb\",\"itemListElement\":[{\"@type\":\"ListItem\",\"position\":1,\"name\":\"Trang ch\u1ee7\",\"item\":\"https:\/\/batani.vn\/\"},{\"@type\":\"ListItem\",\"position\":2,\"name\":\"C\u1eeda h\u00e0ng\",\"item\":\"https:\/\/batani.vn\/?page_id=6\"},{\"@type\":\"ListItem\",\"position\":3,\"name\":\"M\u00e1y h\u00fat m\u00f9i Batani BA-206BL\"}]}]}<\/script>\n<!-- \/ Yoast SEO plugin. -->","yoast_head_json":{"title":"M\u00e1y h\u00fat m\u00f9i Batani BA-206BL - Batani","robots":{"index":"index","follow":"follow","max-snippet":"max-snippet:-1","max-image-preview":"max-image-preview:large","max-video-preview":"max-video-preview:-1"},"canonical":"https:\/\/batani.vn\/?product=may-hut-mui-batani-ba-206bl","og_locale":"vi_VN","og_type":"article","og_title":"M\u00e1y h\u00fat m\u00f9i Batani BA-206BL - Batani","og_description":"G\u1ecdi ngay: 0339.80.1080 - 0325.80.1080 \u0111\u1ec3 mua h\u00e0ng ho\u1eb7c l\u00e0m \u0111\u1ea1i l\u00fd c\u1ee7a h\u00e3ng","og_url":"https:\/\/batani.vn\/?product=may-hut-mui-batani-ba-206bl","og_site_name":"Batani","article_modified_time":"2022-06-12T14:29:52+00:00","og_image":[{"width":599,"height":423,"url":"https:\/\/batani.vn\/wp-content\/uploads\/2022\/05\/may-hut-mui-batani-206bl.jpg","type":"image\/jpeg"}],"twitter_card":"summary_large_image","twitter_misc":{"\u01af\u1edbc t\u00ednh th\u1eddi gian \u0111\u1ecdc":"1 ph\u00fat"},"schema":{"@context":"https:\/\/schema.org","@graph":[{"@type":"WebSite","@id":"https:\/\/batani.vn\/#website","url":"https:\/\/batani.vn\/","name":"Batani","description":"Thi\u1ebft b\u1ecb nh\u00e0 b\u1ebfp cao c\u1ea5p Batani","potentialAction":[{"@type":"SearchAction","target":{"@type":"EntryPoint","urlTemplate":"https:\/\/batani.vn\/?s={search_term_string}"},"query-input":"required name=search_term_string"}],"inLanguage":"vi"},{"@type":"ImageObject","inLanguage":"vi","@id":"https:\/\/batani.vn\/?product=may-hut-mui-batani-ba-206bl#primaryimage","url":"https:\/\/batani.vn\/wp-content\/uploads\/2022\/05\/may-hut-mui-batani-206bl.jpg","contentUrl":"https:\/\/batani.vn\/wp-content\/uploads\/2022\/05\/may-hut-mui-batani-206bl.jpg","width":599,"height":423},{"@type":"WebPage","@id":"https:\/\/batani.vn\/?product=may-hut-mui-batani-ba-206bl#webpage","url":"https:\/\/batani.vn\/?product=may-hut-mui-batani-ba-206bl","name":"M\u00e1y h\u00fat m\u00f9i Batani BA-206BL - Batani","isPartOf":{"@id":"https:\/\/batani.vn\/#website"},"primaryImageOfPage":{"@id":"https:\/\/batani.vn\/?product=may-hut-mui-batani-ba-206bl#primaryimage"},"datePublished":"2022-05-16T06:51:19+00:00","dateModified":"2022-06-12T14:29:52+00:00","breadcrumb":{"@id":"https:\/\/batani.vn\/?product=may-hut-mui-batani-ba-206bl#breadcrumb"},"inLanguage":"vi","potentialAction":[{"@type":"ReadAction","target":["https:\/\/batani.vn\/?product=may-hut-mui-batani-ba-206bl"]}]},{"@type":"BreadcrumbList","@id":"https:\/\/batani.vn\/?product=may-hut-mui-batani-ba-206bl#breadcrumb","itemListElement":[{"@type":"ListItem","position":1,"name":"Trang ch\u1ee7","item":"https:\/\/batani.vn\/"},{"@type":"ListItem","position":2,"name":"C\u1eeda h\u00e0ng","item":"https:\/\/batani.vn\/?page_id=6"},{"@type":"ListItem","position":3,"name":"M\u00e1y h\u00fat m\u00f9i Batani BA-206BL"}]}]}},"_links":{"self":[{"href":"https:\/\/batani.vn\/index.php?rest_route=\/wp\/v2\/product\/273","targetHints":{"allow":["GET"]}}],"collection":[{"href":"https:\/\/batani.vn\/index.php?rest_route=\/wp\/v2\/product"}],"about":[{"href":"https:\/\/batani.vn\/index.php?rest_route=\/wp\/v2\/types\/product"}],"replies":[{"embeddable":true,"href":"https:\/\/batani.vn\/index.php?rest_route=%2Fwp%2Fv2%2Fcomments&post=273"}],"wp:featuredmedia":[{"embeddable":true,"href":"https:\/\/batani.vn\/index.php?rest_route=\/wp\/v2\/media\/398"}],"wp:attachment":[{"href":"https:\/\/batani.vn\/index.php?rest_route=%2Fwp%2Fv2%2Fmedia&parent=273"}],"wp:term":[{"taxonomy":"product_cat","embeddable":true,"href":"https:\/\/batani.vn\/index.php?rest_route=%2Fwp%2Fv2%2Fproduct_cat&post=273"},{"taxonomy":"product_tag","embeddable":true,"href":"https:\/\/batani.vn\/index.php?rest_route=%2Fwp%2Fv2%2Fproduct_tag&post=273"}],"curies":[{"name":"wp","href":"https:\/\/api.w.org\/{rel}","templated":true}]}}