{"id":268,"date":"2022-05-16T06:46:39","date_gmt":"2022-05-16T06:46:39","guid":{"rendered":"https:\/\/batani.vn\/?post_type=product&#038;p=268"},"modified":"2022-06-12T14:40:16","modified_gmt":"2022-06-12T14:40:16","slug":"may-hut-mui-batani-ml-20b","status":"publish","type":"product","link":"https:\/\/batani.vn\/?product=may-hut-mui-batani-ml-20b","title":{"rendered":"M\u00e1y h\u00fat m\u00f9i Batani ML-20B"},"content":{"rendered":"<h2>M\u00c1Y H\u00daT M\u00d9I BATANI ML-20B | 70CM | NH\u1eacP KH\u1ea8U NGUY\u00caN CHI\u1ebeC T\u1eea MALAYSIA | THI\u1ebeT K\u1ebe SANG TR\u1eccNG | H\u1ec6 \u0110I\u1ec0U KHI\u1ec2N PH\u00cdM B\u1ea4M \u0110I\u1ec6N T\u1eec | AN TO\u00c0N, B\u1ec0N B\u1ec8 V\u00c0 TI\u1ebeT KI\u1ec6M \u0110I\u1ec6N N\u0102NG | C\u00d9NG BATANI.VN T\u00ccM HI\u1ec2U K\u1ef8 H\u01a0N V\u1ec0 S\u1ea2N PH\u1ea8M N\u00c0Y NH\u00c9<\/h2>\n<h3>Thi\u1ebft k\u1ebf sang tr\u1ecdng<\/h3>\n<p>Th\u00e2n m\u00e1y mang thi\u1ebft k\u1ebf k\u00ednh cong\u00a0v\u1edbi ch\u1ea5t li\u1ec7u inox v\u00e0 k\u00ednh c\u01b0\u1eddng l\u1ef1c m\u00e1y c\u00f3 t\u00ednh ch\u1ecbu nhi\u1ec7t, ch\u1ecbu l\u1ef1c r\u1ea5t cao. Kh\u00e1ch h\u00e0ng c\u00f3 th\u1ec3 ho\u00e0n to\u00e0n y\u00ean t\u00e2m v\u1ec1 \u0111\u1ed9 an to\u00e0n c\u1ee7a m\u00e1y.\u00a0M\u00e1y c\u00f3 m\u00e0u b\u1ea1c nh\u00ecn r\u1ea5t s\u00e1ng v\u00e0 sang tr\u1ecdng, \u0111\u1eb9p m\u1eaft.<\/p>\n<p>V\u1edbi k\u00edch th\u01b0\u1edbc\u00a0<strong>70cm<\/strong>\u00a0m\u00e1y c\u00f3 th\u1ec3 k\u1ebft h\u1ee3p v\u1edbi r\u1ea5t nhi\u1ec1u ki\u1ec3u b\u1ebfp v\u00ec h\u1ea7u h\u1ebft c\u00e1c b\u1ebfp \u0111\u1ec1u c\u00f3 k\u00edch th\u01b0\u1edbc t\u01b0\u01a1ng x\u1ee9ng. M\u00e1y ph\u00f9 h\u1ee3p v\u1edbi nh\u1eefng kh\u00f4ng gian r\u1ed9ng r\u00e3i s\u1ebd t\u0103ng th\u00eam v\u1ebb sang tr\u1ecdng cho gian b\u1ebfp c\u1ee7a b\u1ea1n. Ch\u1ea5t li\u1ec7u c\u1ee7a m\u00e1y \u0111\u01b0\u1ee3c l\u00e0m b\u1eb1ng ch\u1ea5t li\u1ec7u inox v\u00e0 k\u00ednh c\u01b0\u1eddng l\u1ef1c t\u0103ng \u0111\u1ed9 b\u1ec1n cho m\u00e1y v\u00e0 \u0111\u1ed9 an to\u00e0n cho ng\u01b0\u1eddi s\u1eed d\u1ee5ng.<\/p>\n<p>\u0110\u00e2y l\u00e0 d\u00f2ng s\u1ea3n ph\u1ea9m treo t\u01b0\u1eddng c\u1ee7a\u00a0<strong>Batani<\/strong>, v\u1edbi c\u00e1c ch\u1ee9c n\u0103ng \u0111\u1eb7c bi\u1ec7t, \u0111\u01b0\u1ee3c l\u1eafp r\u00e1p b\u1edfi v\u1eadt li\u1ec7u h\u1ea1ng nh\u1ea5t gi\u00fap l\u00e0m s\u1ea1ch kh\u00f4ng kh\u00ed, gi\u1eef c\u0103n b\u1ebfp tr\u1edf l\u00ean tho\u00e1ng m\u00e1t\u00a0v\u00e0 \u0111\u1ea3m b\u1ea3o y\u1ebfu t\u1ed1 th\u1ea9m m\u1ef9\u00a0c\u0169ng nh\u01b0 t\u00ednh b\u1ec1n b\u1ec9 theo th\u1eddi gian. M\u00e1y ph\u00f9 h\u1ee3p v\u1edbi nh\u1eefng kh\u00f4ng gian b\u1ebfp hi\u1ec7n \u0111\u1ea1i, t\u0103ng th\u00eam v\u1ebb sang tr\u1ecdng cho gian b\u1ebfp c\u1ee7a b\u1ea1n. Ch\u1ea5t li\u1ec7u c\u1ee7a m\u00e1y \u0111\u01b0\u1ee3c l\u00e0m b\u1eb1ng ch\u1ea5t li\u1ec7u inox v\u00e0 k\u00ednh c\u01b0\u1eddng l\u1ef1c t\u0103ng \u0111\u1ed9 b\u1ec1n cho m\u00e1y v\u00e0 \u0111\u1ed9 an to\u00e0n cho ng\u01b0\u1eddi s\u1eed d\u1ee5ng.<\/p>\n<p>M\u00e1y h\u00fat m\u00f9i Batani ML-20B\u00a0s\u1eed d\u1ee5ng\u00a0b\u1ea3ng \u0111i\u1ec1u khi\u1ec3n ph\u00edm c\u01a1 g\u1ed3m 3 t\u1ed1c \u0111\u1ed9 h\u00fat ph\u00f9 h\u1ee3p v\u1edbi l\u01b0\u1ee3ng m\u00f9i v\u00e0 kh\u00f3i khi n\u1ea5u \u0103n \u0111\u1ec3 \u0111\u1ea3m b\u1ea3o s\u1ea1ch m\u00f9i cho kh\u00f4ng gian b\u1ebfp nh\u00e0 b\u1ea1n. H\u1ec7 th\u1ed1ng \u0111\u00e8n chi\u1ebfu s\u00e1ng c\u1ee7a m\u00e1y\u00a0g\u1ed3m 2 \u0111\u00e8n led c\u00f3 t\u00e1c d\u1ee5ng chi\u1ebfu s\u00e1ng v\u00e0 l\u00e0m cho c\u00f4ng vi\u1ec7c n\u1ea5u \u0103n th\u00eam thu\u1eadn l\u1ee3i. L\u01b0\u1edbi l\u1ecdc m\u1ee1 b\u1eb1ng h\u1ee3p kim g\u1ed3m nhi\u1ec1u l\u1edbp \u0111\u1ec3 ng\u0103n ch\u1eb7n tri\u1ec7t \u0111\u1ec3 m\u00f9i, b\u1ee5i l\u1ecdt v\u00e0o b\u00ean trong m\u00e1y g\u00e2y h\u1ecfng \u0111\u1ed9ng c\u01a1. T\u1ea5m l\u01b0\u1edbi n\u00e0y c\u00f3 th\u1ec3 th\u00e1o r\u1eddi \u0111\u1ec3 v\u1ec7 sinh m\u1ed9t c\u00e1ch d\u1ec5 d\u00e0ng.<\/p>\n<p><img decoding=\"async\" src=\"https:\/\/hsn.vn\/images\/stories\/virtuemart\/product\/may-hut-mui-batani-ml-20b.jpg\" alt=\"kich-thuoc-may-hut-mui-batani-ml-20b.jpg_product\" \/><\/p>\n<p><strong>To\u00e0n c\u1ea3nh &#8211;\u00a0M\u00e1y h\u00fat m\u00f9i Batani ML-20B &#8211; Nh\u1eadp kh\u1ea9u nguy\u00ean chi\u1ebfc t\u1eeb Malaysia<\/strong><\/p>\n<h3>C\u00f4ng su\u1ea5t h\u00fat kh\u1ecfe, \u0111\u1ed9ng c\u01a1 turbin \u0111\u00f4i<\/h3>\n<p>M\u00e1y h\u00fat m\u00f9i\u00a0Batani ML-20B\u00a0\u0111\u01b0\u1ee3c trang b\u1ecb \u0111\u1ed9ng c\u01a1 tua bin \u0111\u00f4i nh\u1eb1m t\u1ea1o ra m\u1ed9t c\u00f4ng su\u1ea5t h\u00fat l\u1edbn nh\u1ea5t. C\u00f4ng su\u1ea5t \u0111\u1ed9ng c\u01a1\u00a0<strong>190W<\/strong>, c\u00f4ng su\u1ea5t h\u00fat c\u1ef1c m\u1ea1nh\u00a0<strong>750m3\/h<\/strong>\u00a0gi\u00fap h\u00fat h\u1ebft c\u00e1c m\u00f9i th\u1ee9c \u0103n l\u00e0m s\u1ea1ch kh\u00f4ng kh\u00ed mang l\u1ea1i cho c\u0103n b\u1ebfp lu\u00f4n th\u00f4ng tho\u00e1ng.<\/p>\n<p>M\u00e1y h\u00fat m\u00f9i ho\u1ea1t \u0111\u1ed9ng d\u1ef1a tr\u00ean nguy\u00ean t\u1eafc c\u1ee7a qu\u1ea1t th\u00f4ng gi\u00f3 k\u1ebft h\u1ee3p v\u1edbi c\u00e1c m\u00e0ng l\u1ecdc. M\u00e1y th\u01b0\u1eddng bao g\u1ed3m c\u00e1c b\u1ed9 ph\u1eadn c\u01a1 b\u1ea3n nh\u01b0: l\u1edbp toa inox b\u00ean ngo\u00e0i, h\u1ec7 th\u1ed1ng d\u1eabn kh\u00ed, l\u01b0\u1edbi l\u1ecdc, qu\u1ea1t h\u00fat, \u0111\u00e8n chi\u1ebfu s\u00e1ng, \u0111\u00e8n b\u00e1o hi\u1ec7u m\u1ee9c \u0111\u1ed9 b\u00e1m b\u1ea9n v\u00e0 b\u1ea3ng \u0111i\u1ec1u khi\u1ec3n t\u1ed1c \u0111\u1ed9 h\u00fat.<\/p>\n<p>C\u00e1c lo\u1ea1i kh\u00ed \u0111\u1ed9c h\u1ea1i v\u00e0 m\u00f9i kh\u00f3 ch\u1ecbu s\u1ebd \u0111\u01b0\u1ee3c h\u00fat l\u00ean b\u1eb1ng turbin (ho\u1eb7c \u0111\u1ed9ng c\u01a1 moter) v\u00e0 chuy\u1ec3n ra ngo\u00e0i, c\u00f2n b\u1ee5i b\u1ea9n v\u00e0 c\u00e1c h\u1ea1t d\u1ea7u m\u1ee1 s\u1ebd b\u00e1m l\u1ea1i l\u1edbp m\u00e0ng l\u1ecdc, c\u00f3 th\u1ec3 d\u1ec5 d\u00e0ng th\u00e1o ra \u0111\u1ec3 v\u1ec7 sinh v\u00e0 thay m\u1edbi thi\u1ebft b\u1ecb.<\/p>\n<h3>Kh\u1eed m\u00f9i b\u1eb1ng than ho\u1ea1t t\u00ednh v\u00e0 \u1ed1ng tho\u00e1t ra ngo\u00e0i D150<\/h3>\n<p>M\u00e1y h\u00fat m\u00f9i Batani\u00a0ML-20B\u00a0s\u1eed d\u1ee5ng ph\u01b0\u01a1ng ph\u00e1p h\u00fat m\u00f9i tr\u1ef1c ti\u1ebfp t\u1ee9c m\u00f9i \u0111\u01b0\u1ee3c \u0111\u1ea9y ra ngo\u00e0i theo \u0111\u01b0\u1eddng \u1ed1ng tho\u00e1t\u00a0<strong>D150<\/strong>. \u0110\u1ed3ng th\u1eddi ch\u1ee9c n\u0103ng kh\u1eed m\u00f9i b\u1eb1ng than ho\u1ea1t t\u00ednh s\u1ebd gi\u00fap cho kh\u00f4ng kh\u00ed trong ph\u00f2ng b\u1ebfp lu\u00f4n s\u1ea1ch s\u1ebd. C\u00e1ch th\u1ee9c n\u00e0y s\u1ebd gi\u00fap m\u00e1y c\u00f3 hi\u1ec7u qu\u1ea3 t\u1edbi 100% v\u00e0 m\u00f9i s\u1ebd \u0111\u01b0\u1ee3c \u0111\u1ea9y ho\u00e0n to\u00e0n ra ngo\u00e0i tr\u1eddi.<\/p>\n<h3>Ti\u1ebft ki\u1ec7m \u0111i\u1ec7n n\u0103ng v\u00e0 \u0111\u1ed9 \u1ed3n kh\u00f4ng l\u1edbn<\/h3>\n<p>\u0110\u1ed9 \u1ed3n t\u1ed1i \u0111a c\u1ee7a m\u00e1y r\u1ea5t nh\u1ecf (nh\u1ecf h\u01a1n\u00a0<strong>45Db<\/strong>), m\u00e1y \u00eam kh\u00f4ng \u1ea3nh h\u01b0\u1edfng \u0111\u1ebfn sinh ho\u1ea1t gia \u0111\u00ecnh b\u1ea1n. T\u1ed5ng \u0111i\u1ec7n n\u0103ng ti\u00eau thu \u0111i\u1ec7n c\u1ee7a m\u00e1y khi\u1ebfn b\u1ea1n ph\u1ea3i ng\u1ea1c nhi\u00ean v\u00ec 6 \u0111\u1ebfn 7 ti\u1ebfng \u0111\u1ed3ng h\u1ed3 ho\u1ea1t \u0111\u1ed9ng c\u1ee7a m\u00e1y m\u1edbi h\u1ebft c\u00f3 1 s\u1ed1 \u0111i\u1ec7n c\u1ee7a b\u1ea1n.<\/p>\n<h3>M\u1ed9t s\u1ed1 l\u01b0u \u00fd khi s\u1eed d\u1ee5ng<\/h3>\n<p>\u0110\u1ec3 n\u00e2ng cao hi\u1ec7u su\u1ea5t h\u00fat c\u1ee7a m\u00e1y h\u00fat m\u00f9i khi s\u1eed d\u1ee5ng b\u1ea1n c\u1ea7n l\u01b0u \u00fd nh\u1eefng \u0111i\u1ec1u sau \u0111\u00e2y:<\/p>\n<p>\u0110\u1ed1i v\u1edbi nh\u1eefng chi\u1ebfc m\u00e1y h\u00fat m\u00f9i s\u1eed d\u1ee5ng than ho\u1ea1t t\u00ednh, b\u1ea1n n\u00ean thay than t\u1eeb 6 th\u00e1ng \u0111\u1ebfn 1 n\u0103m m\u1ed9t l\u1ea7n \u0111\u1ec3 \u0111\u1ea3m b\u1ea3o hi\u1ec7u qu\u1ea3 kh\u1eed m\u00f9i.<\/p>\n<p>Lu\u00f4n lau ch\u00f9i m\u00e1y b\u1eb1ng gi\u1ebb m\u1ec1m, c\u00f3 ch\u1ea5t t\u1ea9y r\u1eeda.<\/p>\n<p>Kh\u00f4ng s\u1eed d\u1ee5ng m\u00e1y khi ngu\u1ed3n \u0111i\u1ec7n ch\u1eadp ch\u1eddn.<\/p>\n<p>\u0110\u1ec3 tr\u00e1nh g\u00e2y h\u1ea1n \u0111\u1ebfn \u0111\u1ed9ng c\u01a1 b\u00ean trong m\u00e1y b\u1ea1n kh\u00f4ng n\u00ean \u0111\u1ec3 n\u01b0\u1edbc ho\u1eb7c v\u1eadt\u00a0c\u1ee9ng l\u1ecdt v\u00e0o trong m\u00e1y.<\/p>\n<p>\u0110\u1eb7c bi\u1ec7t \u0111\u1ec3 ti\u1ebft ki\u1ec7m \u0111i\u1ec7n v\u00e0 t\u0103ng tu\u1ed5i th\u1ecd cho m\u00e1y h\u01a1n h\u1ebft b\u1ea1n n\u00ean s\u1eed d\u1ee5ng \u0111\u00fang t\u1ed1c \u0111\u1ed9 c\u1ee7a m\u00e1y, kh\u00f4ng n\u00ean l\u1ea1m d\u1ee5ng t\u1ed1c \u0111\u1ed9 cao nh\u1ea5t t\u1ee9c \u0111\u1ed1i v\u1edbi nh\u1eefng m\u00f3n \u0103n kh\u00f4ng ch\u1ee9a d\u1ea7u m\u1ee1 nh\u01b0 c\u00e1c m\u00f3n lu\u1ed9c b\u1ea1n ch\u1ec9 c\u1ea7n \u0111\u1ec3 m\u00e1y \u1edf m\u1ee9c c\u00f4ng su\u1ea5t th\u1ea5p, v\u1edbi nh\u1eefng m\u00f3n ch\u1ee9a nhi\u1ec1u d\u1ea7u m\u1ee1 nh\u01b0: chi\u00ean, x\u00e0o, r\u00e1n ho\u1eb7c nh\u1eefng m\u00f3n n\u1eb7ng m\u00f9i nh\u01b0 gi\u1ea3 c\u00e0y th\u00ec b\u1ea1n m\u1edbi c\u1ea7n s\u1eed d\u1ee5ng m\u00e1y h\u00fat m\u00f9i \u1edf c\u1ea5p \u0111\u1ed9 cao.<\/p>\n<p>T\u1ea7m 2 th\u00e1ng b\u1ea1n n\u00ean v\u1ec7 sinh l\u01b0\u1edbi l\u1ecdc 1 l\u1ea7n. N\u00ean b\u1ea3o d\u01b0\u1ee1ng m\u00e1y 12 th\u00e1ng 1 l\u1ea7n c\u0169ng l\u00e0 c\u00e1ch \u0111\u1ec3 m\u00e1y ho\u1ea1t \u0111\u1ed9ng t\u1ed1t h\u01a1n.<\/p>\n<h2>TH\u00d4NG S\u1ed0 K\u1ef8 THU\u1eacT<\/h2>\n<ul>\n<li>Ki\u1ec3u m\u00e1y h\u00fat kh\u00f3i toa k\u00ednh m\u1eb7t \u0111en<\/li>\n<li>Nguy\u00ean li\u1ec7u th\u00e2n m\u00e1y b\u1eb1ng Inox<\/li>\n<li>K\u00edch th\u01b0\u1edbc: R700 x S500 x C800 mm<\/li>\n<li>C\u00f4ng su\u1ea5t \u0111\u1ed9ng c\u01a1: 190W<\/li>\n<li>L\u01b0u l\u01b0\u1ee3ng h\u00fat: 750m3\/h<\/li>\n<li>T\u1ed1c \u0111\u1ed9: 03<\/li>\n<li>\u0110\u01b0\u1eddng k\u00ednh \u1ed1ng tho\u00e1t: 150mm<\/li>\n<li>\u0110\u1ed9 \u1ed3n: 45dB<\/li>\n<li>Ph\u00edm c\u01a1 si\u00eau b\u1ec1n<\/li>\n<li>B\u1ed9 l\u1ecdc 02 l\u01b0\u1edbi nh\u00f4m (l\u1edbp ngo\u00e0i Inox)<\/li>\n<li>Chi\u1ebfu s\u00e1ng: 02 \u0111\u00e8n Led 2W<\/li>\n<\/ul>\n<h2>K\u00cdCH TH\u01af\u1edaC L\u1eaeP \u0110\u1eb6T S\u1ea2N PH\u1ea8M<\/h2>\n<p><img decoding=\"async\" src=\"https:\/\/hsn.vn\/images\/stories\/virtuemart\/product\/kich-thuoc-may-hut-mui-batani-ml-20a.jpg\" alt=\"kich-thuoc-may-hut-mui-batani-ml-20a.jpg\" \/><\/p>\n","protected":false},"excerpt":{"rendered":"<p>M\u00c1Y H\u00daT M\u00d9I BATANI ML-20B | 70CM | NH\u1eacP KH\u1ea8U NGUY\u00caN CHI\u1ebeC T\u1eea MALAYSIA | THI\u1ebeT K\u1ebe SANG TR\u1eccNG | H\u1ec6 \u0110I\u1ec0U KHI\u1ec2N PH\u00cdM B\u1ea4M \u0110I\u1ec6N T\u1eec | AN TO\u00c0N, B\u1ec0N B\u1ec8 V\u00c0 TI\u1ebeT KI\u1ec6M \u0110I\u1ec6N N\u0102NG | C\u00d9NG BATANI.VN T\u00ccM HI\u1ec2U K\u1ef8 H\u01a0N V\u1ec0 S\u1ea2N PH\u1ea8M N\u00c0Y NH\u00c9 Thi\u1ebft k\u1ebf sang tr\u1ecdng Th\u00e2n m\u00e1y [&#8230;]\n","protected":false},"featured_media":403,"comment_status":"open","ping_status":"closed","template":"","meta":[],"product_cat":[22],"product_tag":[],"class_list":{"0":"post-268","1":"product","2":"type-product","3":"status-publish","4":"has-post-thumbnail","6":"product_cat-may-hut-mui","8":"first","9":"instock","10":"shipping-taxable","11":"purchasable","12":"product-type-simple"},"yoast_head":"<!-- This site is optimized with the Yoast SEO plugin v18.8 - https:\/\/yoast.com\/wordpress\/plugins\/seo\/ -->\n<title>M\u00e1y h\u00fat m\u00f9i Batani ML-20B - Batani<\/title>\n<meta name=\"robots\" content=\"index, follow, max-snippet:-1, max-image-preview:large, max-video-preview:-1\" \/>\n<link rel=\"canonical\" href=\"https:\/\/batani.vn\/?product=may-hut-mui-batani-ml-20b\" \/>\n<meta property=\"og:locale\" content=\"vi_VN\" \/>\n<meta property=\"og:type\" content=\"article\" \/>\n<meta property=\"og:title\" content=\"M\u00e1y h\u00fat m\u00f9i Batani ML-20B - Batani\" \/>\n<meta property=\"og:description\" content=\"M\u00c1Y H\u00daT M\u00d9I BATANI ML-20B | 70CM | NH\u1eacP KH\u1ea8U NGUY\u00caN CHI\u1ebeC T\u1eea MALAYSIA | THI\u1ebeT K\u1ebe SANG TR\u1eccNG | H\u1ec6 \u0110I\u1ec0U KHI\u1ec2N PH\u00cdM B\u1ea4M \u0110I\u1ec6N T\u1eec | AN TO\u00c0N, B\u1ec0N B\u1ec8 V\u00c0 TI\u1ebeT KI\u1ec6M \u0110I\u1ec6N N\u0102NG | C\u00d9NG BATANI.VN T\u00ccM HI\u1ec2U K\u1ef8 H\u01a0N V\u1ec0 S\u1ea2N PH\u1ea8M N\u00c0Y NH\u00c9 Thi\u1ebft k\u1ebf sang tr\u1ecdng Th\u00e2n m\u00e1y [...]\" \/>\n<meta property=\"og:url\" content=\"https:\/\/batani.vn\/?product=may-hut-mui-batani-ml-20b\" \/>\n<meta property=\"og:site_name\" content=\"Batani\" \/>\n<meta property=\"article:modified_time\" content=\"2022-06-12T14:40:16+00:00\" \/>\n<meta property=\"og:image\" content=\"https:\/\/batani.vn\/wp-content\/uploads\/2022\/05\/may-hut-mui-batani-ml-20b.jpg\" \/>\n\t<meta property=\"og:image:width\" content=\"913\" \/>\n\t<meta property=\"og:image:height\" content=\"563\" \/>\n\t<meta property=\"og:image:type\" content=\"image\/jpeg\" \/>\n<meta name=\"twitter:card\" content=\"summary_large_image\" \/>\n<meta name=\"twitter:label1\" content=\"\u01af\u1edbc t\u00ednh th\u1eddi gian \u0111\u1ecdc\" \/>\n\t<meta name=\"twitter:data1\" content=\"6 ph\u00fat\" \/>\n<script type=\"application\/ld+json\" class=\"yoast-schema-graph\">{\"@context\":\"https:\/\/schema.org\",\"@graph\":[{\"@type\":\"WebSite\",\"@id\":\"https:\/\/batani.vn\/#website\",\"url\":\"https:\/\/batani.vn\/\",\"name\":\"Batani\",\"description\":\"Thi\u1ebft b\u1ecb nh\u00e0 b\u1ebfp cao c\u1ea5p Batani\",\"potentialAction\":[{\"@type\":\"SearchAction\",\"target\":{\"@type\":\"EntryPoint\",\"urlTemplate\":\"https:\/\/batani.vn\/?s={search_term_string}\"},\"query-input\":\"required name=search_term_string\"}],\"inLanguage\":\"vi\"},{\"@type\":\"ImageObject\",\"inLanguage\":\"vi\",\"@id\":\"https:\/\/batani.vn\/?product=may-hut-mui-batani-ml-20b#primaryimage\",\"url\":\"https:\/\/batani.vn\/wp-content\/uploads\/2022\/05\/may-hut-mui-batani-ml-20b.jpg\",\"contentUrl\":\"https:\/\/batani.vn\/wp-content\/uploads\/2022\/05\/may-hut-mui-batani-ml-20b.jpg\",\"width\":913,\"height\":563},{\"@type\":\"WebPage\",\"@id\":\"https:\/\/batani.vn\/?product=may-hut-mui-batani-ml-20b#webpage\",\"url\":\"https:\/\/batani.vn\/?product=may-hut-mui-batani-ml-20b\",\"name\":\"M\u00e1y h\u00fat m\u00f9i Batani ML-20B - Batani\",\"isPartOf\":{\"@id\":\"https:\/\/batani.vn\/#website\"},\"primaryImageOfPage\":{\"@id\":\"https:\/\/batani.vn\/?product=may-hut-mui-batani-ml-20b#primaryimage\"},\"datePublished\":\"2022-05-16T06:46:39+00:00\",\"dateModified\":\"2022-06-12T14:40:16+00:00\",\"breadcrumb\":{\"@id\":\"https:\/\/batani.vn\/?product=may-hut-mui-batani-ml-20b#breadcrumb\"},\"inLanguage\":\"vi\",\"potentialAction\":[{\"@type\":\"ReadAction\",\"target\":[\"https:\/\/batani.vn\/?product=may-hut-mui-batani-ml-20b\"]}]},{\"@type\":\"BreadcrumbList\",\"@id\":\"https:\/\/batani.vn\/?product=may-hut-mui-batani-ml-20b#breadcrumb\",\"itemListElement\":[{\"@type\":\"ListItem\",\"position\":1,\"name\":\"Trang ch\u1ee7\",\"item\":\"https:\/\/batani.vn\/\"},{\"@type\":\"ListItem\",\"position\":2,\"name\":\"C\u1eeda h\u00e0ng\",\"item\":\"https:\/\/batani.vn\/?page_id=6\"},{\"@type\":\"ListItem\",\"position\":3,\"name\":\"M\u00e1y h\u00fat m\u00f9i Batani ML-20B\"}]}]}<\/script>\n<!-- \/ Yoast SEO plugin. -->","yoast_head_json":{"title":"M\u00e1y h\u00fat m\u00f9i Batani ML-20B - Batani","robots":{"index":"index","follow":"follow","max-snippet":"max-snippet:-1","max-image-preview":"max-image-preview:large","max-video-preview":"max-video-preview:-1"},"canonical":"https:\/\/batani.vn\/?product=may-hut-mui-batani-ml-20b","og_locale":"vi_VN","og_type":"article","og_title":"M\u00e1y h\u00fat m\u00f9i Batani ML-20B - Batani","og_description":"M\u00c1Y H\u00daT M\u00d9I BATANI ML-20B | 70CM | NH\u1eacP KH\u1ea8U NGUY\u00caN CHI\u1ebeC T\u1eea MALAYSIA | THI\u1ebeT K\u1ebe SANG TR\u1eccNG | H\u1ec6 \u0110I\u1ec0U KHI\u1ec2N PH\u00cdM B\u1ea4M \u0110I\u1ec6N T\u1eec | AN TO\u00c0N, B\u1ec0N B\u1ec8 V\u00c0 TI\u1ebeT KI\u1ec6M \u0110I\u1ec6N N\u0102NG | C\u00d9NG BATANI.VN T\u00ccM HI\u1ec2U K\u1ef8 H\u01a0N V\u1ec0 S\u1ea2N PH\u1ea8M N\u00c0Y NH\u00c9 Thi\u1ebft k\u1ebf sang tr\u1ecdng Th\u00e2n m\u00e1y [...]","og_url":"https:\/\/batani.vn\/?product=may-hut-mui-batani-ml-20b","og_site_name":"Batani","article_modified_time":"2022-06-12T14:40:16+00:00","og_image":[{"width":913,"height":563,"url":"https:\/\/batani.vn\/wp-content\/uploads\/2022\/05\/may-hut-mui-batani-ml-20b.jpg","type":"image\/jpeg"}],"twitter_card":"summary_large_image","twitter_misc":{"\u01af\u1edbc t\u00ednh th\u1eddi gian \u0111\u1ecdc":"6 ph\u00fat"},"schema":{"@context":"https:\/\/schema.org","@graph":[{"@type":"WebSite","@id":"https:\/\/batani.vn\/#website","url":"https:\/\/batani.vn\/","name":"Batani","description":"Thi\u1ebft b\u1ecb nh\u00e0 b\u1ebfp cao c\u1ea5p Batani","potentialAction":[{"@type":"SearchAction","target":{"@type":"EntryPoint","urlTemplate":"https:\/\/batani.vn\/?s={search_term_string}"},"query-input":"required name=search_term_string"}],"inLanguage":"vi"},{"@type":"ImageObject","inLanguage":"vi","@id":"https:\/\/batani.vn\/?product=may-hut-mui-batani-ml-20b#primaryimage","url":"https:\/\/batani.vn\/wp-content\/uploads\/2022\/05\/may-hut-mui-batani-ml-20b.jpg","contentUrl":"https:\/\/batani.vn\/wp-content\/uploads\/2022\/05\/may-hut-mui-batani-ml-20b.jpg","width":913,"height":563},{"@type":"WebPage","@id":"https:\/\/batani.vn\/?product=may-hut-mui-batani-ml-20b#webpage","url":"https:\/\/batani.vn\/?product=may-hut-mui-batani-ml-20b","name":"M\u00e1y h\u00fat m\u00f9i Batani ML-20B - Batani","isPartOf":{"@id":"https:\/\/batani.vn\/#website"},"primaryImageOfPage":{"@id":"https:\/\/batani.vn\/?product=may-hut-mui-batani-ml-20b#primaryimage"},"datePublished":"2022-05-16T06:46:39+00:00","dateModified":"2022-06-12T14:40:16+00:00","breadcrumb":{"@id":"https:\/\/batani.vn\/?product=may-hut-mui-batani-ml-20b#breadcrumb"},"inLanguage":"vi","potentialAction":[{"@type":"ReadAction","target":["https:\/\/batani.vn\/?product=may-hut-mui-batani-ml-20b"]}]},{"@type":"BreadcrumbList","@id":"https:\/\/batani.vn\/?product=may-hut-mui-batani-ml-20b#breadcrumb","itemListElement":[{"@type":"ListItem","position":1,"name":"Trang ch\u1ee7","item":"https:\/\/batani.vn\/"},{"@type":"ListItem","position":2,"name":"C\u1eeda h\u00e0ng","item":"https:\/\/batani.vn\/?page_id=6"},{"@type":"ListItem","position":3,"name":"M\u00e1y h\u00fat m\u00f9i Batani ML-20B"}]}]}},"_links":{"self":[{"href":"https:\/\/batani.vn\/index.php?rest_route=\/wp\/v2\/product\/268","targetHints":{"allow":["GET"]}}],"collection":[{"href":"https:\/\/batani.vn\/index.php?rest_route=\/wp\/v2\/product"}],"about":[{"href":"https:\/\/batani.vn\/index.php?rest_route=\/wp\/v2\/types\/product"}],"replies":[{"embeddable":true,"href":"https:\/\/batani.vn\/index.php?rest_route=%2Fwp%2Fv2%2Fcomments&post=268"}],"wp:featuredmedia":[{"embeddable":true,"href":"https:\/\/batani.vn\/index.php?rest_route=\/wp\/v2\/media\/403"}],"wp:attachment":[{"href":"https:\/\/batani.vn\/index.php?rest_route=%2Fwp%2Fv2%2Fmedia&parent=268"}],"wp:term":[{"taxonomy":"product_cat","embeddable":true,"href":"https:\/\/batani.vn\/index.php?rest_route=%2Fwp%2Fv2%2Fproduct_cat&post=268"},{"taxonomy":"product_tag","embeddable":true,"href":"https:\/\/batani.vn\/index.php?rest_route=%2Fwp%2Fv2%2Fproduct_tag&post=268"}],"curies":[{"name":"wp","href":"https:\/\/api.w.org\/{rel}","templated":true}]}}