{"id":261,"date":"2022-05-16T06:44:28","date_gmt":"2022-05-16T06:44:28","guid":{"rendered":"https:\/\/batani.vn\/?post_type=product&#038;p=261"},"modified":"2022-09-04T03:18:32","modified_gmt":"2022-09-04T03:18:32","slug":"bep-dien-tu-batani-eg-68a","status":"publish","type":"product","link":"https:\/\/batani.vn\/?product=bep-dien-tu-batani-eg-68a","title":{"rendered":"B\u1ebfp \u0111i\u1ec7n t\u1eeb Batani EG-68A"},"content":{"rendered":"<div class=\"attribute-title\">TH\u00d4NG S\u1ed0 K\u1ef8 THU\u1eacT<\/div>\n<div class=\"attribute-content expand\">\n<table border=\"1\" cellspacing=\"1\" cellpadding=\"1\">\n<tbody>\n<tr>\n<td>B\u1ebfp t\u1eeb 2 v\u00f9ng n\u1ea5u (1 t\u1eeb + 1 \u0111i\u1ec7n) &#8211; N\u1ea5u m\u1ecdi lo\u1ea1i n\u1ed3i<\/td>\n<\/tr>\n<tr>\n<td>C\u00f4ng su\u1ea5t max 1800 (t\u1eeb) + 1800W (\u0111i\u1ec7n)<\/td>\n<\/tr>\n<tr>\n<td>Ngu\u1ed3n \u0111i\u1ec7n s\u1eed d\u1ee5ng t\u1ef1 \u0111\u1ed9ng. T\u1ef1 \u0111\u1ed9ng ng\u1eaft khi qu\u00e1 \u0111i\u1ec7n \u00e1p, khi qu\u00e1 gi\u1edd, qu\u00e1 nhi\u1ec7t &#8211; 8 m\u1ee9c level c\u00f4ng su\u1ea5t, nhi\u1ec7t \u0111\u1ed9.<\/td>\n<\/tr>\n<tr>\n<td>M\u00e2m \u0111i\u1ec7n t\u1eeb b\u1eb1ng \u0111\u1ed3ng nguy\u00ean ch\u1ea5t<\/td>\n<\/tr>\n<tr>\n<td>Ch\u00edp Siemens IGBT si\u00eau b\u1ec1n. M\u00e2m \u0111i\u1ec7n l\u00f5i \u0111\u1eb7c si\u00eau b\u1ec1n<\/td>\n<\/tr>\n<tr>\n<td>An to\u00e0n v\u1edbi ch\u1ee9c n\u0103ng kh\u00f3a tr\u1ebb em. Ch\u1ebf \u0111\u1ed9 h\u1eb9n gi\u1edd th\u00f4ng minh<\/td>\n<\/tr>\n<tr>\n<td>M\u1eb7t b\u1ebfp b\u1eb1ng k\u00ednh ch\u1ecbu l\u1ef1c, ch\u1ecbu nhi\u1ec7t, truy\u1ec1n nhi\u1ec7t chuy\u00ean d\u1ee5ng \u0111\u1eb7c bi\u1ec7t. M\u1eb7t k\u00ednh \u0111en tuy\u1ec1n<\/td>\n<\/tr>\n<tr>\n<td>K\u00edch th\u01b0\u1edbc m\u1eb7t k\u00ednh: 730 x 430 mm<\/td>\n<\/tr>\n<tr>\n<td>K\u00edch th\u01b0\u1edbc kho\u00e9t \u0111\u00e1: 680 x 400 mm<\/td>\n<\/tr>\n<tr>\n<td><\/td>\n<\/tr>\n<\/tbody>\n<\/table>\n<p><img decoding=\"async\" src=\"https:\/\/bep24h.com.vn\/Data\/upload\/images\/B%E1%BA%BFp%20%C4%91i%E1%BB%87n%20t%E1%BB%AB%20Batani%20EG-68A%20-%202.jpg\" alt=\"\" \/><\/p>\n<\/div>\n","protected":false},"excerpt":{"rendered":"<p class=\"pd-info__title mb-1\">B\u1ebfp \u0111i\u1ec7n t\u1eeb Batani EG-68A: Linh ki\u1ec7n v\u00e0 c\u00f4ng ngh\u1ec7 Italia.<\/p>\n<p class=\"pd-info__title mb-1\">B\u1ebfp nh\u1eadp kh\u1ea9u nguy\u00ean chi\u1ebfc Malaysia<\/p>\n<p>Thi\u1ebft k\u1ebf sang tr\u1ecdng, h\u1ec7 \u0111i\u1ec1u khi\u1ec3n c\u1ea3m \u1ee9ng si\u00eau nh\u1ea1y, an to\u00e0n, b\u1ec1n b\u1ec9 v\u00e0 ti\u1ebft ki\u1ec7m \u0111i\u1ec7n n\u0103ng.<\/p>\n<p>B\u1ea3o h\u00e0nh: 24 th\u00e1ng.<\/p>\n<p style=\"font-weight: 400;\">H\u00e3y g\u1ecdi cho ch\u00fang t\u00f4i \u0111\u1ec3 \u0111\u01b0\u1ee3c t\u01b0 v\u1ea5n mua h\u00e0ng ho\u1eb7c l\u00e0m \u0111\u1ea1i l\u00fd c\u1ee7a h\u00e3ng<\/p>\n<p style=\"font-weight: 400;\"><strong>Hotline: 0339.80.1080 &#8211; 0325.80.10.80<\/strong><\/p>\n<p><img loading=\"lazy\" decoding=\"async\" class=\" wp-image-96 alignleft\" src=\"https:\/\/batani.vn\/wp-content\/uploads\/2022\/05\/z3393878020210_ad12378d36ecff590de47e264835bb9d.jpg\" alt=\"\" width=\"600\" height=\"315\" srcset=\"https:\/\/batani.vn\/wp-content\/uploads\/2022\/05\/z3393878020210_ad12378d36ecff590de47e264835bb9d.jpg 600w, https:\/\/batani.vn\/wp-content\/uploads\/2022\/05\/z3393878020210_ad12378d36ecff590de47e264835bb9d-300x158.jpg 300w\" sizes=\"auto, (max-width: 600px) 100vw, 600px\" \/><\/p>\n","protected":false},"featured_media":329,"comment_status":"open","ping_status":"closed","template":"","meta":[],"product_cat":[20],"product_tag":[],"class_list":{"0":"post-261","1":"product","2":"type-product","3":"status-publish","4":"has-post-thumbnail","6":"product_cat-bep-dien-tu","8":"first","9":"instock","10":"shipping-taxable","11":"purchasable","12":"product-type-simple"},"yoast_head":"<!-- This site is optimized with the Yoast SEO plugin v18.8 - https:\/\/yoast.com\/wordpress\/plugins\/seo\/ -->\n<title>B\u1ebfp \u0111i\u1ec7n t\u1eeb Batani EG-68A - Batani<\/title>\n<meta name=\"robots\" content=\"index, follow, max-snippet:-1, max-image-preview:large, max-video-preview:-1\" \/>\n<link rel=\"canonical\" href=\"https:\/\/batani.vn\/?product=bep-dien-tu-batani-eg-68a\" \/>\n<meta property=\"og:locale\" content=\"vi_VN\" \/>\n<meta property=\"og:type\" content=\"article\" \/>\n<meta property=\"og:title\" content=\"B\u1ebfp \u0111i\u1ec7n t\u1eeb Batani EG-68A - Batani\" \/>\n<meta property=\"og:description\" content=\"B\u1ebfp \u0111i\u1ec7n t\u1eeb Batani EG-68A: Linh ki\u1ec7n v\u00e0 c\u00f4ng ngh\u1ec7 Italia. B\u1ebfp nh\u1eadp kh\u1ea9u nguy\u00ean chi\u1ebfc Malaysia Thi\u1ebft k\u1ebf sang tr\u1ecdng, h\u1ec7 \u0111i\u1ec1u khi\u1ec3n c\u1ea3m \u1ee9ng si\u00eau nh\u1ea1y, an to\u00e0n, b\u1ec1n b\u1ec9 v\u00e0 ti\u1ebft ki\u1ec7m \u0111i\u1ec7n n\u0103ng.  B\u1ea3o h\u00e0nh: 24 th\u00e1ng. H\u00e3y g\u1ecdi cho ch\u00fang t\u00f4i \u0111\u1ec3 \u0111\u01b0\u1ee3c t\u01b0 v\u1ea5n mua h\u00e0ng ho\u1eb7c l\u00e0m \u0111\u1ea1i l\u00fd c\u1ee7a h\u00e3ng Hotline: 0339.80.1080 - 0325.80.10.80\" \/>\n<meta property=\"og:url\" content=\"https:\/\/batani.vn\/?product=bep-dien-tu-batani-eg-68a\" \/>\n<meta property=\"og:site_name\" content=\"Batani\" \/>\n<meta property=\"article:modified_time\" content=\"2022-09-04T03:18:32+00:00\" \/>\n<meta property=\"og:image\" content=\"https:\/\/batani.vn\/wp-content\/uploads\/2022\/05\/Batani-EG-68A.jpg\" \/>\n\t<meta property=\"og:image:width\" content=\"600\" \/>\n\t<meta property=\"og:image:height\" content=\"600\" \/>\n\t<meta property=\"og:image:type\" content=\"image\/jpeg\" \/>\n<meta name=\"twitter:card\" content=\"summary_large_image\" \/>\n<meta name=\"twitter:label1\" content=\"\u01af\u1edbc t\u00ednh th\u1eddi gian \u0111\u1ecdc\" \/>\n\t<meta name=\"twitter:data1\" content=\"1 ph\u00fat\" \/>\n<script type=\"application\/ld+json\" class=\"yoast-schema-graph\">{\"@context\":\"https:\/\/schema.org\",\"@graph\":[{\"@type\":\"WebSite\",\"@id\":\"https:\/\/batani.vn\/#website\",\"url\":\"https:\/\/batani.vn\/\",\"name\":\"Batani\",\"description\":\"Thi\u1ebft b\u1ecb nh\u00e0 b\u1ebfp cao c\u1ea5p Batani\",\"potentialAction\":[{\"@type\":\"SearchAction\",\"target\":{\"@type\":\"EntryPoint\",\"urlTemplate\":\"https:\/\/batani.vn\/?s={search_term_string}\"},\"query-input\":\"required name=search_term_string\"}],\"inLanguage\":\"vi\"},{\"@type\":\"ImageObject\",\"inLanguage\":\"vi\",\"@id\":\"https:\/\/batani.vn\/?product=bep-dien-tu-batani-eg-68a#primaryimage\",\"url\":\"https:\/\/batani.vn\/wp-content\/uploads\/2022\/05\/Batani-EG-68A.jpg\",\"contentUrl\":\"https:\/\/batani.vn\/wp-content\/uploads\/2022\/05\/Batani-EG-68A.jpg\",\"width\":600,\"height\":600},{\"@type\":\"WebPage\",\"@id\":\"https:\/\/batani.vn\/?product=bep-dien-tu-batani-eg-68a#webpage\",\"url\":\"https:\/\/batani.vn\/?product=bep-dien-tu-batani-eg-68a\",\"name\":\"B\u1ebfp \u0111i\u1ec7n t\u1eeb Batani EG-68A - Batani\",\"isPartOf\":{\"@id\":\"https:\/\/batani.vn\/#website\"},\"primaryImageOfPage\":{\"@id\":\"https:\/\/batani.vn\/?product=bep-dien-tu-batani-eg-68a#primaryimage\"},\"datePublished\":\"2022-05-16T06:44:28+00:00\",\"dateModified\":\"2022-09-04T03:18:32+00:00\",\"breadcrumb\":{\"@id\":\"https:\/\/batani.vn\/?product=bep-dien-tu-batani-eg-68a#breadcrumb\"},\"inLanguage\":\"vi\",\"potentialAction\":[{\"@type\":\"ReadAction\",\"target\":[\"https:\/\/batani.vn\/?product=bep-dien-tu-batani-eg-68a\"]}]},{\"@type\":\"BreadcrumbList\",\"@id\":\"https:\/\/batani.vn\/?product=bep-dien-tu-batani-eg-68a#breadcrumb\",\"itemListElement\":[{\"@type\":\"ListItem\",\"position\":1,\"name\":\"Trang ch\u1ee7\",\"item\":\"https:\/\/batani.vn\/\"},{\"@type\":\"ListItem\",\"position\":2,\"name\":\"C\u1eeda h\u00e0ng\",\"item\":\"https:\/\/batani.vn\/?page_id=6\"},{\"@type\":\"ListItem\",\"position\":3,\"name\":\"B\u1ebfp \u0111i\u1ec7n t\u1eeb Batani EG-68A\"}]}]}<\/script>\n<!-- \/ Yoast SEO plugin. -->","yoast_head_json":{"title":"B\u1ebfp \u0111i\u1ec7n t\u1eeb Batani EG-68A - Batani","robots":{"index":"index","follow":"follow","max-snippet":"max-snippet:-1","max-image-preview":"max-image-preview:large","max-video-preview":"max-video-preview:-1"},"canonical":"https:\/\/batani.vn\/?product=bep-dien-tu-batani-eg-68a","og_locale":"vi_VN","og_type":"article","og_title":"B\u1ebfp \u0111i\u1ec7n t\u1eeb Batani EG-68A - Batani","og_description":"B\u1ebfp \u0111i\u1ec7n t\u1eeb Batani EG-68A: Linh ki\u1ec7n v\u00e0 c\u00f4ng ngh\u1ec7 Italia. B\u1ebfp nh\u1eadp kh\u1ea9u nguy\u00ean chi\u1ebfc Malaysia Thi\u1ebft k\u1ebf sang tr\u1ecdng, h\u1ec7 \u0111i\u1ec1u khi\u1ec3n c\u1ea3m \u1ee9ng si\u00eau nh\u1ea1y, an to\u00e0n, b\u1ec1n b\u1ec9 v\u00e0 ti\u1ebft ki\u1ec7m \u0111i\u1ec7n n\u0103ng.  B\u1ea3o h\u00e0nh: 24 th\u00e1ng. H\u00e3y g\u1ecdi cho ch\u00fang t\u00f4i \u0111\u1ec3 \u0111\u01b0\u1ee3c t\u01b0 v\u1ea5n mua h\u00e0ng ho\u1eb7c l\u00e0m \u0111\u1ea1i l\u00fd c\u1ee7a h\u00e3ng Hotline: 0339.80.1080 - 0325.80.10.80","og_url":"https:\/\/batani.vn\/?product=bep-dien-tu-batani-eg-68a","og_site_name":"Batani","article_modified_time":"2022-09-04T03:18:32+00:00","og_image":[{"width":600,"height":600,"url":"https:\/\/batani.vn\/wp-content\/uploads\/2022\/05\/Batani-EG-68A.jpg","type":"image\/jpeg"}],"twitter_card":"summary_large_image","twitter_misc":{"\u01af\u1edbc t\u00ednh th\u1eddi gian \u0111\u1ecdc":"1 ph\u00fat"},"schema":{"@context":"https:\/\/schema.org","@graph":[{"@type":"WebSite","@id":"https:\/\/batani.vn\/#website","url":"https:\/\/batani.vn\/","name":"Batani","description":"Thi\u1ebft b\u1ecb nh\u00e0 b\u1ebfp cao c\u1ea5p Batani","potentialAction":[{"@type":"SearchAction","target":{"@type":"EntryPoint","urlTemplate":"https:\/\/batani.vn\/?s={search_term_string}"},"query-input":"required name=search_term_string"}],"inLanguage":"vi"},{"@type":"ImageObject","inLanguage":"vi","@id":"https:\/\/batani.vn\/?product=bep-dien-tu-batani-eg-68a#primaryimage","url":"https:\/\/batani.vn\/wp-content\/uploads\/2022\/05\/Batani-EG-68A.jpg","contentUrl":"https:\/\/batani.vn\/wp-content\/uploads\/2022\/05\/Batani-EG-68A.jpg","width":600,"height":600},{"@type":"WebPage","@id":"https:\/\/batani.vn\/?product=bep-dien-tu-batani-eg-68a#webpage","url":"https:\/\/batani.vn\/?product=bep-dien-tu-batani-eg-68a","name":"B\u1ebfp \u0111i\u1ec7n t\u1eeb Batani EG-68A - Batani","isPartOf":{"@id":"https:\/\/batani.vn\/#website"},"primaryImageOfPage":{"@id":"https:\/\/batani.vn\/?product=bep-dien-tu-batani-eg-68a#primaryimage"},"datePublished":"2022-05-16T06:44:28+00:00","dateModified":"2022-09-04T03:18:32+00:00","breadcrumb":{"@id":"https:\/\/batani.vn\/?product=bep-dien-tu-batani-eg-68a#breadcrumb"},"inLanguage":"vi","potentialAction":[{"@type":"ReadAction","target":["https:\/\/batani.vn\/?product=bep-dien-tu-batani-eg-68a"]}]},{"@type":"BreadcrumbList","@id":"https:\/\/batani.vn\/?product=bep-dien-tu-batani-eg-68a#breadcrumb","itemListElement":[{"@type":"ListItem","position":1,"name":"Trang ch\u1ee7","item":"https:\/\/batani.vn\/"},{"@type":"ListItem","position":2,"name":"C\u1eeda h\u00e0ng","item":"https:\/\/batani.vn\/?page_id=6"},{"@type":"ListItem","position":3,"name":"B\u1ebfp \u0111i\u1ec7n t\u1eeb Batani EG-68A"}]}]}},"_links":{"self":[{"href":"https:\/\/batani.vn\/index.php?rest_route=\/wp\/v2\/product\/261","targetHints":{"allow":["GET"]}}],"collection":[{"href":"https:\/\/batani.vn\/index.php?rest_route=\/wp\/v2\/product"}],"about":[{"href":"https:\/\/batani.vn\/index.php?rest_route=\/wp\/v2\/types\/product"}],"replies":[{"embeddable":true,"href":"https:\/\/batani.vn\/index.php?rest_route=%2Fwp%2Fv2%2Fcomments&post=261"}],"wp:featuredmedia":[{"embeddable":true,"href":"https:\/\/batani.vn\/index.php?rest_route=\/wp\/v2\/media\/329"}],"wp:attachment":[{"href":"https:\/\/batani.vn\/index.php?rest_route=%2Fwp%2Fv2%2Fmedia&parent=261"}],"wp:term":[{"taxonomy":"product_cat","embeddable":true,"href":"https:\/\/batani.vn\/index.php?rest_route=%2Fwp%2Fv2%2Fproduct_cat&post=261"},{"taxonomy":"product_tag","embeddable":true,"href":"https:\/\/batani.vn\/index.php?rest_route=%2Fwp%2Fv2%2Fproduct_tag&post=261"}],"curies":[{"name":"wp","href":"https:\/\/api.w.org\/{rel}","templated":true}]}}