{"id":244,"date":"2022-05-16T06:26:34","date_gmt":"2022-05-16T06:26:34","guid":{"rendered":"https:\/\/batani.vn\/?post_type=product&#038;p=244"},"modified":"2022-09-04T13:10:53","modified_gmt":"2022-09-04T13:10:53","slug":"bep-tu-batani-eg-889-2","status":"publish","type":"product","link":"https:\/\/batani.vn\/?product=bep-tu-batani-eg-889-2","title":{"rendered":"B\u1ebfp t\u1eeb Batani EG-600M"},"content":{"rendered":"<h2 style=\"font-weight: 500;\">CHI TI\u1ebeT S\u1ea2N PH\u1ea8M<\/h2>\n<p>B\u1ebfp t\u1eeb Batani EG-600M &#8211; B\u1ebfp nh\u1eadp kh\u1ea9u Malaysia<\/p>\n<ul>\n<li>B\u1ebfp \u00e2m 2 t\u1eeb<\/li>\n<li>K\u00ednh c\u01b0\u1eddng l\u1ef1c h\u1ea1ng A, bo vi\u1ec1n 4 c\u1ea1nh, b\u1ee5ng m\u1ea1 k\u1ebdm<\/li>\n<li>M\u00e2m 100% \u0111\u1ed3ng<\/li>\n<li>Chip \u0111i\u1ec1u khi\u1ec3n Siemens IGBT si\u00eau b\u1ec1n<\/li>\n<li>\u0110i\u1ec1u khi\u1ec3n b\u1eb1ng c\u1ea3m \u1ee9ng tr\u01b0\u1ee3t<\/li>\n<li>Tr\u00e1i ph\u1ea3i \u0111\u1ec1u 9 Level c\u00f4ng su\u1ea5t<\/li>\n<li>Booster t\u0103ng nhanh nhi\u1ec7t \u0111\u1ed9<\/li>\n<li>T\u1ef1 \u0111\u1ed9ng t\u1eaft b\u1ebfp n\u1ebfu kh\u00f4ng ch\u1ea1m<\/li>\n<li>C\u00f3 kh\u00f3a an to\u00e0n tr\u1ebb em<\/li>\n<li>H\u1eb9n gi\u1edd Max 4 ti\u1ebfng, qu\u1ea1t 9 c\u00e1nh si\u00eau \u00eam<\/li>\n<li>Ngu\u1ed3n \u0111i\u1ec7n s\u1eed d\u1ee5ng: 220V &#8211; 240W, 50\/60Hz<\/li>\n<li>B\u1ebfp tr\u00e1i 2000W<\/li>\n<li>B\u1ebfp ph\u1ea3i 2000W<\/li>\n<li>K\u00edch th\u01b0\u1edbc m\u1eb7t k\u00ednh: 620 x 420mm<\/li>\n<li>K\u00edch th\u01b0\u1edbc kho\u00e9t \u0111\u00e1: 585 x 375mm<\/li>\n<\/ul>\n","protected":false},"excerpt":{"rendered":"<p>CHI TI\u1ebeT S\u1ea2N PH\u1ea8M B\u1ebfp t\u1eeb Batani EG-600M &#8211; B\u1ebfp nh\u1eadp kh\u1ea9u Malaysia B\u1ebfp \u00e2m 2 t\u1eeb K\u00ednh c\u01b0\u1eddng l\u1ef1c h\u1ea1ng A, bo vi\u1ec1n 4 c\u1ea1nh, b\u1ee5ng m\u1ea1 k\u1ebdm M\u00e2m 100% \u0111\u1ed3ng Chip \u0111i\u1ec1u khi\u1ec3n Siemens IGBT si\u00eau b\u1ec1n \u0110i\u1ec1u khi\u1ec3n b\u1eb1ng c\u1ea3m \u1ee9ng tr\u01b0\u1ee3t Tr\u00e1i ph\u1ea3i \u0111\u1ec1u 9 Level c\u00f4ng su\u1ea5t Booster t\u0103ng nhanh [&#8230;]\n","protected":false},"featured_media":465,"comment_status":"open","ping_status":"closed","template":"","meta":[],"product_cat":[21],"product_tag":[],"class_list":{"0":"post-244","1":"product","2":"type-product","3":"status-publish","4":"has-post-thumbnail","6":"product_cat-bep-tu","8":"first","9":"instock","10":"shipping-taxable","11":"purchasable","12":"product-type-simple"},"yoast_head":"<!-- This site is optimized with the Yoast SEO plugin v18.8 - https:\/\/yoast.com\/wordpress\/plugins\/seo\/ -->\n<title>B\u1ebfp t\u1eeb Batani EG-600M - Batani<\/title>\n<meta name=\"robots\" content=\"index, follow, max-snippet:-1, max-image-preview:large, max-video-preview:-1\" \/>\n<link rel=\"canonical\" href=\"https:\/\/batani.vn\/?product=bep-tu-batani-eg-889-2\" \/>\n<meta property=\"og:locale\" content=\"vi_VN\" \/>\n<meta property=\"og:type\" content=\"article\" \/>\n<meta property=\"og:title\" content=\"B\u1ebfp t\u1eeb Batani EG-600M - Batani\" \/>\n<meta property=\"og:description\" content=\"CHI TI\u1ebeT S\u1ea2N PH\u1ea8M B\u1ebfp t\u1eeb Batani EG-600M &#8211; B\u1ebfp nh\u1eadp kh\u1ea9u Malaysia B\u1ebfp \u00e2m 2 t\u1eeb K\u00ednh c\u01b0\u1eddng l\u1ef1c h\u1ea1ng A, bo vi\u1ec1n 4 c\u1ea1nh, b\u1ee5ng m\u1ea1 k\u1ebdm M\u00e2m 100% \u0111\u1ed3ng Chip \u0111i\u1ec1u khi\u1ec3n Siemens IGBT si\u00eau b\u1ec1n \u0110i\u1ec1u khi\u1ec3n b\u1eb1ng c\u1ea3m \u1ee9ng tr\u01b0\u1ee3t Tr\u00e1i ph\u1ea3i \u0111\u1ec1u 9 Level c\u00f4ng su\u1ea5t Booster t\u0103ng nhanh [...]\" \/>\n<meta property=\"og:url\" content=\"https:\/\/batani.vn\/?product=bep-tu-batani-eg-889-2\" \/>\n<meta property=\"og:site_name\" content=\"Batani\" \/>\n<meta property=\"article:modified_time\" content=\"2022-09-04T13:10:53+00:00\" \/>\n<meta property=\"og:image\" content=\"https:\/\/batani.vn\/wp-content\/uploads\/2022\/05\/bep-tu-batani-eg-600m.jpg\" \/>\n\t<meta property=\"og:image:width\" content=\"1043\" \/>\n\t<meta property=\"og:image:height\" content=\"607\" \/>\n\t<meta property=\"og:image:type\" content=\"image\/jpeg\" \/>\n<meta name=\"twitter:card\" content=\"summary_large_image\" \/>\n<meta name=\"twitter:label1\" content=\"\u01af\u1edbc t\u00ednh th\u1eddi gian \u0111\u1ecdc\" \/>\n\t<meta name=\"twitter:data1\" content=\"1 ph\u00fat\" \/>\n<script type=\"application\/ld+json\" class=\"yoast-schema-graph\">{\"@context\":\"https:\/\/schema.org\",\"@graph\":[{\"@type\":\"WebSite\",\"@id\":\"https:\/\/batani.vn\/#website\",\"url\":\"https:\/\/batani.vn\/\",\"name\":\"Batani\",\"description\":\"Thi\u1ebft b\u1ecb nh\u00e0 b\u1ebfp cao c\u1ea5p Batani\",\"potentialAction\":[{\"@type\":\"SearchAction\",\"target\":{\"@type\":\"EntryPoint\",\"urlTemplate\":\"https:\/\/batani.vn\/?s={search_term_string}\"},\"query-input\":\"required name=search_term_string\"}],\"inLanguage\":\"vi\"},{\"@type\":\"ImageObject\",\"inLanguage\":\"vi\",\"@id\":\"https:\/\/batani.vn\/?product=bep-tu-batani-eg-889-2#primaryimage\",\"url\":\"https:\/\/batani.vn\/wp-content\/uploads\/2022\/05\/bep-tu-batani-eg-600m.jpg\",\"contentUrl\":\"https:\/\/batani.vn\/wp-content\/uploads\/2022\/05\/bep-tu-batani-eg-600m.jpg\",\"width\":1043,\"height\":607},{\"@type\":\"WebPage\",\"@id\":\"https:\/\/batani.vn\/?product=bep-tu-batani-eg-889-2#webpage\",\"url\":\"https:\/\/batani.vn\/?product=bep-tu-batani-eg-889-2\",\"name\":\"B\u1ebfp t\u1eeb Batani EG-600M - Batani\",\"isPartOf\":{\"@id\":\"https:\/\/batani.vn\/#website\"},\"primaryImageOfPage\":{\"@id\":\"https:\/\/batani.vn\/?product=bep-tu-batani-eg-889-2#primaryimage\"},\"datePublished\":\"2022-05-16T06:26:34+00:00\",\"dateModified\":\"2022-09-04T13:10:53+00:00\",\"breadcrumb\":{\"@id\":\"https:\/\/batani.vn\/?product=bep-tu-batani-eg-889-2#breadcrumb\"},\"inLanguage\":\"vi\",\"potentialAction\":[{\"@type\":\"ReadAction\",\"target\":[\"https:\/\/batani.vn\/?product=bep-tu-batani-eg-889-2\"]}]},{\"@type\":\"BreadcrumbList\",\"@id\":\"https:\/\/batani.vn\/?product=bep-tu-batani-eg-889-2#breadcrumb\",\"itemListElement\":[{\"@type\":\"ListItem\",\"position\":1,\"name\":\"Trang ch\u1ee7\",\"item\":\"https:\/\/batani.vn\/\"},{\"@type\":\"ListItem\",\"position\":2,\"name\":\"C\u1eeda h\u00e0ng\",\"item\":\"https:\/\/batani.vn\/?page_id=6\"},{\"@type\":\"ListItem\",\"position\":3,\"name\":\"B\u1ebfp t\u1eeb Batani EG-600M\"}]}]}<\/script>\n<!-- \/ Yoast SEO plugin. -->","yoast_head_json":{"title":"B\u1ebfp t\u1eeb Batani EG-600M - Batani","robots":{"index":"index","follow":"follow","max-snippet":"max-snippet:-1","max-image-preview":"max-image-preview:large","max-video-preview":"max-video-preview:-1"},"canonical":"https:\/\/batani.vn\/?product=bep-tu-batani-eg-889-2","og_locale":"vi_VN","og_type":"article","og_title":"B\u1ebfp t\u1eeb Batani EG-600M - Batani","og_description":"CHI TI\u1ebeT S\u1ea2N PH\u1ea8M B\u1ebfp t\u1eeb Batani EG-600M &#8211; B\u1ebfp nh\u1eadp kh\u1ea9u Malaysia B\u1ebfp \u00e2m 2 t\u1eeb K\u00ednh c\u01b0\u1eddng l\u1ef1c h\u1ea1ng A, bo vi\u1ec1n 4 c\u1ea1nh, b\u1ee5ng m\u1ea1 k\u1ebdm M\u00e2m 100% \u0111\u1ed3ng Chip \u0111i\u1ec1u khi\u1ec3n Siemens IGBT si\u00eau b\u1ec1n \u0110i\u1ec1u khi\u1ec3n b\u1eb1ng c\u1ea3m \u1ee9ng tr\u01b0\u1ee3t Tr\u00e1i ph\u1ea3i \u0111\u1ec1u 9 Level c\u00f4ng su\u1ea5t Booster t\u0103ng nhanh [...]","og_url":"https:\/\/batani.vn\/?product=bep-tu-batani-eg-889-2","og_site_name":"Batani","article_modified_time":"2022-09-04T13:10:53+00:00","og_image":[{"width":1043,"height":607,"url":"https:\/\/batani.vn\/wp-content\/uploads\/2022\/05\/bep-tu-batani-eg-600m.jpg","type":"image\/jpeg"}],"twitter_card":"summary_large_image","twitter_misc":{"\u01af\u1edbc t\u00ednh th\u1eddi gian \u0111\u1ecdc":"1 ph\u00fat"},"schema":{"@context":"https:\/\/schema.org","@graph":[{"@type":"WebSite","@id":"https:\/\/batani.vn\/#website","url":"https:\/\/batani.vn\/","name":"Batani","description":"Thi\u1ebft b\u1ecb nh\u00e0 b\u1ebfp cao c\u1ea5p Batani","potentialAction":[{"@type":"SearchAction","target":{"@type":"EntryPoint","urlTemplate":"https:\/\/batani.vn\/?s={search_term_string}"},"query-input":"required name=search_term_string"}],"inLanguage":"vi"},{"@type":"ImageObject","inLanguage":"vi","@id":"https:\/\/batani.vn\/?product=bep-tu-batani-eg-889-2#primaryimage","url":"https:\/\/batani.vn\/wp-content\/uploads\/2022\/05\/bep-tu-batani-eg-600m.jpg","contentUrl":"https:\/\/batani.vn\/wp-content\/uploads\/2022\/05\/bep-tu-batani-eg-600m.jpg","width":1043,"height":607},{"@type":"WebPage","@id":"https:\/\/batani.vn\/?product=bep-tu-batani-eg-889-2#webpage","url":"https:\/\/batani.vn\/?product=bep-tu-batani-eg-889-2","name":"B\u1ebfp t\u1eeb Batani EG-600M - Batani","isPartOf":{"@id":"https:\/\/batani.vn\/#website"},"primaryImageOfPage":{"@id":"https:\/\/batani.vn\/?product=bep-tu-batani-eg-889-2#primaryimage"},"datePublished":"2022-05-16T06:26:34+00:00","dateModified":"2022-09-04T13:10:53+00:00","breadcrumb":{"@id":"https:\/\/batani.vn\/?product=bep-tu-batani-eg-889-2#breadcrumb"},"inLanguage":"vi","potentialAction":[{"@type":"ReadAction","target":["https:\/\/batani.vn\/?product=bep-tu-batani-eg-889-2"]}]},{"@type":"BreadcrumbList","@id":"https:\/\/batani.vn\/?product=bep-tu-batani-eg-889-2#breadcrumb","itemListElement":[{"@type":"ListItem","position":1,"name":"Trang ch\u1ee7","item":"https:\/\/batani.vn\/"},{"@type":"ListItem","position":2,"name":"C\u1eeda h\u00e0ng","item":"https:\/\/batani.vn\/?page_id=6"},{"@type":"ListItem","position":3,"name":"B\u1ebfp t\u1eeb Batani EG-600M"}]}]}},"_links":{"self":[{"href":"https:\/\/batani.vn\/index.php?rest_route=\/wp\/v2\/product\/244","targetHints":{"allow":["GET"]}}],"collection":[{"href":"https:\/\/batani.vn\/index.php?rest_route=\/wp\/v2\/product"}],"about":[{"href":"https:\/\/batani.vn\/index.php?rest_route=\/wp\/v2\/types\/product"}],"replies":[{"embeddable":true,"href":"https:\/\/batani.vn\/index.php?rest_route=%2Fwp%2Fv2%2Fcomments&post=244"}],"wp:featuredmedia":[{"embeddable":true,"href":"https:\/\/batani.vn\/index.php?rest_route=\/wp\/v2\/media\/465"}],"wp:attachment":[{"href":"https:\/\/batani.vn\/index.php?rest_route=%2Fwp%2Fv2%2Fmedia&parent=244"}],"wp:term":[{"taxonomy":"product_cat","embeddable":true,"href":"https:\/\/batani.vn\/index.php?rest_route=%2Fwp%2Fv2%2Fproduct_cat&post=244"},{"taxonomy":"product_tag","embeddable":true,"href":"https:\/\/batani.vn\/index.php?rest_route=%2Fwp%2Fv2%2Fproduct_tag&post=244"}],"curies":[{"name":"wp","href":"https:\/\/api.w.org\/{rel}","templated":true}]}}