{"id":232,"date":"2022-05-16T06:21:21","date_gmt":"2022-05-16T06:21:21","guid":{"rendered":"https:\/\/batani.vn\/?post_type=product&#038;p=232"},"modified":"2026-04-14T15:22:07","modified_gmt":"2026-04-14T15:22:07","slug":"bep-tu-batani-eg-889","status":"publish","type":"product","link":"https:\/\/batani.vn\/?product=bep-tu-batani-eg-889","title":{"rendered":"B\u1ebfp t\u1eeb Batani EG-889"},"content":{"rendered":"<h2 style=\"text-align: justify;\">TH\u00d4NG TIN B\u1ebeP T\u1eea BATANI EG-889<\/h2>\n<p style=\"text-align: justify;\">B\u1ebfp t\u1eeb Batani EG-889 \u2013 B\u1ebfp t\u1eeb nh\u1eadp kh\u1ea9u nguy\u00ean chi\u1ebfc Malaysia. Linh ki\u1ec7n v\u00e0 c\u00f4ng ngh\u1ec7 Germany<\/p>\n<p style=\"text-align: justify;\"><b><strong>T\u00cdNH N\u0102NG S\u1ea2N PH\u1ea8M<\/strong><\/b><\/p>\n<ul style=\"text-align: justify;\">\n<li>B\u1ebfp t\u1eeb 2 v\u00f9ng n\u1ea5u<\/li>\n<li>M\u1eb7t k\u00ednh cao c\u1ea5p, bo vi\u1ec1n 4 c\u1ea1nh sang tr\u1ecdng, b\u1ea3o v\u1ec7 ch\u1ed1ng s\u1ee9t k\u00ednh.<\/li>\n<li>IC, IGBT, Ch\u00edp \u0111i\u1ec1u khi\u1ec3n Siemens si\u00eau b\u1ec1n<\/li>\n<li>Ch\u1ebf \u0111\u1ed9 9 c\u1ea5p \u0111\u1ed9 n\u1ea5u linh ho\u1ea1t<\/li>\n<li>T\u00ednh n\u0103ng n\u1ea5u si\u00eau nhanh Booster<\/li>\n<li>C\u00f4ng ngh\u1ec7 inverter th\u00f4ng minh<\/li>\n<\/ul>\n<p style=\"text-align: justify;\"><b><strong>T\u00cdNH N\u0102NG AN TO\u00c0N<\/strong><\/b><\/p>\n<ul style=\"text-align: justify;\">\n<li>T\u1ef1 \u0111\u1ed9ng t\u1eaft b\u1ebfp khi kh\u00f4ng nh\u1eadn di\u1ec7n \u0111\u01b0\u1ee3c \u0111\u00e1y n\u1ed3i<\/li>\n<li>C\u1ea3nh b\u00e1o nhi\u1ec7t d\u01b0 v\u00f9ng n\u1ea5u hi\u1ec3n th\u1ecb ch\u1eef \u201cH\u201d<\/li>\n<li>H\u1ec7 th\u1ed1ng b\u1ea3o v\u1ec7 an to\u00e0n qu\u00e1 nhi\u1ec7t qu\u00e1 \u00e1p<\/li>\n<li>H\u1eb9n gi\u1edd n\u1ea5u \u2013 Ph\u00edm kh\u00f3a tr\u1ebb em \u2013 Ti\u1ebft khi\u1ec7m 37% \u0111i\u1ec7n n\u0103ng<\/li>\n<\/ul>\n<p style=\"text-align: justify;\"><b><strong>TH\u00d4NG S\u1ed0 K\u1ef8 THU\u1eacT<\/strong><\/b><\/p>\n<ul style=\"text-align: justify;\">\n<li>\u0110i\u1ec7n \u00e1p: 220 \u2013 240V, 50\/60Hz<\/li>\n<li>C\u00f4ng su\u1ea5t: 2500W + 2500W.\u00a0Booster 2700W<\/li>\n<li>K\u00edch th\u01b0\u1edbc m\u1eb7t k\u00ednh: 730 x 430mm<\/li>\n<li>K\u00edch th\u01b0\u1edbc kho\u00e9t \u0111\u00e1: 680 x 400mm<\/li>\n<\/ul>\n<h2 style=\"text-align: justify;\">K\u00cdCH TH\u01af\u1edaC L\u1eaeP \u0110\u1eb6T S\u1ea2N PH\u1ea8M<\/h2>\n<p style=\"text-align: justify;\"><img loading=\"lazy\" decoding=\"async\" class=\"alignnone size-full wp-image-355\" src=\"https:\/\/batani.vn\/wp-content\/uploads\/2022\/05\/kich-thuoc-bep-tu-batani-eg-15.jpg\" alt=\"\" width=\"876\" height=\"461\" srcset=\"https:\/\/batani.vn\/wp-content\/uploads\/2022\/05\/kich-thuoc-bep-tu-batani-eg-15.jpg 876w, https:\/\/batani.vn\/wp-content\/uploads\/2022\/05\/kich-thuoc-bep-tu-batani-eg-15-768x404.jpg 768w, https:\/\/batani.vn\/wp-content\/uploads\/2022\/05\/kich-thuoc-bep-tu-batani-eg-15-300x158.jpg 300w, https:\/\/batani.vn\/wp-content\/uploads\/2022\/05\/kich-thuoc-bep-tu-batani-eg-15-600x316.jpg 600w\" sizes=\"auto, (max-width: 876px) 100vw, 876px\" \/><\/p>\n<h2 style=\"text-align: justify;\">\u0110\u00e1nh gi\u00e1 b\u1ebfp t\u1eeb Batani EG-889<\/h2>\n<p style=\"text-align: justify;\">B\u1ebfp t\u1eeb Batani EG-889 l\u00e0 s\u1ea3n ph\u1ea9m b\u1ebfp t\u1eeb th\u00f4ng minh cao c\u1ea5p th\u1ebf h\u1ec7 m\u1edbi. B\u1ebfp \u0111\u01b0\u1ee3c t\u00edch h\u1ee3p nhi\u1ec1u t\u00ednh n\u0103ng n\u1ed5i tr\u1ed9i, trang b\u1ecb c\u00f4ng ngh\u1ec7 Inverter th\u00f4ng minh gi\u00fap ti\u1ebft ki\u1ec7m \u0111i\u1ec7n n\u0103ng, ki\u1ec3m so\u00e1t n\u0103ng l\u01b0\u1ee3ng ch\u1ee7 \u0111\u1ed9ng gi\u00fap n\u1ea5u c\u00e1c m\u00f3n ngon h\u01a1n, \u0111\u1eb7c bi\u1ec7t ng\u0103n t\u00ecnh tr\u1ea1ng ng\u1eaft do qu\u00e1 t\u1ea3i v\u00e0 gia \u0111\u00ecnh ho\u00e0n to\u00e0n y\u00ean t\u00e2m s\u1eed d\u1ee5ng khi \u0111i\u1ec7n y\u1ebfu. B\u1ea1n c\u00f3 th\u1ec3 d\u00e0nh ch\u00fat th\u1eddi gian tham kh\u1ea3o nh\u1eefng review, \u0111\u00e1nh gi\u00e1 ch\u00e2n th\u1ef1c v\u1ec1 s\u1ea3n ph\u1ea9m n\u00e0y trong n\u1ed9i dung d\u01b0\u1edbi \u0111\u00e2y.<\/p>\n<h3 style=\"text-align: justify;\"><em>Thi\u1ebft k\u1ebf sang tr\u1ecdng, hi\u1ec7n \u0111\u1ea1i<\/em><\/h3>\n<p style=\"text-align: justify;\">B\u1ebfp t\u1eeb Batani EG-889 s\u1eed d\u1ee5ng m\u1eb7t k\u00ednh cao c\u1ea5p h\u00e0ng \u0111\u1ea7u, ch\u1ea5t li\u1ec7u Vitroceramic v\u1edbi kh\u1ea3 n\u0103ng ch\u1ecbu l\u1ef1c, ch\u1ecbu nhi\u1ec7t v\u00e0 ch\u1ed1ng x\u01b0\u1edbc t\u1ed1t. \u0110\u1eb7c bi\u1ec7t, v\u1edbi thi\u1ebft k\u1ebf k\u00ednh \u0111en to\u00e0n ph\u1ea7n s\u00e1ng b\u00f3ng c\u00e0ng mang \u0111\u1ebfn s\u1ef1 sang tr\u1ecdng, ho\u00e0n h\u1ea3o h\u01a1n cho c\u0103n b\u1ebfp c\u1ee7a b\u1ea1n. \u0110\u1eb7c bi\u1ec7t, v\u1edbi thi\u1ebft k\u1ebf bo vi\u1ec1n 4 c\u1ea1nh tinh t\u1ebf mang \u0111\u1ebfn s\u1ef1 sang tr\u1ecdng, ho\u00e0n h\u1ea3o h\u01a1n cho c\u0103n b\u1ebfp c\u1ee7a b\u1ea1n.<\/p>\n<p><img loading=\"lazy\" decoding=\"async\" class=\"wp-image-581 aligncenter\" src=\"https:\/\/batani.vn\/wp-content\/uploads\/2022\/12\/889-7-scaled.jpg\" alt=\"\" width=\"800\" height=\"590\" srcset=\"https:\/\/batani.vn\/wp-content\/uploads\/2022\/12\/889-7-scaled.jpg 2560w, https:\/\/batani.vn\/wp-content\/uploads\/2022\/12\/889-7-768x566.jpg 768w, https:\/\/batani.vn\/wp-content\/uploads\/2022\/12\/889-7-1536x1133.jpg 1536w, https:\/\/batani.vn\/wp-content\/uploads\/2022\/12\/889-7-2048x1510.jpg 2048w, https:\/\/batani.vn\/wp-content\/uploads\/2022\/12\/889-7-300x221.jpg 300w, https:\/\/batani.vn\/wp-content\/uploads\/2022\/12\/889-7-600x442.jpg 600w\" sizes=\"auto, (max-width: 800px) 100vw, 800px\" \/><\/p>\n<h3 style=\"text-align: justify;\"><em>Truy\u1ec1n nhi\u1ec7t nhanh, ti\u1ebft ki\u1ec7m \u0111i\u1ec7n<\/em><\/h3>\n<p style=\"text-align: justify;\">B\u1ebfp t\u1eeb Batani EG-889 s\u1edf h\u1eefu 2 v\u00f9ng n\u1ea5u r\u1ed9ng r\u00e3i v\u1edbi m\u00e2m t\u1eeb b\u1eb1ng \u0111\u1ed3ng nguy\u00ean ch\u1ea5t b\u1ec1n b\u1ec9, k\u1ebft c\u1ea5u d\u00e0y d\u1eb7n v\u1edbi 18 v\u00f2ng v\u00e0 200 s\u1ee3i. V\u1edbi k\u1ebft c\u1ea5u d\u00e0y d\u1eb7n nh\u01b0 v\u1eady gi\u00fap s\u1ea3n ph\u1ea9m truy\u1ec1n nhi\u1ec7t t\u1ed1t h\u01a1n. Ngo\u00e0i ra, b\u1ebfp c\u00f3 ch\u1ee9c n\u0103ng Booster gi\u00fap \u0111\u1ea9y c\u00f4ng su\u1ea5t l\u00ean \u0111\u1ebfn 2700W gi\u00fap b\u1ea1n n\u1ea5u n\u01b0\u1edbng nhanh v\u00e0 ti\u1ebft ki\u1ec7m th\u1eddi gian h\u01a1n.<\/p>\n<p style=\"text-align: justify;\">V\u00f9ng n\u1ea5u t\u1eeb tr\u00e1i c\u00f3 m\u1ee9c c\u00f4ng su\u1ea5t\u00a0<strong>2500W<\/strong>\u00a0khi k\u00edch ho\u1ea1t t\u00ednh n\u0103ng Booster c\u00f4ng su\u1ea5t l\u00ean t\u1edbi\u00a0<strong>2700W<\/strong>.\u00a0V\u00f9ng n\u1ea5u t\u1eeb ph\u1ea3i c\u00f3 m\u1ee9c c\u00f4ng su\u1ea5t\u00a0<strong>2500W<\/strong>\u00a0khi k\u00edch ho\u1ea1t t\u00ednh n\u0103ng Booster c\u00f4ng su\u1ea5t l\u00ean t\u1edbi\u00a0<strong>2700W<\/strong>. Ch\u1ee9c n\u0103ng Booster n\u1ea5u si\u00eau nhanh, tuy nhi\u00ean th\u1eddi gian m\u1eb7c \u0111\u1ecbnh n\u00ean d\u00f9ng ch\u1ee9c n\u0103ng n\u00e0y l\u00e0 10 ph\u00fat \/ l\u1ea7n \u0111\u1ec3 tr\u00e1nh hi\u1ec7n t\u01b0\u1ee3ng qu\u00e1 t\u1ea3i.<\/p>\n<p><img loading=\"lazy\" decoding=\"async\" class=\"wp-image-582 aligncenter\" src=\"https:\/\/batani.vn\/wp-content\/uploads\/2022\/12\/889-6.jpg\" alt=\"\" width=\"800\" height=\"450\" srcset=\"https:\/\/batani.vn\/wp-content\/uploads\/2022\/12\/889-6.jpg 1300w, https:\/\/batani.vn\/wp-content\/uploads\/2022\/12\/889-6-768x432.jpg 768w, https:\/\/batani.vn\/wp-content\/uploads\/2022\/12\/889-6-300x169.jpg 300w, https:\/\/batani.vn\/wp-content\/uploads\/2022\/12\/889-6-600x338.jpg 600w\" sizes=\"auto, (max-width: 800px) 100vw, 800px\" \/><\/p>\n<h3><em>C\u00f4ng ngh\u1ec7 inverter th\u00f4ng minh<\/em><\/h3>\n<p style=\"text-align: justify;\">Kh\u00e1c v\u1edbi c\u00e1c d\u00f2ng b\u1ebfp t\u1eeb th\u00f4ng th\u01b0\u1eddng \u0111\u00f3ng ng\u1eaft li\u00ean t\u1ee5c, c\u1ee9 \u0111un s\u00f4i l\u1ea1i t\u1eaft, b\u1ebfp t\u1eeb Batani EG-889B \u0111\u01b0\u1ee3c trang b\u1ecb c\u00f4ng ngh\u1ec7 inverter th\u00f4ng minh v\u01b0\u1ee3t tr\u1ed9i<\/p>\n<p style=\"text-align: justify;\">&#8211; B\u1ebfp c\u00f3 th\u1ec3 ki\u1ec3m so\u00e1t n\u0103ng l\u01b0\u1ee3ng ch\u1ee7 \u0111\u1ed9ng, gi\u00fap hi\u1ec7u su\u1ea5t n\u1ea5u \u0111\u1ea1t t\u1edbi 99%, trong khi d\u00f2ng b\u1ebfp kh\u00e1c ch\u1ec9 \u0111\u1ea1t kho\u1ea3ng 80%<\/p>\n<p>&#8211; B\u1ebfp c\u00f3 th\u1ec3 \u0111un li\u00ean t\u1ee5c \u1edf m\u1ecdi m\u1ee9c c\u00f4ng su\u1ea5t l\u1edbn hay nh\u1ecf, c\u00f3 th\u1ec3 \u0111un nh\u1ecf l\u0103n t\u0103n, liu diu li\u00ean t\u1ee5c nh\u01b0 b\u1ebfp ga (c\u00f4ng ngh\u1ec7 li\u00ean t\u1ee5c)<\/p>\n<p><img loading=\"lazy\" decoding=\"async\" class=\"wp-image-586 aligncenter\" src=\"https:\/\/batani.vn\/wp-content\/uploads\/2022\/12\/889-2.jpg\" alt=\"\" width=\"800\" height=\"471\" srcset=\"https:\/\/batani.vn\/wp-content\/uploads\/2022\/12\/889-2.jpg 2560w, https:\/\/batani.vn\/wp-content\/uploads\/2022\/12\/889-2-768x452.jpg 768w, https:\/\/batani.vn\/wp-content\/uploads\/2022\/12\/889-2-1536x905.jpg 1536w, https:\/\/batani.vn\/wp-content\/uploads\/2022\/12\/889-2-2048x1206.jpg 2048w, https:\/\/batani.vn\/wp-content\/uploads\/2022\/12\/889-2-300x177.jpg 300w, https:\/\/batani.vn\/wp-content\/uploads\/2022\/12\/889-2-600x353.jpg 600w\" sizes=\"auto, (max-width: 800px) 100vw, 800px\" \/><\/p>\n<p style=\"text-align: justify;\">B\u1edfi v\u1eady, s\u1eed d\u1ee5ng b\u1ebfp t\u1eeb Batani EG-889 kh\u00f4ng nh\u1eefng gi\u00fap b\u1ea1n ti\u1ebft ki\u1ec7m th\u1eddi gian n\u1ea5u m\u1ed9t n\u1eeda, \u0111\u00e1p \u1ee9ng m\u1ecdi y\u00eau c\u1ea7u n\u1ea5u c\u00e1c m\u00f3n kh\u00e1c nhau m\u00e0 c\u00f2n ti\u1ebft ki\u1ec7m \u0111i\u1ec7n n\u0103ng, ti\u1ebft ki\u1ec7m chi ph\u00ed h\u00e0ng th\u00e1ng cho gia \u0111\u00ecnh.<\/p>\n<h3 style=\"text-align: justify;\"><i>\u0110a t\u00ednh n\u0103ng th\u00f4ng minh, an to\u00e0n<\/i><\/h3>\n<p style=\"text-align: justify;\">B\u1ebfp t\u1eeb Batani EG-889 \u0111\u01b0\u1ee3c t\u00edch h\u1ee3p c\u00e1c t\u00ednh n\u0103ng hi\u1ec7n \u0111\u1ea1i th\u00f4ng minh, an to\u00e0n nh\u1eb1m \u0111\u1ebfn s\u1ef1 ti\u1ec7n l\u1ee3i khi s\u1eed d\u1ee5ng cho ng\u01b0\u1eddi d\u00f9ng.<\/p>\n<h4 style=\"text-align: justify;\"><strong>T\u00ednh n\u0103ng th\u00f4ng minh<\/strong><\/h4>\n<p style=\"text-align: justify;\">B\u1ebfp t\u1eeb Batani EG-889 \u0111\u01b0\u1ee3c t\u00edch h\u1ee3p ch\u1ee9c n\u0103ng t\u1ef1 nh\u1eadn di\u1ec7n v\u00f9ng n\u1ea5u, khi ta \u0111\u1eb7t n\u1ed3i l\u00ean 1 trong 2 v\u00f9ng n\u1ea5u sau \u0111\u00f3 \u1ea5n n\u00fat kh\u1edfi \u0111\u1ed9ng b\u1ebfp sau th\u1eddi gian 1-2 gi\u00e2y b\u1ebfp s\u1ebd t\u1ef1 \u0111\u1ed9ng t\u00ecm v\u00f9ng n\u1ea5u \u0111\u00e3 c\u00f3 n\u1ed3i, ta ch\u1ec9 vi\u1ec7c \u0111i\u1ec1u ch\u1ec9nh m\u1ee9c c\u00f4ng su\u1ea5t to nh\u1ecf theo \u00fd mu\u1ed1n m\u00e0 kh\u00f4ng ph\u1ea3i thao t\u00e1c ch\u1ecdn v\u00f9ng n\u1ea5u nh\u01b0 b\u1ebfp th\u00f4ng th\u01b0\u1eddng. B\u1ebfp t\u1eeb Batani EG-889 c\u00f3 kh\u1ea3 n\u0103ng ph\u1ea3n \u1ee9ng thay \u0111\u1ed5i c\u00f4ng su\u1ea5t theo \u0111i\u1ec1u khi\u1ec3n ngay t\u1ee9c th\u00ec, khi ng\u01b0\u1eddi d\u00f9ng \u0111i\u1ec1u ch\u1ec9nh t\u0103ng gi\u1ea3m nhi\u1ec7t \u0111\u1ed9 \u0111un n\u1ea5u, b\u1ebfp \u0111i\u1ec1u ch\u1ec9nh thay \u0111\u1ed5i t\u1ee9c th\u00ec v\u1ec1 m\u1ee9c nhi\u1ec7t \u0111\u1ed9 mong mu\u1ed1n.<\/p>\n<p><img loading=\"lazy\" decoding=\"async\" class=\"size-full wp-image-583 aligncenter\" src=\"https:\/\/batani.vn\/wp-content\/uploads\/2022\/12\/889-5.jpg\" alt=\"\" width=\"800\" height=\"800\" srcset=\"https:\/\/batani.vn\/wp-content\/uploads\/2022\/12\/889-5.jpg 800w, https:\/\/batani.vn\/wp-content\/uploads\/2022\/12\/889-5-768x768.jpg 768w, https:\/\/batani.vn\/wp-content\/uploads\/2022\/12\/889-5-300x300.jpg 300w, https:\/\/batani.vn\/wp-content\/uploads\/2022\/12\/889-5-600x600.jpg 600w, https:\/\/batani.vn\/wp-content\/uploads\/2022\/12\/889-5-100x100.jpg 100w\" sizes=\"auto, (max-width: 800px) 100vw, 800px\" \/><\/p>\n<p style=\"text-align: justify;\">B\u1ebfp t\u1eeb Batani EG-889 s\u1eed d\u1ee5ng b\u1ea3ng \u0111i\u1ec1u khi\u1ec3n c\u1ea3m \u1ee9ng d\u1ea1ng <strong>Touch Control<\/strong>\u00a0hi\u1ec7n \u0111\u1ea1i v\u1edbi 9 c\u1ea5p \u0111\u1ed9 c\u00f4ng su\u1ea5t nhi\u1ec7t \u0111\u1ed9 kh\u00e1c nhau, \u0111i\u1ec1u khi\u1ec3n d\u1ec5 d\u00e0ng b\u1eb1ng m\u1ed9t ng\u00f3n tay, m\u1ecdi ch\u01b0\u01a1ng tr\u00ecnh n\u1ea5u \u0111\u1ec1u \u0111\u01b0\u1ee3c hi\u1ec3n th\u1ecb qua \u0111\u00e8n Led s\u1eafc n\u00e9t \u0111\u1ec3 b\u1ea1n \u0111i\u1ec1u ch\u1ec9nh cho ph\u00f9 h\u1ee3p v\u1edbi c\u00e1c m\u00f3n \u0103n.<\/p>\n<h4><strong>T\u00ednh n\u0103ng an to\u00e0n<\/strong><\/h4>\n<p style=\"text-align: justify;\">B\u1ebfp t\u1eeb Batani EG-889 \u0111\u01b0\u1ee3c t\u00edch h\u1ee3p c\u00e1c t\u00ednh n\u0103ng an to\u00e0n nh\u1eb1m mang \u0111\u1ebfn s\u1ef1 ti\u1ec7n l\u1ee3i khi s\u1eed d\u1ee5ng cho ng\u01b0\u1eddi ti\u00eau d\u00f9ng. B\u00ean c\u1ea1nh vi\u1ec7c s\u1edf h\u1eefu c\u00e1c t\u00ednh n\u0103ng nh\u01b0 h\u1eb9n gi\u1edd t\u1edbi 99 ph\u00fat, kh\u00f3a tr\u1ebb em an to\u00e0n, b\u1ebfp Batani EG-889 c\u00f2n c\u00f3: Ch\u1ebf \u0111\u1ed9 b\u1ea3o v\u1ec7 qu\u00e1 nhi\u1ec7t, ch\u1ebf \u0111\u1ed9 t\u1ea1m d\u1eebng n\u1ea5u. Ngo\u00e0i ra, Batani EG-889 c\u00f2n c\u00f3 b\u1ed9 l\u1ecdc kh\u1eed nhi\u1ec5u t\u1eeb EMC gi\u00fap b\u1ea3o v\u1ec7 c\u00e1c linh ki\u1ec7n trong m\u00e1y v\u00e0 k\u00e9o d\u00e0i tu\u1ed5i th\u1ecd s\u1ea3n ph\u1ea9m.<\/p>\n<p><img loading=\"lazy\" decoding=\"async\" class=\"wp-image-587 aligncenter\" src=\"https:\/\/batani.vn\/wp-content\/uploads\/2022\/12\/889-1.jpg\" alt=\"\" width=\"800\" height=\"471\" srcset=\"https:\/\/batani.vn\/wp-content\/uploads\/2022\/12\/889-1.jpg 2560w, https:\/\/batani.vn\/wp-content\/uploads\/2022\/12\/889-1-768x452.jpg 768w, https:\/\/batani.vn\/wp-content\/uploads\/2022\/12\/889-1-1536x905.jpg 1536w, https:\/\/batani.vn\/wp-content\/uploads\/2022\/12\/889-1-2048x1206.jpg 2048w, https:\/\/batani.vn\/wp-content\/uploads\/2022\/12\/889-1-300x177.jpg 300w, https:\/\/batani.vn\/wp-content\/uploads\/2022\/12\/889-1-600x353.jpg 600w\" sizes=\"auto, (max-width: 800px) 100vw, 800px\" \/><\/p>\n<p style=\"text-align: justify;\">Ph\u1ea7n th\u00e2n v\u1ecf c\u1ee7a b\u1ebfp t\u1eeb Batani EG-889 s\u1eed d\u1ee5ng ch\u1ea5t li\u1ec7u th\u00e9p ch\u1ed1ng r\u1ec9. \u0110\u00e2y l\u00e0 ch\u1ea5t li\u1ec7u c\u00f3 kh\u1ea3 n\u0103ng ch\u1ed1ng l\u1ea1i qu\u00e1 tr\u00ecnh oxi h\u00f3a v\u00e0 r\u00f2 r\u1ec9 \u0111i\u1ec7n n\u00ean r\u1ea5t an to\u00e0n cho ng\u01b0\u1eddi s\u1eed d\u1ee5ng v\u00e0 th\u00edch h\u1ee3p v\u1edbi kh\u00ed h\u1eadu nhi\u1ec7t \u0111\u1edbi gi\u00f3 m\u00f9a t\u1ea1i Vi\u1ec7t Nam.<\/p>\n","protected":false},"excerpt":{"rendered":"<p class=\"pd-info__title mb-1\" style=\"text-align: justify;\">B\u1ebfp t\u1eeb Batani EG-889: Nh\u1eadp kh\u1ea9u nguy\u00ean chi\u1ebfc Malaysia<\/p>\n<p style=\"text-align: justify;\">Linh ki\u1ec7n v\u00e0 c\u00f4ng ngh\u1ec7 Germany. Thi\u1ebft k\u1ebf sang tr\u1ecdng, h\u1ec7 \u0111i\u1ec1u khi\u1ec3n c\u1ea3m \u1ee9ng si\u00eau nh\u1ea1y, an to\u00e0n, b\u1ec1n b\u1ec9 v\u00e0 ti\u1ebft ki\u1ec7m \u0111i\u1ec7n n\u0103ng.<\/p>\n<p style=\"text-align: justify;\">B\u1ea3o h\u00e0nh: 2 n\u0103m<\/p>\n<p style=\"text-align: justify;\">H\u00e3y g\u1ecdi cho ch\u00fang t\u00f4i \u0111\u1ec3 \u0111\u01b0\u1ee3c t\u01b0 v\u1ea5n mua h\u00e0ng ho\u1eb7c l\u00e0m \u0111\u1ea1i l\u00fd c\u1ee7a h\u00e3ng<\/p>\n<p style=\"text-align: justify;\"><strong>Hotline: 0339.80.1080 \u2013 0325.80.1080<\/strong><\/p>\n<p style=\"text-align: justify;\"><img loading=\"lazy\" decoding=\"async\" class=\" wp-image-96 alignleft\" src=\"https:\/\/batani.vn\/wp-content\/uploads\/2022\/05\/z3393878020210_ad12378d36ecff590de47e264835bb9d.jpg\" alt=\"\" width=\"600\" height=\"315\" srcset=\"https:\/\/batani.vn\/wp-content\/uploads\/2022\/05\/z3393878020210_ad12378d36ecff590de47e264835bb9d.jpg 600w, https:\/\/batani.vn\/wp-content\/uploads\/2022\/05\/z3393878020210_ad12378d36ecff590de47e264835bb9d-300x158.jpg 300w\" sizes=\"auto, (max-width: 600px) 100vw, 600px\" \/><\/p>\n","protected":false},"featured_media":539,"comment_status":"open","ping_status":"closed","template":"","meta":[],"product_cat":[21],"product_tag":[],"class_list":{"0":"post-232","1":"product","2":"type-product","3":"status-publish","4":"has-post-thumbnail","6":"product_cat-bep-tu","8":"first","9":"instock","10":"shipping-taxable","11":"purchasable","12":"product-type-simple"},"yoast_head":"<!-- This site is optimized with the Yoast SEO plugin v18.8 - https:\/\/yoast.com\/wordpress\/plugins\/seo\/ -->\n<title>B\u1ebfp t\u1eeb Batani EG-889 - Batani<\/title>\n<meta name=\"robots\" content=\"index, follow, max-snippet:-1, max-image-preview:large, max-video-preview:-1\" \/>\n<link rel=\"canonical\" href=\"https:\/\/batani.vn\/?product=bep-tu-batani-eg-889\" \/>\n<meta property=\"og:locale\" content=\"vi_VN\" \/>\n<meta property=\"og:type\" content=\"article\" \/>\n<meta property=\"og:title\" content=\"B\u1ebfp t\u1eeb Batani EG-889 - Batani\" \/>\n<meta property=\"og:description\" content=\"B\u1ebfp t\u1eeb Batani EG-889: Nh\u1eadp kh\u1ea9u nguy\u00ean chi\u1ebfc Malaysia Linh ki\u1ec7n v\u00e0 c\u00f4ng ngh\u1ec7 Germany. Thi\u1ebft k\u1ebf sang tr\u1ecdng, h\u1ec7 \u0111i\u1ec1u khi\u1ec3n c\u1ea3m \u1ee9ng si\u00eau nh\u1ea1y, an to\u00e0n, b\u1ec1n b\u1ec9 v\u00e0 ti\u1ebft ki\u1ec7m \u0111i\u1ec7n n\u0103ng. B\u1ea3o h\u00e0nh: 2 n\u0103m H\u00e3y g\u1ecdi cho ch\u00fang t\u00f4i \u0111\u1ec3 \u0111\u01b0\u1ee3c t\u01b0 v\u1ea5n mua h\u00e0ng ho\u1eb7c l\u00e0m \u0111\u1ea1i l\u00fd c\u1ee7a h\u00e3ng Hotline: 0339.80.1080 \u2013 0325.80.1080\" \/>\n<meta property=\"og:url\" content=\"https:\/\/batani.vn\/?product=bep-tu-batani-eg-889\" \/>\n<meta property=\"og:site_name\" content=\"Batani\" \/>\n<meta property=\"article:modified_time\" content=\"2026-04-14T15:22:07+00:00\" \/>\n<meta property=\"og:image\" content=\"https:\/\/batani.vn\/wp-content\/uploads\/2022\/05\/bep-tu-batani-eg-889-scaled.jpg\" \/>\n\t<meta property=\"og:image:width\" content=\"2560\" \/>\n\t<meta property=\"og:image:height\" content=\"1508\" \/>\n\t<meta property=\"og:image:type\" content=\"image\/jpeg\" \/>\n<meta name=\"twitter:card\" content=\"summary_large_image\" \/>\n<meta name=\"twitter:label1\" content=\"\u01af\u1edbc t\u00ednh th\u1eddi gian \u0111\u1ecdc\" \/>\n\t<meta name=\"twitter:data1\" content=\"7 ph\u00fat\" \/>\n<script type=\"application\/ld+json\" class=\"yoast-schema-graph\">{\"@context\":\"https:\/\/schema.org\",\"@graph\":[{\"@type\":\"WebSite\",\"@id\":\"https:\/\/batani.vn\/#website\",\"url\":\"https:\/\/batani.vn\/\",\"name\":\"Batani\",\"description\":\"Thi\u1ebft b\u1ecb nh\u00e0 b\u1ebfp cao c\u1ea5p Batani\",\"potentialAction\":[{\"@type\":\"SearchAction\",\"target\":{\"@type\":\"EntryPoint\",\"urlTemplate\":\"https:\/\/batani.vn\/?s={search_term_string}\"},\"query-input\":\"required name=search_term_string\"}],\"inLanguage\":\"vi\"},{\"@type\":\"ImageObject\",\"inLanguage\":\"vi\",\"@id\":\"https:\/\/batani.vn\/?product=bep-tu-batani-eg-889#primaryimage\",\"url\":\"https:\/\/batani.vn\/wp-content\/uploads\/2022\/05\/bep-tu-batani-eg-889-scaled.jpg\",\"contentUrl\":\"https:\/\/batani.vn\/wp-content\/uploads\/2022\/05\/bep-tu-batani-eg-889-scaled.jpg\",\"width\":2560,\"height\":1508},{\"@type\":\"WebPage\",\"@id\":\"https:\/\/batani.vn\/?product=bep-tu-batani-eg-889#webpage\",\"url\":\"https:\/\/batani.vn\/?product=bep-tu-batani-eg-889\",\"name\":\"B\u1ebfp t\u1eeb Batani EG-889 - Batani\",\"isPartOf\":{\"@id\":\"https:\/\/batani.vn\/#website\"},\"primaryImageOfPage\":{\"@id\":\"https:\/\/batani.vn\/?product=bep-tu-batani-eg-889#primaryimage\"},\"datePublished\":\"2022-05-16T06:21:21+00:00\",\"dateModified\":\"2026-04-14T15:22:07+00:00\",\"breadcrumb\":{\"@id\":\"https:\/\/batani.vn\/?product=bep-tu-batani-eg-889#breadcrumb\"},\"inLanguage\":\"vi\",\"potentialAction\":[{\"@type\":\"ReadAction\",\"target\":[\"https:\/\/batani.vn\/?product=bep-tu-batani-eg-889\"]}]},{\"@type\":\"BreadcrumbList\",\"@id\":\"https:\/\/batani.vn\/?product=bep-tu-batani-eg-889#breadcrumb\",\"itemListElement\":[{\"@type\":\"ListItem\",\"position\":1,\"name\":\"Trang ch\u1ee7\",\"item\":\"https:\/\/batani.vn\/\"},{\"@type\":\"ListItem\",\"position\":2,\"name\":\"C\u1eeda h\u00e0ng\",\"item\":\"https:\/\/batani.vn\/?page_id=6\"},{\"@type\":\"ListItem\",\"position\":3,\"name\":\"B\u1ebfp t\u1eeb Batani EG-889\"}]}]}<\/script>\n<!-- \/ Yoast SEO plugin. -->","yoast_head_json":{"title":"B\u1ebfp t\u1eeb Batani EG-889 - Batani","robots":{"index":"index","follow":"follow","max-snippet":"max-snippet:-1","max-image-preview":"max-image-preview:large","max-video-preview":"max-video-preview:-1"},"canonical":"https:\/\/batani.vn\/?product=bep-tu-batani-eg-889","og_locale":"vi_VN","og_type":"article","og_title":"B\u1ebfp t\u1eeb Batani EG-889 - Batani","og_description":"B\u1ebfp t\u1eeb Batani EG-889: Nh\u1eadp kh\u1ea9u nguy\u00ean chi\u1ebfc Malaysia Linh ki\u1ec7n v\u00e0 c\u00f4ng ngh\u1ec7 Germany. Thi\u1ebft k\u1ebf sang tr\u1ecdng, h\u1ec7 \u0111i\u1ec1u khi\u1ec3n c\u1ea3m \u1ee9ng si\u00eau nh\u1ea1y, an to\u00e0n, b\u1ec1n b\u1ec9 v\u00e0 ti\u1ebft ki\u1ec7m \u0111i\u1ec7n n\u0103ng. B\u1ea3o h\u00e0nh: 2 n\u0103m H\u00e3y g\u1ecdi cho ch\u00fang t\u00f4i \u0111\u1ec3 \u0111\u01b0\u1ee3c t\u01b0 v\u1ea5n mua h\u00e0ng ho\u1eb7c l\u00e0m \u0111\u1ea1i l\u00fd c\u1ee7a h\u00e3ng Hotline: 0339.80.1080 \u2013 0325.80.1080","og_url":"https:\/\/batani.vn\/?product=bep-tu-batani-eg-889","og_site_name":"Batani","article_modified_time":"2026-04-14T15:22:07+00:00","og_image":[{"width":2560,"height":1508,"url":"https:\/\/batani.vn\/wp-content\/uploads\/2022\/05\/bep-tu-batani-eg-889-scaled.jpg","type":"image\/jpeg"}],"twitter_card":"summary_large_image","twitter_misc":{"\u01af\u1edbc t\u00ednh th\u1eddi gian \u0111\u1ecdc":"7 ph\u00fat"},"schema":{"@context":"https:\/\/schema.org","@graph":[{"@type":"WebSite","@id":"https:\/\/batani.vn\/#website","url":"https:\/\/batani.vn\/","name":"Batani","description":"Thi\u1ebft b\u1ecb nh\u00e0 b\u1ebfp cao c\u1ea5p Batani","potentialAction":[{"@type":"SearchAction","target":{"@type":"EntryPoint","urlTemplate":"https:\/\/batani.vn\/?s={search_term_string}"},"query-input":"required name=search_term_string"}],"inLanguage":"vi"},{"@type":"ImageObject","inLanguage":"vi","@id":"https:\/\/batani.vn\/?product=bep-tu-batani-eg-889#primaryimage","url":"https:\/\/batani.vn\/wp-content\/uploads\/2022\/05\/bep-tu-batani-eg-889-scaled.jpg","contentUrl":"https:\/\/batani.vn\/wp-content\/uploads\/2022\/05\/bep-tu-batani-eg-889-scaled.jpg","width":2560,"height":1508},{"@type":"WebPage","@id":"https:\/\/batani.vn\/?product=bep-tu-batani-eg-889#webpage","url":"https:\/\/batani.vn\/?product=bep-tu-batani-eg-889","name":"B\u1ebfp t\u1eeb Batani EG-889 - Batani","isPartOf":{"@id":"https:\/\/batani.vn\/#website"},"primaryImageOfPage":{"@id":"https:\/\/batani.vn\/?product=bep-tu-batani-eg-889#primaryimage"},"datePublished":"2022-05-16T06:21:21+00:00","dateModified":"2026-04-14T15:22:07+00:00","breadcrumb":{"@id":"https:\/\/batani.vn\/?product=bep-tu-batani-eg-889#breadcrumb"},"inLanguage":"vi","potentialAction":[{"@type":"ReadAction","target":["https:\/\/batani.vn\/?product=bep-tu-batani-eg-889"]}]},{"@type":"BreadcrumbList","@id":"https:\/\/batani.vn\/?product=bep-tu-batani-eg-889#breadcrumb","itemListElement":[{"@type":"ListItem","position":1,"name":"Trang ch\u1ee7","item":"https:\/\/batani.vn\/"},{"@type":"ListItem","position":2,"name":"C\u1eeda h\u00e0ng","item":"https:\/\/batani.vn\/?page_id=6"},{"@type":"ListItem","position":3,"name":"B\u1ebfp t\u1eeb Batani EG-889"}]}]}},"_links":{"self":[{"href":"https:\/\/batani.vn\/index.php?rest_route=\/wp\/v2\/product\/232","targetHints":{"allow":["GET"]}}],"collection":[{"href":"https:\/\/batani.vn\/index.php?rest_route=\/wp\/v2\/product"}],"about":[{"href":"https:\/\/batani.vn\/index.php?rest_route=\/wp\/v2\/types\/product"}],"replies":[{"embeddable":true,"href":"https:\/\/batani.vn\/index.php?rest_route=%2Fwp%2Fv2%2Fcomments&post=232"}],"wp:featuredmedia":[{"embeddable":true,"href":"https:\/\/batani.vn\/index.php?rest_route=\/wp\/v2\/media\/539"}],"wp:attachment":[{"href":"https:\/\/batani.vn\/index.php?rest_route=%2Fwp%2Fv2%2Fmedia&parent=232"}],"wp:term":[{"taxonomy":"product_cat","embeddable":true,"href":"https:\/\/batani.vn\/index.php?rest_route=%2Fwp%2Fv2%2Fproduct_cat&post=232"},{"taxonomy":"product_tag","embeddable":true,"href":"https:\/\/batani.vn\/index.php?rest_route=%2Fwp%2Fv2%2Fproduct_tag&post=232"}],"curies":[{"name":"wp","href":"https:\/\/api.w.org\/{rel}","templated":true}]}}