{"id":231,"date":"2022-05-16T06:20:55","date_gmt":"2022-05-16T06:20:55","guid":{"rendered":"https:\/\/batani.vn\/?post_type=product&#038;p=231"},"modified":"2022-11-21T07:09:11","modified_gmt":"2022-11-21T07:09:11","slug":"bep-tu-batani-eg-189b","status":"publish","type":"product","link":"https:\/\/batani.vn\/?product=bep-tu-batani-eg-189b","title":{"rendered":"B\u1ebfp t\u1eeb Batani EG-189B"},"content":{"rendered":"<div class=\"acf-label\">\n<div class=\"acf-label\">\n<h2 style=\"font-weight: 500; text-align: center;\"><strong><span style=\"color: #ff0000;\">TH\u00d4NG TIN C\u01a0 B\u1ea2N B\u1ebeP T\u1eea BATANI EG-189B<\/span><\/strong><\/h2>\n<p style=\"text-align: justify;\">B\u1ebfp t\u1eeb Batani EG-189B | B\u1ebfp nh\u1eadp kh\u1ea9u Malaysia<\/p>\n<p style=\"text-align: justify;\"><b><strong>T\u00cdNH N\u0102NG S\u1ea2N PH\u1ea8M<\/strong><\/b><\/p>\n<ul style=\"text-align: justify;\">\n<li>B\u1ebfp t\u1eeb 2 v\u00f9ng n\u1ea5u, bo vi\u1ec1n k\u00ednh.<\/li>\n<li>Bo vi\u1ec1n k\u00ednh b\u1eb1ng kim lo\u1ea1i sang tr\u1ecdng, b\u1ea3o v\u1ec7 ch\u1ed1ng s\u1ee9t k\u00ednh.<\/li>\n<li>K\u00ednh ch\u1ecbu l\u1ef1c, ch\u1ecbu nhi\u1ec7t, c\u1ea3m \u1ee9ng<\/li>\n<li>T\u00ednh n\u0103ng h\u00e2m n\u00f3ng Warming \u1edf nhi\u1ec1u nhi\u1ec7t \u0111\u1ed9: 50\u00b0C, 60\u00b0C, 70\u00b0C<\/li>\n<li>C\u00f4ng ngh\u1ec7 inverter th\u00f4ng minh<\/li>\n<\/ul>\n<p style=\"text-align: justify;\"><b><strong>T\u00cdNH N\u0102NG AN TO\u00c0N<\/strong><\/b><\/p>\n<ul style=\"text-align: justify;\">\n<li>T\u1ef1 \u0111\u1ed9ng t\u1eaft b\u1ebfp khi kh\u00f4ng nh\u1eadn di\u1ec7n \u0111\u01b0\u1ee3c \u0111\u00e1y n\u1ed3i<\/li>\n<li>C\u1ea3nh b\u00e1o nhi\u1ec7t d\u01b0 v\u00f9ng n\u1ea5u hi\u1ec3n th\u1ecb ch\u1eef &#8220;H&#8221;<\/li>\n<li>H\u1ec7 th\u1ed1ng b\u1ea3o v\u1ec7 an to\u00e0n qu\u00e1 nhi\u1ec7t qu\u00e1 \u00e1p<\/li>\n<li>H\u1eb9n gi\u1edd n\u1ea5u &#8211; Ph\u00edm kh\u00f3a tr\u1ebb em &#8211; Ti\u1ebft ki\u1ec7m 30% \u0111i\u1ec7n n\u0103ng<\/li>\n<\/ul>\n<p style=\"text-align: justify;\"><b><strong>TH\u00d4NG S\u1ed0 K\u1ef8 THU\u1eacT<\/strong><\/b><\/p>\n<ul style=\"text-align: justify;\">\n<li>\u0110i\u1ec7n \u00e1p: 220 &#8211; 240V, 50\/60Hz<\/li>\n<li>C\u00f4ng su\u1ea5t: 2200W + 2200W<\/li>\n<li>K\u00edch th\u01b0\u1edbc m\u1eb7t k\u00ednh: 730 x 430mm<\/li>\n<li>K\u00edch th\u01b0\u1edbc kho\u00e9t \u0111\u00e1: 680 x 400mm<\/li>\n<\/ul>\n<h2 style=\"text-align: justify;\">K\u00cdCH TH\u01af\u1edaC L\u1eaeP \u0110\u1eb6T S\u1ea2N PH\u1ea8M<\/h2>\n<p><img loading=\"lazy\" decoding=\"async\" class=\"alignnone size-full wp-image-554\" src=\"https:\/\/batani.vn\/wp-content\/uploads\/2022\/05\/kich-thuoc-bep-tu-batani-eg-189b.jpg\" alt=\"\" width=\"835\" height=\"512\" srcset=\"https:\/\/batani.vn\/wp-content\/uploads\/2022\/05\/kich-thuoc-bep-tu-batani-eg-189b.jpg 835w, https:\/\/batani.vn\/wp-content\/uploads\/2022\/05\/kich-thuoc-bep-tu-batani-eg-189b-768x471.jpg 768w, https:\/\/batani.vn\/wp-content\/uploads\/2022\/05\/kich-thuoc-bep-tu-batani-eg-189b-300x184.jpg 300w, https:\/\/batani.vn\/wp-content\/uploads\/2022\/05\/kich-thuoc-bep-tu-batani-eg-189b-600x368.jpg 600w\" sizes=\"auto, (max-width: 835px) 100vw, 835px\" \/><\/p>\n<\/div>\n<h2 class=\"acf-label\" style=\"text-align: center;\"><strong><span style=\"font-size: 23.04px; color: #ff0000;\">\u0110\u00e1nh gi\u00e1 t\u1ed5ng quan b\u1ebfp t\u1eeb Batani EG-189B<\/span><\/strong><\/h2>\n<p dir=\"ltr\" style=\"text-align: justify;\">Batani EG-189B d\u00f2ng b\u1ebfp t\u1eeb nh\u1eadp kh\u1ea9u\u00a0cao c\u1ea5p \u0111\u01b0\u1ee3c thi\u1ebft k\u1ebf hi\u1ec7n \u0111\u1ea1i 02 l\u00f2 t\u1eeb, m\u1eb7t k\u00ednh m\u1eb7t k\u00ednh\u00a0<strong>Ceramic<\/strong> \u0111\u01b0\u1ee3c l\u00e0m t\u1eeb ch\u1ea5t li\u1ec7u g\u1ed1m th\u1ee7y tinh c\u00f3 kh\u1ea3 n\u0103ng ch\u1ecbu l\u1ef1c va \u0111\u1eadp v\u00e0 s\u1ed1c nhi\u1ec7t t\u1edbi 1000 \u0111\u1ed9 C, ch\u1ed1ng x\u01b0\u1edbc t\u1ed1t n\u00ean tu\u1ed5i th\u1ecd cao.<\/p>\n<p dir=\"ltr\" style=\"text-align: justify;\">M\u1eb7t b\u1ebfp t\u1ea3n nhi\u1ec7t nhanh v\u00e0 \u0111\u01b0\u1ee3c c\u00e1ch \u0111i\u1ec7n an to\u00e0n v\u1edbi c\u00e1c linh ki\u1ec7n \u0111i\u1ec7n t\u1eed b\u00ean trong th\u00e2n. B\u1ea1n c\u00f3 th\u1ec3 y\u00ean t\u00e2m s\u1eed d\u1ee5ng m\u00e0 kh\u00f4ng lo b\u1ecb b\u1ecfng hay \u0111i\u1ec7n gi\u1eadt. M\u1eb7t k\u00ednh m\u00e0i v\u00e1t 4 c\u1ea1nh sang tr\u1ecdng, ch\u1ecbu l\u1ef1c, ch\u1ecbu nhi\u1ec7t cao, b\u1ec1n \u0111\u1eb9p theo th\u1eddi gian.<\/p>\n<p dir=\"ltr\" style=\"text-align: justify;\"><img loading=\"lazy\" decoding=\"async\" class=\"alignnone size-full wp-image-305\" src=\"https:\/\/batani.vn\/wp-content\/uploads\/2022\/05\/batani-eg-189b.jpg\" alt=\"\" width=\"1043\" height=\"607\" srcset=\"https:\/\/batani.vn\/wp-content\/uploads\/2022\/05\/batani-eg-189b.jpg 1043w, https:\/\/batani.vn\/wp-content\/uploads\/2022\/05\/batani-eg-189b-768x447.jpg 768w, https:\/\/batani.vn\/wp-content\/uploads\/2022\/05\/batani-eg-189b-300x175.jpg 300w, https:\/\/batani.vn\/wp-content\/uploads\/2022\/05\/batani-eg-189b-600x349.jpg 600w\" sizes=\"auto, (max-width: 1043px) 100vw, 1043px\" \/>V\u1edbi thi\u1ebft k\u1ebf tinh t\u1ebf, ki\u1ec3u d\u00e1ng sang tr\u1ecdng, d\u1ec5 d\u00e0ng l\u1eafp \u0111\u1eb7t v\u00e0 th\u00edch h\u1ee3p v\u1edbi m\u1ecdi kh\u00f4ng gian b\u1ebfp. B\u1ebfp t\u1eeb Batani EG-189B kh\u00f4ng ch\u1ec9 mang l\u1ea1i v\u1ebb \u0111\u1eb9p sang tr\u1ecdng, hi\u1ec7n \u0111\u1ea1i cho kh\u00f4ng gian b\u1ebfp m\u00e0 c\u00f2n \u0111em l\u1ea1i cho ch\u1ecb em n\u1ed9i tr\u1ee3 c\u1ea3m h\u1ee9ng s\u00e1ng t\u1ea1o nh\u1eefng m\u00f3n ngon cho gia \u0111\u00ecnh.<\/p>\n<p dir=\"ltr\" style=\"text-align: justify;\">Ngo\u00e0i ra, Batani EG-189B c\u00f2n s\u1edf h\u1eefu nhi\u1ec1u t\u00ednh n\u0103ng th\u00f4ng minh n\u1ed5i b\u1eadt nh\u01b0 ch\u1ebf \u0111\u1ed9 h\u1eb9n gi\u1edd n\u1ea5u gi\u00fap ng\u01b0\u1eddi n\u1ed9i tr\u1ee3 n\u1ea5u n\u01b0\u1edbng ti\u1ec7n d\u1ee5ng, ti\u1ebft ki\u1ec7m. Ch\u1ebf \u0111\u1ed9 an to\u00e0n: c\u1ea3nh b\u00e1o d\u01b0 nhi\u1ec7t, ch\u1ed1ng tr\u00e0n, t\u1ef1 \u0111\u1ed9ng ng\u1eaft b\u1ebfp khi kh\u00f4ng c\u00f3 n\u1ed3i, ph\u00edm kh\u00f3a tr\u1ebb em. B\u1ebfp t\u00edch h\u1ee3p c\u00f4ng ngh\u1ec7 inverter ti\u1ebft ki\u1ec7m \u0111\u1ebfn 30% \u0111i\u1ec7n n\u0103ng.<\/p>\n<p dir=\"ltr\"><img loading=\"lazy\" decoding=\"async\" class=\"alignnone size-full wp-image-562\" src=\"https:\/\/batani.vn\/wp-content\/uploads\/2022\/05\/bep-tu-batani-eg-189b-1.jpg\" alt=\"\" width=\"1300\" height=\"732\" srcset=\"https:\/\/batani.vn\/wp-content\/uploads\/2022\/05\/bep-tu-batani-eg-189b-1.jpg 1300w, https:\/\/batani.vn\/wp-content\/uploads\/2022\/05\/bep-tu-batani-eg-189b-1-768x432.jpg 768w, https:\/\/batani.vn\/wp-content\/uploads\/2022\/05\/bep-tu-batani-eg-189b-1-300x169.jpg 300w, https:\/\/batani.vn\/wp-content\/uploads\/2022\/05\/bep-tu-batani-eg-189b-1-600x338.jpg 600w\" sizes=\"auto, (max-width: 1300px) 100vw, 1300px\" \/><strong style=\"text-align: justify;\">Ph\u1ed1i c\u1ea3nh &#8211;\u00a0B\u1ebfp t\u1eeb Batani EG-189B<\/strong><\/p>\n<\/div>\n<p style=\"text-align: justify;\">B\u1ebfp t\u1eeb\u00a0Batani\u00a0EG-189B\u00a0g\u1ed3m 2 v\u00f9ng n\u1ea5u v\u1edbi t\u1ed5ng c\u00f4ng su\u1ea5t\u00a0<strong>5400W.<\/strong>\u00a0V\u00f9ng n\u1ea5u t\u1eeb tr\u00e1i c\u00f3 m\u1ee9c c\u00f4ng su\u1ea5t\u00a0<strong>2500W<\/strong>\u00a0khi k\u00edch ho\u1ea1t t\u00ednh n\u0103ng Booster c\u00f4ng su\u1ea5t l\u00ean t\u1edbi\u00a0<strong>2700W<\/strong>.\u00a0V\u00f9ng n\u1ea5u t\u1eeb ph\u1ea3i c\u00f3 m\u1ee9c c\u00f4ng su\u1ea5t\u00a0<strong>2500W<\/strong>\u00a0khi k\u00edch ho\u1ea1t t\u00ednh n\u0103ng Booster c\u00f4ng su\u1ea5t l\u00ean t\u1edbi\u00a0<strong>2700W<\/strong>.\u00a0Ch\u1ee9c n\u0103ng Booster n\u1ea5u si\u00eau nhanh, tuy nhi\u00ean th\u1eddi gian t\u1ed1i \u0111a m\u1eb7c \u0111\u1ecbnh d\u00f9ng ch\u1ee9c n\u0103ng n\u00e0y l\u00e0 10 ph\u00fat \/ l\u1ea7n tr\u00e1nh qu\u00e1 t\u1ea3i.<\/p>\n<p><img loading=\"lazy\" decoding=\"async\" class=\"alignnone size-full wp-image-563\" src=\"https:\/\/batani.vn\/wp-content\/uploads\/2022\/05\/bep-tu-batani-eg-189b-ben-bi.jpg\" alt=\"\" width=\"1043\" height=\"607\" srcset=\"https:\/\/batani.vn\/wp-content\/uploads\/2022\/05\/bep-tu-batani-eg-189b-ben-bi.jpg 1043w, https:\/\/batani.vn\/wp-content\/uploads\/2022\/05\/bep-tu-batani-eg-189b-ben-bi-768x447.jpg 768w, https:\/\/batani.vn\/wp-content\/uploads\/2022\/05\/bep-tu-batani-eg-189b-ben-bi-300x175.jpg 300w, https:\/\/batani.vn\/wp-content\/uploads\/2022\/05\/bep-tu-batani-eg-189b-ben-bi-600x349.jpg 600w\" sizes=\"auto, (max-width: 1043px) 100vw, 1043px\" \/><strong>To\u00e0n c\u1ea3nh &#8211;\u00a0B\u1ebfp t\u1eeb Batani EG-189B &#8211; Nh\u1eadp kh\u1ea9u nguy\u00ean chi\u1ebfc t\u1eeb Malaysia<\/strong><\/p>\n<p style=\"text-align: justify;\">B\u1ebfp t\u1eeb Batani\u00a0EG-189B\u00a0kh\u00f4ng s\u1eed d\u1ee5ng l\u1eeda \u0111\u1ec3 l\u00e0m ch\u00edn th\u1ee9c \u0103n v\u00e0 d\u00f9ng n\u0103ng l\u01b0\u1ee3ng c\u1ea3m \u1ee9ng t\u1eeb, v\u00ec th\u1ebf hi\u1ec7u su\u1ea5t n\u1ea5u \u0111\u1ea1t t\u1edbi 90%, trong khi b\u1ebfp gas ch\u1ec9 \u0111\u1ea1t kho\u1ea3ng 50%. B\u1edfi v\u1eady, s\u1eed d\u1ee5ng b\u1ebfp t\u1eeb n\u00e0y kh\u00f4ng nh\u1eefng gi\u00fap b\u1ea1n ti\u1ebft ki\u1ec7m th\u1eddi gian n\u1ea5u m\u1ed9t n\u1eeda m\u00e0 c\u00f2n ti\u1ebft ki\u1ec7m \u0111i\u1ec7n n\u0103ng, ti\u1ebft ki\u1ec7m chi ph\u00ed h\u00e0ng th\u00e1ng cho gia \u0111\u00ecnh. \u01afu \u0111i\u1ec3m n\u1ed5i b\u1eadt c\u1ee7a b\u1ebfp t\u1eeb l\u00e0 kh\u1ea3 n\u0103ng \u0111un n\u1ea5u c\u1ef1c nhanh v\u1edbi nguy\u00ean l\u00fd ho\u1ea1t \u0111\u1ed9ng c\u1ee7a s\u00f3ng t\u1eeb t\u00e1c \u0111\u1ed9ng vu\u00f4ng g\u00f3c v\u1edbi \u0111\u00e1y n\u1ed3i gi\u00fap ti\u1ebft ki\u1ec7m th\u1eddi gian \u0111un n\u1ea5u \u0111\u1ebfn t\u1ed1i \u0111a.<\/p>\n<p style=\"text-align: justify;\"><strong>B\u1ebfp t\u1eeb Batani EG-189B\u00a0trang b\u1ecb nhi\u1ec1u ti\u1ec7n \u00edch h\u1eefu d\u1ee5ng gi\u00fap vi\u1ec7c n\u1ea5u \u0103n trong kh\u00f4ng gian b\u1ebfp tr\u1edf n\u00ean nhanh ch\u00f3ng v\u00e0 d\u1ec5 d\u00e0ng h\u01a1n.<\/strong><\/p>\n<p style=\"text-align: justify;\">B\u1ebfp t\u1eeb\u00a0Batani\u00a0EG-189B\u00a0\u0111\u01b0\u1ee3c t\u00edch h\u1ee3p ch\u1ee9c n\u0103ng t\u1ef1 nh\u1eadn di\u1ec7n v\u00f9ng n\u1ea5u, khi ta \u0111\u1eb7t n\u1ed3i l\u00ean 1 trong 2 v\u00f9ng n\u1ea5u sau \u0111\u00f3 \u1ea5n n\u00fat kh\u1edfi \u0111\u1ed9ng b\u1ebfp sau th\u1eddi gian 1-2 gi\u00e2y b\u1ebfp s\u1ebd t\u1ef1 \u0111\u1ed9ng t\u00ecm v\u00f9ng n\u1ea5u \u0111\u00e3 c\u00f3 n\u1ed3i, ta ch\u1ec9 vi\u1ec7c \u0111i\u1ec1u ch\u1ec9nh m\u1ee9c c\u00f4ng su\u1ea5t to nh\u1ecf theo \u00fd mu\u1ed1n m\u00e0 kh\u00f4ng ph\u1ea3i thao t\u00e1c ch\u1ecdn v\u00f9ng n\u1ea5u nh\u01b0 b\u1ebfp th\u00f4ng th\u01b0\u1eddng.\u00a0B\u1ebfp t\u1eeb\u00a0Batani\u00a0EG-189B\u00a0c\u00f3 kh\u1ea3 n\u0103ng ph\u1ea3n \u1ee9ng thay \u0111\u1ed5i c\u00f4ng su\u1ea5t theo \u0111i\u1ec1u khi\u1ec3n ngay t\u1ee9c th\u00ec, khi ng\u01b0\u1eddi d\u00f9ng \u0111i\u1ec1u ch\u1ec9nh t\u0103ng gi\u1ea3m nhi\u1ec7t \u0111\u1ed9 \u0111un n\u1ea5u, b\u1ebfp \u0111i\u1ec1u ch\u1ec9nh thay \u0111\u1ed5i t\u1ee9c th\u00ec v\u1ec1 m\u1ee9c nhi\u1ec7t \u0111\u1ed9 mong mu\u1ed1n.<\/p>\n<p style=\"text-align: justify;\"><strong>B\u1ebfp t\u1eeb Batani EG-189B &#8211; Thi\u1ebft k\u1ebf sang tr\u1ecdng cho kh\u00f4ng gian b\u1ebfp ti\u1ec7n nghi<\/strong><\/p>\n<p style=\"text-align: justify;\">B\u1ebfp t\u1eeb\u00a0Batani\u00a0EG-189B\u00a0s\u1eed d\u1ee5ng b\u1ea3ng \u0111i\u1ec1u khi\u1ec3n c\u1ea3m \u1ee9ng d\u1ea1ng\u00a0<strong>Touch Control<\/strong>\u00a0hi\u1ec7n \u0111\u1ea1i v\u1edbi 9 c\u1ea5p \u0111\u1ed9 c\u00f4ng su\u1ea5t nhi\u1ec7t \u0111\u1ed9 kh\u00e1c nhau, \u0111i\u1ec1u khi\u1ec3n d\u1ec5 d\u00e0ng b\u1eb1ng m\u1ed9t ng\u00f3n tay, m\u1ecdi ch\u01b0\u01a1ng tr\u00ecnh n\u1ea5u \u0111\u1ec1u \u0111\u01b0\u1ee3c hi\u1ec3n th\u1ecb qua \u0111\u00e8n Led s\u1eafc n\u00e9t \u0111\u1ec3 b\u1ea1n \u0111i\u1ec1u ch\u1ec9nh cho ph\u00f9 h\u1ee3p v\u1edbi c\u00e1c m\u00f3n \u0103n.<\/p>\n<p><img loading=\"lazy\" decoding=\"async\" class=\"alignnone size-full wp-image-564\" src=\"https:\/\/batani.vn\/wp-content\/uploads\/2022\/05\/bep-tu-batani-eg-189b-sang-trong.jpg\" alt=\"\" width=\"1043\" height=\"607\" srcset=\"https:\/\/batani.vn\/wp-content\/uploads\/2022\/05\/bep-tu-batani-eg-189b-sang-trong.jpg 1043w, https:\/\/batani.vn\/wp-content\/uploads\/2022\/05\/bep-tu-batani-eg-189b-sang-trong-768x447.jpg 768w, https:\/\/batani.vn\/wp-content\/uploads\/2022\/05\/bep-tu-batani-eg-189b-sang-trong-300x175.jpg 300w, https:\/\/batani.vn\/wp-content\/uploads\/2022\/05\/bep-tu-batani-eg-189b-sang-trong-600x349.jpg 600w\" sizes=\"auto, (max-width: 1043px) 100vw, 1043px\" \/><strong>B\u1ebfp t\u1eeb Batani EG-189B\u00a0thi\u1ebft k\u1ebf b\u1ea3ng \u0111i\u1ec1u khi\u1ec3n\u00a0Touch Control\u00a0\u0111\u1ed9c l\u1eadp cho t\u1eebng v\u00f9ng n\u1ea5u c\u00f9ng c\u00e1c ti\u1ec7n \u00edch \u0111\u01b0\u1ee3c c\u00e0i \u0111\u1eb7t s\u1eb5n. Si\u00eau nh\u1ea1y, d\u1ec5 d\u00e0ng s\u1eed d\u1ee5ng v\u00e0 ph\u00f9 h\u1ee3p v\u1edbi nhi\u1ec1u l\u1ee9a tu\u1ed5i.<\/strong><\/p>\n<p style=\"text-align: justify;\">Ph\u1ea7n th\u00e2n v\u1ecf c\u1ee7a\u00a0b\u1ebfp t\u1eeb\u00a0Batani EG-189B\u00a0s\u1eed d\u1ee5ng ch\u1ea5t li\u1ec7u th\u00e9p ch\u1ed1ng r\u1ec9. \u0110\u00e2y l\u00e0 ch\u1ea5t li\u1ec7u c\u00f3 kh\u1ea3 n\u0103ng ch\u1ed1ng l\u1ea1i qu\u00e1 tr\u00ecnh oxi h\u00f3a v\u00e0 r\u00f2 r\u1ec9 \u0111i\u1ec7n n\u00ean r\u1ea5t an to\u00e0n cho ng\u01b0\u1eddi s\u1eed d\u1ee5ng v\u00e0 th\u00edch h\u1ee3p v\u1edbi kh\u00ed h\u1eadu nhi\u1ec7t \u0111\u1edbi gi\u00f3 m\u00f9a t\u1ea1i Vi\u1ec7t Nam.<\/p>\n<h2 style=\"text-align: justify;\">T\u00cdNH N\u0102NG AN TO\u00c0N<\/h2>\n<p style=\"text-align: justify;\">M\u1ed9t trong nh\u1eefng \u0111i\u1ec3m thu h\u00fat c\u1ee7a b\u1ebfp t\u1eeb\u00a0Batani EG-189B\u00a0\u0111\u1ebfn ng\u01b0\u1eddi d\u00f9ng ch\u00ednh l\u00e0 b\u1ebfp \u0111\u1ea3m b\u1ea3o an to\u00e0n tuy\u1ec7t \u0111\u1ed1i. Y\u1ebfu t\u1ed1 an to\u00e0n lu\u00f4n \u0111\u01b0\u1ee3c ng\u01b0\u1eddi d\u00f9ng \u0111\u1eb7t l\u00ean h\u00e0ng \u0111\u1ea7u, do \u0111\u00f3 h\u00e3ng\u00a0<b>Batani\u00a0<\/b>t\u00edch h\u1ee3p trong s\u1ea3n ph\u1ea9m nh\u1eefng t\u00ednh n\u0103ng hi\u1ec7n \u0111\u1ea1i nh\u01b0:<\/p>\n<p style=\"text-align: justify;\"><strong>Ch\u1ee9c n\u0103ng kh\u00f3a tr\u1ebb em Child Lock:<\/strong>\u00a0Nh\u1ea5n v\u00e0 gi\u1eef ph\u00edm kh\u00f3a trong v\u00f2ng 3 gi\u00e2y \u0111\u1ec3 k\u00edch ho\u1ea1t kh\u00f3a tr\u1ebb em, c\u00e1c ph\u00edm kh\u00e1c s\u1ebd kh\u00f4ng s\u1eed d\u1ee5ng \u0111\u01b0\u1ee3c (tr\u1eeb ph\u00edm ngu\u1ed3n), \u0111\u1ec3 m\u1edf kh\u00f3a nh\u1ea5n v\u00e0 gi\u1eef ph\u00edm kh\u00f3a 3 gi\u00e2y \u0111\u1ec3 m\u1edf l\u1ea1i. Ch\u1ee9c n\u0103ng n\u00e0y \u0111\u1ec3 b\u1ea3o v\u1ec7 ho\u1ea1t \u0111\u1ed9ng c\u1ee7a b\u1ebfp tr\u01b0\u1edbc c\u00e1c ho\u1ea1t \u0111\u1ed9ng v\u00f4 t\u00ecnh b\u1ea5m ph\u00edm c\u1ee7a tr\u1ebb em trong qu\u00e1 tr\u00ecnh n\u1ea5u.<\/p>\n<p style=\"text-align: justify;\"><strong>Ch\u1ee9c n\u0103ng ch\u1ed1ng tr\u00e0o n\u01b0\u1edbc Water overflow:<\/strong>\u00a0Khi c\u00f3 n\u01b0\u1edbc s\u00f4i v\u00f4 t\u00ecnh tr\u00e0n trong khi n\u1ea5u, n\u01b0\u1edbc tr\u00e0n \u0111\u1ebfn khu v\u1ef1c b\u00e0n ph\u00edm \u0111i\u1ec1u khi\u1ec3n, sau kho\u1ea3ng 3-5 gi\u00e2y b\u1ebfp s\u1ebd t\u1ef1 \u0111\u1ed9ng ng\u1eebng ho\u1ea1t \u0111\u1ed9ng \u0111\u1ec3 \u0111\u1ea3m b\u1ea3o an to\u00e0n.<\/p>\n<p style=\"text-align: justify;\"><strong>Ch\u1ee9c n\u0103ng t\u1ef1 \u0111\u1ed9ng t\u1eaft b\u1ebfp khi kh\u00f4ng c\u00f3 n\u1ed3i:<\/strong>\u00a0Trong qu\u00e1 tr\u00ecnh \u0111un n\u1ea5u, n\u1ebfu n\u1ed3i b\u1ecb nh\u1ea5c ra kh\u1ecfi v\u00f9ng n\u1ea5u c\u1ee7a b\u1ebfp th\u00ec b\u1ebfp c\u0169ng s\u1ebd t\u1ef1 ng\u1eaft c\u00f4ng su\u1ea5t v\u00e0 kh\u00f4ng \u0111un n\u1ea5u cho v\u00f9ng n\u1ea5u \u0111\u00f3, m\u00e0n h\u00ecnh hi\u1ec3n th\u1ecb ch\u1eef\u00a0<strong>U<\/strong>\u00a0\u0111\u1ec3 c\u1ea3nh b\u00e1o cho ng\u01b0\u1eddi d\u00f9ng.<\/p>\n<p style=\"text-align: justify;\"><strong>H\u1eb9n gi\u1edd gi\u1edbi h\u1ea1n th\u1eddi gian ho\u1ea1t \u0111\u1ed9ng:<\/strong>\u00a0B\u1ebfp t\u1eeb\u00a0Batani EG-189B\u00a0c\u00f3 kh\u1ea3 n\u0103ng h\u1eb9n gi\u1edd \u0111\u1ed9c l\u1eadp t\u1eebng v\u00f9ng n\u1ea5u, ng\u01b0\u1eddi d\u00f9ng c\u00f3 th\u1ec3 d\u1ec5 d\u00e0ng thi\u1ebft l\u1eadp th\u1eddi gian \u0111un n\u1ea5u, b\u1ebfp s\u1ebd t\u01b0 \u0111\u1ed9ng ng\u1eaft khi h\u1ebft th\u1eddi gian \u0111\u00e3 \u0111\u01b0\u1ee3c c\u00e0i \u0111\u1eb7t<\/p>\n<p style=\"text-align: justify;\"><strong>B\u1ea3o v\u1ec7 qu\u00e1 nhi\u1ec7t (c\u1ea3m bi\u1ebfn nhi\u1ec7t \u0111\u1ed9 t\u00edch h\u1ee3p trong t\u1eebng v\u00f9ng n\u1ea5u):\u00a0<\/strong>B\u1ebfp t\u1eeb Batani\u00a0EG-189B\u00a0\u0111\u01b0\u1ee3c thi\u1ebft k\u1ebf c\u1ea3m bi\u1ebfn nhi\u1ec7t \u0111\u1ed9 d\u01b0\u1edbi m\u1ed7i v\u00f9ng n\u1ea5u, khi c\u00f3 hi\u1ec7n t\u01b0\u1ee3ng qu\u00e1 nhi\u1ec7t ( n\u1ed3i \u0111un b\u1ecb c\u1ea1n, ch\u00e1y,.. ) b\u1ebfp s\u1ebd ch\u1ee7 \u0111\u1ed9ng ng\u1eaft c\u00f4ng su\u1ea5t \u0111\u1ec3 \u0111\u1ea3m b\u1ea3o an to\u00e0n cho thi\u1ebft b\u1ecb c\u0169ng nh\u01b0 \u0111\u1ea3m b\u1ea3o kh\u00f4ng s\u1ef1 c\u1ed1 \u0111\u00e1ng ti\u1ebfc x\u1ea3y ra.<\/p>\n<p style=\"text-align: justify;\"><strong>Ch\u1ec9 b\u00e1o nhi\u1ec7t d\u01b0 \u201cH\u201d \u0111\u01b0\u1ee3c hi\u1ec3n th\u1ecb cho t\u1eebng v\u00f9ng n\u1ea5u c\u00f2n n\u00f3ng:<\/strong>\u00a0B\u1ebfp s\u1ebd c\u1ea3nh b\u00e1o b\u1eb1ng ch\u1eef\u00a0<strong>\u201cH\u201d<\/strong>\u00a0nh\u1ea5p nh\u00e1y khi v\u00f9ng n\u1ea5u c\u00f2n n\u00f3ng nhi\u1ec7t \u0111\u1ed9 tr\u00ean\u00a0<strong>65\u00baC<\/strong>\u00a0sau khi \u0111un, ch\u1eef\u00a0<strong>\u201cH\u201d<\/strong>\u00a0s\u1ebd t\u1ef1 m\u1ea5t \u0111i khi m\u1eb7t b\u1ebfp \u0111\u00e3 \u0111\u01b0\u1ee3c t\u1ea3n gi\u1ea3m xu\u1ed1ng d\u01b0\u1edbi\u00a0<strong>60\u00baC<\/strong>\u00a0kh\u00f4ng c\u00f2n nguy hi\u1ec3m.<\/p>\n","protected":false},"excerpt":{"rendered":"<div class=\"acf-label\">\n<p class=\"pd-info__title mb-1\" style=\"text-align: justify;\">B\u1ebfp t\u1eeb Batani EG-189B: Nh\u1eadp kh\u1ea9u nguy\u00ean chi\u1ebfc Malaysia<\/p>\n<p style=\"text-align: justify;\">Linh ki\u1ec7n v\u00e0 c\u00f4ng ngh\u1ec7 Italia Thi\u1ebft k\u1ebf sang tr\u1ecdng, h\u1ec7 \u0111i\u1ec1u khi\u1ec3n c\u1ea3m \u1ee9ng si\u00eau nh\u1ea1y, an to\u00e0n, b\u1ec1n b\u1ec9 v\u00e0 ti\u1ebft ki\u1ec7m \u0111i\u1ec7n n\u0103ng.<\/p>\n<p style=\"text-align: justify;\">B\u1ea3o h\u00e0nh: 24 th\u00e1ng<\/p>\n<p style=\"text-align: justify;\"><img loading=\"lazy\" decoding=\"async\" class=\" wp-image-96 alignleft\" src=\"https:\/\/batani.vn\/wp-content\/uploads\/2022\/05\/z3393878020210_ad12378d36ecff590de47e264835bb9d.jpg\" alt=\"\" width=\"600\" height=\"315\" srcset=\"https:\/\/batani.vn\/wp-content\/uploads\/2022\/05\/z3393878020210_ad12378d36ecff590de47e264835bb9d.jpg 600w, https:\/\/batani.vn\/wp-content\/uploads\/2022\/05\/z3393878020210_ad12378d36ecff590de47e264835bb9d-300x158.jpg 300w\" sizes=\"auto, (max-width: 600px) 100vw, 600px\" \/><\/p>\n<\/div>\n","protected":false},"featured_media":305,"comment_status":"open","ping_status":"closed","template":"","meta":[],"product_cat":[21],"product_tag":[],"class_list":{"0":"post-231","1":"product","2":"type-product","3":"status-publish","4":"has-post-thumbnail","6":"product_cat-bep-tu","8":"first","9":"instock","10":"shipping-taxable","11":"purchasable","12":"product-type-simple"},"yoast_head":"<!-- This site is optimized with the Yoast SEO plugin v18.8 - https:\/\/yoast.com\/wordpress\/plugins\/seo\/ -->\n<title>B\u1ebfp t\u1eeb Batani EG-189B - Batani<\/title>\n<meta name=\"robots\" content=\"index, follow, max-snippet:-1, max-image-preview:large, max-video-preview:-1\" \/>\n<link rel=\"canonical\" href=\"https:\/\/batani.vn\/?product=bep-tu-batani-eg-189b\" \/>\n<meta property=\"og:locale\" content=\"vi_VN\" \/>\n<meta property=\"og:type\" content=\"article\" \/>\n<meta property=\"og:title\" content=\"B\u1ebfp t\u1eeb Batani EG-189B - Batani\" \/>\n<meta property=\"og:description\" content=\"B\u1ebfp t\u1eeb Batani EG-189B: Nh\u1eadp kh\u1ea9u nguy\u00ean chi\u1ebfc Malaysia Linh ki\u1ec7n v\u00e0 c\u00f4ng ngh\u1ec7 Italia Thi\u1ebft k\u1ebf sang tr\u1ecdng, h\u1ec7 \u0111i\u1ec1u khi\u1ec3n c\u1ea3m \u1ee9ng si\u00eau nh\u1ea1y, an to\u00e0n, b\u1ec1n b\u1ec9 v\u00e0 ti\u1ebft ki\u1ec7m \u0111i\u1ec7n n\u0103ng. B\u1ea3o h\u00e0nh: 24 th\u00e1ng\" \/>\n<meta property=\"og:url\" content=\"https:\/\/batani.vn\/?product=bep-tu-batani-eg-189b\" \/>\n<meta property=\"og:site_name\" content=\"Batani\" \/>\n<meta property=\"article:modified_time\" content=\"2022-11-21T07:09:11+00:00\" \/>\n<meta property=\"og:image\" content=\"https:\/\/batani.vn\/wp-content\/uploads\/2022\/05\/batani-eg-189b.jpg\" \/>\n\t<meta property=\"og:image:width\" content=\"1043\" \/>\n\t<meta property=\"og:image:height\" content=\"607\" \/>\n\t<meta property=\"og:image:type\" content=\"image\/jpeg\" \/>\n<meta name=\"twitter:card\" content=\"summary_large_image\" \/>\n<meta name=\"twitter:label1\" content=\"\u01af\u1edbc t\u00ednh th\u1eddi gian \u0111\u1ecdc\" \/>\n\t<meta name=\"twitter:data1\" content=\"8 ph\u00fat\" \/>\n<script type=\"application\/ld+json\" class=\"yoast-schema-graph\">{\"@context\":\"https:\/\/schema.org\",\"@graph\":[{\"@type\":\"WebSite\",\"@id\":\"https:\/\/batani.vn\/#website\",\"url\":\"https:\/\/batani.vn\/\",\"name\":\"Batani\",\"description\":\"Thi\u1ebft b\u1ecb nh\u00e0 b\u1ebfp cao c\u1ea5p Batani\",\"potentialAction\":[{\"@type\":\"SearchAction\",\"target\":{\"@type\":\"EntryPoint\",\"urlTemplate\":\"https:\/\/batani.vn\/?s={search_term_string}\"},\"query-input\":\"required name=search_term_string\"}],\"inLanguage\":\"vi\"},{\"@type\":\"ImageObject\",\"inLanguage\":\"vi\",\"@id\":\"https:\/\/batani.vn\/?product=bep-tu-batani-eg-189b#primaryimage\",\"url\":\"https:\/\/batani.vn\/wp-content\/uploads\/2022\/05\/batani-eg-189b.jpg\",\"contentUrl\":\"https:\/\/batani.vn\/wp-content\/uploads\/2022\/05\/batani-eg-189b.jpg\",\"width\":1043,\"height\":607},{\"@type\":\"WebPage\",\"@id\":\"https:\/\/batani.vn\/?product=bep-tu-batani-eg-189b#webpage\",\"url\":\"https:\/\/batani.vn\/?product=bep-tu-batani-eg-189b\",\"name\":\"B\u1ebfp t\u1eeb Batani EG-189B - Batani\",\"isPartOf\":{\"@id\":\"https:\/\/batani.vn\/#website\"},\"primaryImageOfPage\":{\"@id\":\"https:\/\/batani.vn\/?product=bep-tu-batani-eg-189b#primaryimage\"},\"datePublished\":\"2022-05-16T06:20:55+00:00\",\"dateModified\":\"2022-11-21T07:09:11+00:00\",\"breadcrumb\":{\"@id\":\"https:\/\/batani.vn\/?product=bep-tu-batani-eg-189b#breadcrumb\"},\"inLanguage\":\"vi\",\"potentialAction\":[{\"@type\":\"ReadAction\",\"target\":[\"https:\/\/batani.vn\/?product=bep-tu-batani-eg-189b\"]}]},{\"@type\":\"BreadcrumbList\",\"@id\":\"https:\/\/batani.vn\/?product=bep-tu-batani-eg-189b#breadcrumb\",\"itemListElement\":[{\"@type\":\"ListItem\",\"position\":1,\"name\":\"Trang ch\u1ee7\",\"item\":\"https:\/\/batani.vn\/\"},{\"@type\":\"ListItem\",\"position\":2,\"name\":\"C\u1eeda h\u00e0ng\",\"item\":\"https:\/\/batani.vn\/?page_id=6\"},{\"@type\":\"ListItem\",\"position\":3,\"name\":\"B\u1ebfp t\u1eeb Batani EG-189B\"}]}]}<\/script>\n<!-- \/ Yoast SEO plugin. -->","yoast_head_json":{"title":"B\u1ebfp t\u1eeb Batani EG-189B - Batani","robots":{"index":"index","follow":"follow","max-snippet":"max-snippet:-1","max-image-preview":"max-image-preview:large","max-video-preview":"max-video-preview:-1"},"canonical":"https:\/\/batani.vn\/?product=bep-tu-batani-eg-189b","og_locale":"vi_VN","og_type":"article","og_title":"B\u1ebfp t\u1eeb Batani EG-189B - Batani","og_description":"B\u1ebfp t\u1eeb Batani EG-189B: Nh\u1eadp kh\u1ea9u nguy\u00ean chi\u1ebfc Malaysia Linh ki\u1ec7n v\u00e0 c\u00f4ng ngh\u1ec7 Italia Thi\u1ebft k\u1ebf sang tr\u1ecdng, h\u1ec7 \u0111i\u1ec1u khi\u1ec3n c\u1ea3m \u1ee9ng si\u00eau nh\u1ea1y, an to\u00e0n, b\u1ec1n b\u1ec9 v\u00e0 ti\u1ebft ki\u1ec7m \u0111i\u1ec7n n\u0103ng. B\u1ea3o h\u00e0nh: 24 th\u00e1ng","og_url":"https:\/\/batani.vn\/?product=bep-tu-batani-eg-189b","og_site_name":"Batani","article_modified_time":"2022-11-21T07:09:11+00:00","og_image":[{"width":1043,"height":607,"url":"https:\/\/batani.vn\/wp-content\/uploads\/2022\/05\/batani-eg-189b.jpg","type":"image\/jpeg"}],"twitter_card":"summary_large_image","twitter_misc":{"\u01af\u1edbc t\u00ednh th\u1eddi gian \u0111\u1ecdc":"8 ph\u00fat"},"schema":{"@context":"https:\/\/schema.org","@graph":[{"@type":"WebSite","@id":"https:\/\/batani.vn\/#website","url":"https:\/\/batani.vn\/","name":"Batani","description":"Thi\u1ebft b\u1ecb nh\u00e0 b\u1ebfp cao c\u1ea5p Batani","potentialAction":[{"@type":"SearchAction","target":{"@type":"EntryPoint","urlTemplate":"https:\/\/batani.vn\/?s={search_term_string}"},"query-input":"required name=search_term_string"}],"inLanguage":"vi"},{"@type":"ImageObject","inLanguage":"vi","@id":"https:\/\/batani.vn\/?product=bep-tu-batani-eg-189b#primaryimage","url":"https:\/\/batani.vn\/wp-content\/uploads\/2022\/05\/batani-eg-189b.jpg","contentUrl":"https:\/\/batani.vn\/wp-content\/uploads\/2022\/05\/batani-eg-189b.jpg","width":1043,"height":607},{"@type":"WebPage","@id":"https:\/\/batani.vn\/?product=bep-tu-batani-eg-189b#webpage","url":"https:\/\/batani.vn\/?product=bep-tu-batani-eg-189b","name":"B\u1ebfp t\u1eeb Batani EG-189B - Batani","isPartOf":{"@id":"https:\/\/batani.vn\/#website"},"primaryImageOfPage":{"@id":"https:\/\/batani.vn\/?product=bep-tu-batani-eg-189b#primaryimage"},"datePublished":"2022-05-16T06:20:55+00:00","dateModified":"2022-11-21T07:09:11+00:00","breadcrumb":{"@id":"https:\/\/batani.vn\/?product=bep-tu-batani-eg-189b#breadcrumb"},"inLanguage":"vi","potentialAction":[{"@type":"ReadAction","target":["https:\/\/batani.vn\/?product=bep-tu-batani-eg-189b"]}]},{"@type":"BreadcrumbList","@id":"https:\/\/batani.vn\/?product=bep-tu-batani-eg-189b#breadcrumb","itemListElement":[{"@type":"ListItem","position":1,"name":"Trang ch\u1ee7","item":"https:\/\/batani.vn\/"},{"@type":"ListItem","position":2,"name":"C\u1eeda h\u00e0ng","item":"https:\/\/batani.vn\/?page_id=6"},{"@type":"ListItem","position":3,"name":"B\u1ebfp t\u1eeb Batani EG-189B"}]}]}},"_links":{"self":[{"href":"https:\/\/batani.vn\/index.php?rest_route=\/wp\/v2\/product\/231","targetHints":{"allow":["GET"]}}],"collection":[{"href":"https:\/\/batani.vn\/index.php?rest_route=\/wp\/v2\/product"}],"about":[{"href":"https:\/\/batani.vn\/index.php?rest_route=\/wp\/v2\/types\/product"}],"replies":[{"embeddable":true,"href":"https:\/\/batani.vn\/index.php?rest_route=%2Fwp%2Fv2%2Fcomments&post=231"}],"wp:featuredmedia":[{"embeddable":true,"href":"https:\/\/batani.vn\/index.php?rest_route=\/wp\/v2\/media\/305"}],"wp:attachment":[{"href":"https:\/\/batani.vn\/index.php?rest_route=%2Fwp%2Fv2%2Fmedia&parent=231"}],"wp:term":[{"taxonomy":"product_cat","embeddable":true,"href":"https:\/\/batani.vn\/index.php?rest_route=%2Fwp%2Fv2%2Fproduct_cat&post=231"},{"taxonomy":"product_tag","embeddable":true,"href":"https:\/\/batani.vn\/index.php?rest_route=%2Fwp%2Fv2%2Fproduct_tag&post=231"}],"curies":[{"name":"wp","href":"https:\/\/api.w.org\/{rel}","templated":true}]}}