{"id":128,"date":"2022-05-14T10:18:07","date_gmt":"2022-05-14T10:18:07","guid":{"rendered":"https:\/\/batani.vn\/?page_id=128"},"modified":"2022-05-14T10:21:41","modified_gmt":"2022-05-14T10:21:41","slug":"gioi-thieu","status":"publish","type":"page","link":"https:\/\/batani.vn\/?page_id=128","title":{"rendered":"Gi\u1edbi thi\u1ec7u"},"content":{"rendered":"<div class=\"row\"  id=\"row-1850797970\">\n\n\t<div id=\"col-1811239029\" class=\"col small-12 large-12\"  >\n\t\t\t\t<div class=\"col-inner\"  >\n\t\t\t\n\t\t\t\n<h3 style=\"text-align: center;\">GI\u1edaI THI\u1ec6U<\/h3>\n<p style=\"font-weight: 400;\"><b><strong>Gi\u1edbi thi\u1ec7u chung v\u1ec1 Batani<\/strong><\/b><\/p>\n<p style=\"font-weight: 400;\">C\u00f4ng ty c\u1ed5 ph\u1ea7n Batani<b><strong>\u00a0<\/strong><\/b>Vi\u1ec7t Nam \u2013 nh\u00e0 ph\u00e2n ph\u1ed1i c\u00e1c s\u1ea3n ph\u1ea9m thi\u1ebft b\u1ecb b\u1ebfp nh\u1eadp kh\u1ea9u Ch\u00e2u \u00c2u. V\u1edbi h\u01a1n 10 n\u0103m kinh nghi\u1ec7m, l\u1ea5y s\u1ef1 h\u00e0i l\u00f2ng c\u1ee7a kh\u00e1ch h\u00e0ng l\u00e0 \u0111\u1ecbnh h\u01b0\u1edbng ph\u00e1t tri\u1ec3n l\u00e2u d\u00e0i. V\u1edbi mong mu\u1ed1n mang \u0111\u1ebfn c\u0103n b\u1ebfp hi\u1ec7n \u0111\u1ea1i v\u00e0 th\u00f4ng minh, t\u1ea1o n\u00ean cu\u1ed9c s\u1ed1ng ti\u1ec7n nghi cho m\u1ecdi gia \u0111\u00ecnh Vi\u1ec7t.<\/p>\n<p style=\"font-weight: 400;\"><b><strong>Tri\u1ebft l\u00fd ho\u1ea1t \u0111\u1ed9ng<\/strong><\/b><\/p>\n<p style=\"font-weight: 400;\"><i>S\u1ee9 m\u1ec7nh:<\/i> T\u00f4n ch\u1ec9 ho\u1ea1t \u0111\u1ed9ng c\u1ee7a ch\u00fang t\u00f4i l\u00e0 to\u00e0n di\u1ec7n m\u1ed7i ng\u00e0y, t\u1eeb ch\u1ea5t l\u01b0\u1ee3ng s\u1ea3n ph\u1ea9m t\u1edbi tr\u1ea3i nghi\u1ec7m d\u1ecbch v\u1ee5 c\u1ee7a kh\u00e1ch h\u00e0ng, lu\u00f4n ti\u00ean phong c\u00f4ng ngh\u1ec7, d\u1eabn \u0111\u1ea7u xu h\u01b0\u1edbng v\u00e0 \u0111\u01b0a gi\u00e1 tr\u1ecb th\u1ef1c t\u1edbi tay ng\u01b0\u1eddi d\u00f9ng. \u0110\u1ec3 m\u1ed7i s\u1ea3n ph\u1ea9m \u0111\u01b0\u1ee3c chuy\u1ec3n \u0111\u1ebfn t\u1eebng c\u0103n b\u1ebfp s\u1ebd mang l\u1ea1i s\u1ef1 ti\u1ec7n nghi h\u1eefu \u00edch v\u00e0 ni\u1ec1m vui cho ng\u01b0\u1eddi v\u00e0o b\u1ebfp, m\u1ed9t h\u1ea1nh ph\u00fac th\u1ed5i b\u1eebng c\u0103n b\u1ebfp nh\u1ecf.\u00a0<\/p>\n<p style=\"font-weight: 400;\"><i>T\u1ea7m nh\u00ecn:<\/i> V\u1edbi \u0111\u1ecbnh h\u01b0\u1edbng ph\u00e1t tri\u1ec3n tr\u1edf th\u00e0nh m\u1ed9t c\u00f4ng ty l\u1edbn m\u1ea1nh, m\u1ed9t nh\u00e0 cung c\u1ea5p thi\u1ebft b\u1ecb v\u00e0 gia d\u1ee5ng h\u00e0ng \u0111\u1ea7u t\u1ea1i Vi\u1ec7t Nam, Batani lu\u00f4n tin r\u1eb1ng s\u1ef1 tin y\u00eau c\u1ee7a kh\u00e1ch h\u00e0ng ch\u00ednh l\u00e0 y\u1ebfu t\u1ed1 quy\u1ebft \u0111\u1ecbnh c\u1ee7a b\u1ea5t k\u1ef3 doanh nghi\u1ec7p n\u00e0o. V\u1edbi n\u1ec1n t\u1ea3ng l\u1ea5y s\u1ef1 h\u00e0i l\u00f2ng c\u1ee7a kh\u00e1ch h\u00e0ng l\u00e0 \u0111\u1ecbnh h\u01b0\u1edbng ph\u00e1t tri\u1ec3n l\u00e2u d\u00e0i.<\/p>\n<p style=\"font-weight: 400;\"><i>Gi\u00e1 tr\u1ecb c\u1ed1t l\u00f5i:<\/i> V\u1edbi ph\u01b0\u01a1ng ch\u00e2m chinh ph\u1ee5c Kh\u00e1ch h\u00e0ng b\u1edfi s\u1ef1 t\u1eadn t\u00e2m \u2013 G\u00e2y d\u1ef1ng ni\u1ec1m tin b\u1edfi s\u1ef1 uy t\u00edn \u2013 C\u1ea7u to\u00e0n \u0111\u1ec3 cung c\u1ea5p nh\u1eefng s\u1ea3n ph\u1ea9m, d\u1ecbch v\u1ee5, ch\u1ea5t l\u01b0\u1ee3ng t\u1ed1t nh\u1ea5t! \u2013 Coi tr\u1ecdng d\u1ecbch v\u1ee5 ch\u0103m s\u00f3c kh\u00e1ch h\u00e0ng l\u00ean h\u00e0ng \u0111\u1ea7u.\u00a0<\/p>\n<p style=\"font-weight: 400;\">V\u1edbi \u0111\u1ed9i ng\u0169 nh\u00e2n s\u1ef1 chuy\u00ean nghi\u1ec7p v\u00e0 \u0111\u01b0\u1ee3c \u0111\u00e0o t\u1ea1o chuy\u00ean s\u00e2u, v\u1edbi chi\u1ebfn l\u01b0\u1ee3c d\u1ecbch v\u1ee5 kh\u00e1ch h\u00e0ng uy t\u00edn, t\u1eadn t\u00ecnh. Batani \u0111em t\u1edbi ni\u1ec1m vui v\u00e0 s\u1ef1 th\u1ecfa m\u00e3n cho h\u00e0ng tri\u1ec7u ng\u01b0\u1eddi ti\u00eau d\u00f9ng kh\u1eafp n\u01a1i trong c\u1ea3 n\u01b0\u1edbc.<\/p>\n\t\t<\/div>\n\t\t\t\t\t<\/div>\n\n\t\n<\/div>\n","protected":false},"excerpt":{"rendered":"","protected":false},"author":1,"featured_media":0,"parent":0,"menu_order":0,"comment_status":"closed","ping_status":"closed","template":"","meta":{"footnotes":""},"class_list":["post-128","page","type-page","status-publish","hentry"],"yoast_head":"<!-- This site is optimized with the Yoast SEO plugin v18.8 - https:\/\/yoast.com\/wordpress\/plugins\/seo\/ -->\n<title>Gi\u1edbi thi\u1ec7u - Batani<\/title>\n<meta name=\"robots\" content=\"index, follow, max-snippet:-1, max-image-preview:large, max-video-preview:-1\" \/>\n<link rel=\"canonical\" href=\"https:\/\/batani.vn\/?page_id=128\" \/>\n<meta property=\"og:locale\" content=\"vi_VN\" \/>\n<meta property=\"og:type\" content=\"article\" \/>\n<meta property=\"og:title\" content=\"Gi\u1edbi thi\u1ec7u - Batani\" \/>\n<meta property=\"og:url\" content=\"https:\/\/batani.vn\/?page_id=128\" \/>\n<meta property=\"og:site_name\" content=\"Batani\" \/>\n<meta property=\"article:modified_time\" content=\"2022-05-14T10:21:41+00:00\" \/>\n<meta name=\"twitter:card\" content=\"summary_large_image\" \/>\n<meta name=\"twitter:label1\" content=\"\u01af\u1edbc t\u00ednh th\u1eddi gian \u0111\u1ecdc\" \/>\n\t<meta name=\"twitter:data1\" content=\"3 ph\u00fat\" \/>\n<script type=\"application\/ld+json\" class=\"yoast-schema-graph\">{\"@context\":\"https:\/\/schema.org\",\"@graph\":[{\"@type\":\"WebSite\",\"@id\":\"https:\/\/batani.vn\/#website\",\"url\":\"https:\/\/batani.vn\/\",\"name\":\"Batani\",\"description\":\"Thi\u1ebft b\u1ecb nh\u00e0 b\u1ebfp cao c\u1ea5p Batani\",\"potentialAction\":[{\"@type\":\"SearchAction\",\"target\":{\"@type\":\"EntryPoint\",\"urlTemplate\":\"https:\/\/batani.vn\/?s={search_term_string}\"},\"query-input\":\"required name=search_term_string\"}],\"inLanguage\":\"vi\"},{\"@type\":\"WebPage\",\"@id\":\"https:\/\/batani.vn\/?page_id=128#webpage\",\"url\":\"https:\/\/batani.vn\/?page_id=128\",\"name\":\"Gi\u1edbi thi\u1ec7u - Batani\",\"isPartOf\":{\"@id\":\"https:\/\/batani.vn\/#website\"},\"datePublished\":\"2022-05-14T10:18:07+00:00\",\"dateModified\":\"2022-05-14T10:21:41+00:00\",\"breadcrumb\":{\"@id\":\"https:\/\/batani.vn\/?page_id=128#breadcrumb\"},\"inLanguage\":\"vi\",\"potentialAction\":[{\"@type\":\"ReadAction\",\"target\":[\"https:\/\/batani.vn\/?page_id=128\"]}]},{\"@type\":\"BreadcrumbList\",\"@id\":\"https:\/\/batani.vn\/?page_id=128#breadcrumb\",\"itemListElement\":[{\"@type\":\"ListItem\",\"position\":1,\"name\":\"Trang ch\u1ee7\",\"item\":\"https:\/\/batani.vn\/\"},{\"@type\":\"ListItem\",\"position\":2,\"name\":\"Gi\u1edbi thi\u1ec7u\"}]}]}<\/script>\n<!-- \/ Yoast SEO plugin. -->","yoast_head_json":{"title":"Gi\u1edbi thi\u1ec7u - Batani","robots":{"index":"index","follow":"follow","max-snippet":"max-snippet:-1","max-image-preview":"max-image-preview:large","max-video-preview":"max-video-preview:-1"},"canonical":"https:\/\/batani.vn\/?page_id=128","og_locale":"vi_VN","og_type":"article","og_title":"Gi\u1edbi thi\u1ec7u - Batani","og_url":"https:\/\/batani.vn\/?page_id=128","og_site_name":"Batani","article_modified_time":"2022-05-14T10:21:41+00:00","twitter_card":"summary_large_image","twitter_misc":{"\u01af\u1edbc t\u00ednh th\u1eddi gian \u0111\u1ecdc":"3 ph\u00fat"},"schema":{"@context":"https:\/\/schema.org","@graph":[{"@type":"WebSite","@id":"https:\/\/batani.vn\/#website","url":"https:\/\/batani.vn\/","name":"Batani","description":"Thi\u1ebft b\u1ecb nh\u00e0 b\u1ebfp cao c\u1ea5p Batani","potentialAction":[{"@type":"SearchAction","target":{"@type":"EntryPoint","urlTemplate":"https:\/\/batani.vn\/?s={search_term_string}"},"query-input":"required name=search_term_string"}],"inLanguage":"vi"},{"@type":"WebPage","@id":"https:\/\/batani.vn\/?page_id=128#webpage","url":"https:\/\/batani.vn\/?page_id=128","name":"Gi\u1edbi thi\u1ec7u - Batani","isPartOf":{"@id":"https:\/\/batani.vn\/#website"},"datePublished":"2022-05-14T10:18:07+00:00","dateModified":"2022-05-14T10:21:41+00:00","breadcrumb":{"@id":"https:\/\/batani.vn\/?page_id=128#breadcrumb"},"inLanguage":"vi","potentialAction":[{"@type":"ReadAction","target":["https:\/\/batani.vn\/?page_id=128"]}]},{"@type":"BreadcrumbList","@id":"https:\/\/batani.vn\/?page_id=128#breadcrumb","itemListElement":[{"@type":"ListItem","position":1,"name":"Trang ch\u1ee7","item":"https:\/\/batani.vn\/"},{"@type":"ListItem","position":2,"name":"Gi\u1edbi thi\u1ec7u"}]}]}},"_links":{"self":[{"href":"https:\/\/batani.vn\/index.php?rest_route=\/wp\/v2\/pages\/128","targetHints":{"allow":["GET"]}}],"collection":[{"href":"https:\/\/batani.vn\/index.php?rest_route=\/wp\/v2\/pages"}],"about":[{"href":"https:\/\/batani.vn\/index.php?rest_route=\/wp\/v2\/types\/page"}],"author":[{"embeddable":true,"href":"https:\/\/batani.vn\/index.php?rest_route=\/wp\/v2\/users\/1"}],"replies":[{"embeddable":true,"href":"https:\/\/batani.vn\/index.php?rest_route=%2Fwp%2Fv2%2Fcomments&post=128"}],"version-history":[{"count":4,"href":"https:\/\/batani.vn\/index.php?rest_route=\/wp\/v2\/pages\/128\/revisions"}],"predecessor-version":[{"id":133,"href":"https:\/\/batani.vn\/index.php?rest_route=\/wp\/v2\/pages\/128\/revisions\/133"}],"wp:attachment":[{"href":"https:\/\/batani.vn\/index.php?rest_route=%2Fwp%2Fv2%2Fmedia&parent=128"}],"curies":[{"name":"wp","href":"https:\/\/api.w.org\/{rel}","templated":true}]}}